{"id":1606,"date":"2024-01-19T13:04:48","date_gmt":"2024-01-19T10:04:48","guid":{"rendered":"https:\/\/ambatene.esteri.it\/?page_id=1606"},"modified":"2026-01-05T15:37:56","modified_gmt":"2026-01-05T12:37:56","slug":"passaporto-per-minorenni","status":"publish","type":"page","link":"https:\/\/ambatene.esteri.it\/it\/servizi-consolari-e-visti\/servizi-per-il-cittadino-italiano\/documenti-di-viaggio\/passaporto-per-minorenni\/","title":{"rendered":"Passaporto per minorenni"},"content":{"rendered":"<p style=\"text-align: justify;\">A seguito dell\u2019entrata in vigore del\u00a0<strong><a href=\"https:\/\/www.normattiva.it\/atto\/caricaDettaglioAtto?atto.dataPubblicazioneGazzetta=2009-11-24&amp;atto.codiceRedazionale=009G0180&amp;atto.articolo.numero=0&amp;atto.articolo.sottoArticolo=1&amp;atto.articolo.sottoArticolo1=0&amp;qId=&amp;tabID=0.08507258640333015&amp;title=lbl.dettaglioAtto\">D.L. n. 135\/2009, convertito in Legge n. 166\/2009<\/a><\/strong>, che all\u2019art. 20<em>ter<\/em> ha apportato modifiche alla\u00a0<strong><a href=\"https:\/\/www.normattiva.it\/atto\/caricaDettaglioAtto?atto.dataPubblicazioneGazzetta=1967-12-18&amp;atto.codiceRedazionale=067U1185&amp;atto.articolo.numero=0&amp;atto.articolo.sottoArticolo=1&amp;atto.articolo.sottoArticolo1=10&amp;qId=\">Legge n. 1185\/1967<\/a><\/strong>,\u00a0<strong>non \u00e8 pi\u00f9 possibile iscrivere i figli minori sul passaporto dei genitori<\/strong>.<\/p>\n<p style=\"text-align: justify;\">Pertanto, <strong>a partire dal 26 giugno 2012, i minori devono essere in possesso di passaporto individuale<\/strong> oppure, <strong>qualora gli Stati attraversati ne riconoscano<\/strong> la validit\u00e0, <strong>di carta d&#8217;identit\u00e0 valida per l&#8217;espatrio<\/strong>.<\/p>\n<p style=\"text-align: justify;\">La validit\u00e0 temporale del passaporto per i minorenni \u00e8 differenziata in base all&#8217;et\u00e0:<\/p>\n<ul>\n<li style=\"text-align: justify;\"><strong>tre anni<\/strong> per i minori da 0 a 3 anni,<\/li>\n<li style=\"text-align: justify;\"><strong>cinque anni<\/strong>\u00a0per i minori da 3 a 18 anni.<\/li>\n<\/ul>\n<p style=\"text-align: justify;\"><strong>Per i minori che hanno meno di 12 anni <u>non<\/u> \u00e8 prevista la rilevazione delle impronte digitali e l&#8217;apposizione della firma.<\/strong><\/p>\n<p style=\"text-align: justify;\"><strong>La domanda pu\u00f2 essere presentata:<\/strong><\/p>\n<ul style=\"text-align: justify;\">\n<li><strong>personalmente, con la presenza di almeno uno dei due genitori e del minore, presso la Cancelleria Consolare di Atene\u00a0<\/strong>(Patriarchou Ioakeim, 38 \u2013 106 75 Kolonaki\u2013Atene),\u00a0<strong>previa prenotazione dell\u2019appuntamento\u00a0<\/strong>esclusivamente tramite il servizio \u201c<a href=\"https:\/\/prenotami.esteri.it\/\"><strong>Prenot@mi<\/strong><\/a>\u201d. In questo caso le impronte e la firma, se previste, verranno apposte contestualmente alla presentazione della richiesta;<\/li>\n<li><strong>personalmente, con la presenza di almeno uno dei due genitori e del minore, presso i seguenti Uffici della Rete Consolare Onoraria: Cefalonia, Corf\u00f9, Iraklion, Kalamata, Salonicco e Volos <\/strong>(i cui contatti si trovano\u00a0<strong><a href=\"https:\/\/ambatene.esteri.it\/ambasciata_atene\/it\/ambasciata\/la_rete_consolare\/la-rete-consolare.html#Salonicco\">qui<\/a><\/strong>). In tal caso, pertanto, non sar\u00e0 necessario recarsi presso l\u2019Ambasciata. Questa possibilit\u00e0 \u2013 disponibile esclusivamente per i cittadini italiani iscritti all\u2019A.I.R.E. \u2013 viene attivata attraverso una richiesta da parte degli interessati all\u2019Ambasciata, all\u2019indirizzo email: <strong><a href=\"mailto:ambatene.consolare@esteri.it\">ambatene.consolare@esteri.it<\/a><\/strong>, in cui occorre comunicare gli estremi anagrafici (in caratteri latini) della persona per la quale si richiede il passaporto. In questo caso le impronte e la firma se previste, verranno apposte contestualmente alla presentazione della richiesta. Tutta la documentazione sar\u00e0 trasmessa alla Cancelleria Consolare di Atene per l\u2019emissione del passaporto, che potr\u00e0 essere ritirato presso la sede della Sede Onoraria richiedente.<\/li>\n<\/ul>\n<p style=\"text-align: justify;\"><strong>La domanda di passaporto deve essere corredata dalla seguente documentazione<\/strong>\u00a0(per le richieste incomplete non si potr\u00e0 avviare la pratica):<\/p>\n<ul style=\"text-align: justify;\">\n<li><a href=\"https:\/\/ambatene.esteri.it\/wp-content\/uploads\/2023\/10\/modello_rilascio_passaporto_minore_con_delega_ritiro3.pdf\"><strong>modulo di richiesta<\/strong><\/a>\u00a0compilato in ogni sua parte e firmato da entrambi i genitori.\u00a0Nel caso in cui uno dei due genitori sia impossibilitato a presentarsi per firmare il modulo di richiesta, il genitore richiedente pu\u00f2 allegare l\u2019<a href=\"https:\/\/ambatene.esteri.it\/wp-content\/uploads\/2023\/10\/modulo_assenso_unificato_a_minori_01.pdf\"><strong>atto di assenso<\/strong><\/a>,\u00a0<strong>firmato in originale dall\u2019altro genitore a cui sar\u00e0 allegata la fotocopia di un documento di identit\u00e0 del genitore assente che ne contenga la firma. Se uno dei genitori \u00e8 cittadino extra-U.E. la firma deve essere autenticata;<\/strong><\/li>\n<li><strong>1 fotografia recente<\/strong> <strong>a colori<\/strong>, tipo \u201cimmagine frontale\u201d,\u00a0<strong>sfondo bianco<\/strong>, sguardo frontale, occhi aperti, viso centrato (non sono ammesse ombre, n\u00e9 occhiali a lenti scure, n\u00e9 altri oggetti estranei nella foto) secondo gli\u00a0<strong><a href=\"https:\/\/ambatene.esteri.it\/wp-content\/uploads\/2023\/11\/norme-icao.pdf\">standard ICAO 9303\/ISO 19794-5, 35mm x 40mm<\/a><\/strong>;<\/li>\n<li><strong>pagamento <\/strong>della tariffa consolare (pari a euro 116,20). Si ricorda che le tariffe consolari sono soggette a possibili variazioni e che il pagamento deve essere effettuato <strong>tramite<\/strong> <strong>POS o<\/strong><strong> Bonifico Bancario secondo le modalit\u00e0 riportate in <\/strong><a href=\"https:\/\/ambatene.esteri.it\/ambasciata_atene\/it\/informazioni_e_servizi\/servizi_consolari\/tariffa-consolare-pagamenti.html\"><strong>questa pagina<\/strong><\/a>;<\/li>\n<li><strong>una fotocopia dell&#8217;attuale passaporto o di altro documento d&#8217;identit\u00e0 del minore<\/strong>. <strong>Se si tratta<\/strong> <strong>del primo documento identificativo, sar\u00e0 necessaria la presenza del minore presso la Cancelleria Consolare o l\u2019invio di una foto autenticata<\/strong>;<\/li>\n<li>copia del documento di identit\u00e0 del minore, se non nato in Grecia.<\/li>\n<\/ul>\n<p style=\"text-align: justify;\"><strong>RITIRO DEL PASSAPORTO<\/strong><\/p>\n<p style=\"text-align: justify;\">L\u2019ufficio consolare avvertir\u00e0 il connazionale <strong>tramite e-mail<\/strong> dell\u2019avvenuto rilascio.<\/p>\n<p style=\"text-align: justify;\">Il ritiro del passaporto dovr\u00e0 essere effettuato personalmente da un genitore presso la Cancelleria Consolare oppure presso gli uffici della <strong><a href=\"https:\/\/ambatene.esteri.it\/ambasciata_atene\/it\/ambasciata\/la_rete_consolare\/la-rete-consolare.html\">Rete consolare onoraria<\/a><\/strong> (tutti quelli elencati nella pagina web ad eccezione dei Corrispondenti Consolari).\u00a0Il passaporto pu\u00f2 essere consegnato anche ad una persona diversa che dovr\u00e0 esibire la delega presente sul retro del modulo di domanda del passaporto\u00a0sottoscritta dal genitore davanti al funzionario consolare al momento della domanda, accompagnata da copia di un documento di identit\u00e0 del delegante, che ne contenga la firma.<\/p>\n","protected":false},"excerpt":{"rendered":"A seguito dell\u2019entrata in vigore del\u00a0D.L. n. 135\/2009, convertito in Legge n. 166\/2009, che all\u2019art. 20ter ha apportato modifiche alla\u00a0Legge n. 1185\/1967,\u00a0non \u00e8 pi\u00f9 possibile iscrivere i figli minori sul passaporto dei genitori. Pertanto, a partire dal 26 giugno 2012, i minori devono essere in possesso di passaporto individuale oppure, qualora gli Stati attraversati ne [&hellip;]","protected":false},"author":8,"featured_media":0,"parent":672,"menu_order":3,"comment_status":"closed","ping_status":"closed","template":"","meta":{"footnotes":""},"class_list":["post-1606","page","type-page","status-publish","hentry"],"_links":{"self":[{"href":"https:\/\/ambatene.esteri.it\/it\/wp-json\/wp\/v2\/pages\/1606","targetHints":{"allow":["GET"]}}],"collection":[{"href":"https:\/\/ambatene.esteri.it\/it\/wp-json\/wp\/v2\/pages"}],"about":[{"href":"https:\/\/ambatene.esteri.it\/it\/wp-json\/wp\/v2\/types\/page"}],"author":[{"embeddable":true,"href":"https:\/\/ambatene.esteri.it\/it\/wp-json\/wp\/v2\/users\/8"}],"replies":[{"embeddable":true,"href":"https:\/\/ambatene.esteri.it\/it\/wp-json\/wp\/v2\/comments?post=1606"}],"version-history":[{"count":6,"href":"https:\/\/ambatene.esteri.it\/it\/wp-json\/wp\/v2\/pages\/1606\/revisions"}],"predecessor-version":[{"id":8401,"href":"https:\/\/ambatene.esteri.it\/it\/wp-json\/wp\/v2\/pages\/1606\/revisions\/8401"}],"up":[{"embeddable":true,"href":"https:\/\/ambatene.esteri.it\/it\/wp-json\/wp\/v2\/pages\/672"}],"wp:attachment":[{"href":"https:\/\/ambatene.esteri.it\/it\/wp-json\/wp\/v2\/media?parent=1606"}],"curies":[{"name":"wp","href":"https:\/\/api.w.org\/{rel}","templated":true}]}}