{"id":1612,"date":"2023-11-27T09:46:38","date_gmt":"2023-11-27T06:46:38","guid":{"rendered":"https:\/\/ambatene.esteri.it\/?page_id=1612"},"modified":"2025-07-18T13:58:06","modified_gmt":"2025-07-18T10:58:06","slug":"viaggi-dei-minori-non-accompagnati-dai-genitori-dichiarazione-di-accompagnamento","status":"publish","type":"page","link":"https:\/\/ambatene.esteri.it\/it\/servizi-consolari-e-visti\/servizi-per-il-cittadino-italiano\/documenti-di-viaggio\/viaggi-dei-minori-non-accompagnati-dai-genitori-dichiarazione-di-accompagnamento\/","title":{"rendered":"Viaggi dei minori non accompagnati dai genitori (Dichiarazione di accompagnamento)"},"content":{"rendered":"<p style=\"text-align: left;\"><strong>Per i minori di 14 anni<\/strong>, muniti di passaporto o di carta d\u2019identit\u00e0 valida per l\u2019espatrio, <strong>il viaggio all\u2019estero \u00e8 subordinato alla condizione che viaggino in compagnia di uno dei genitori<\/strong>.<\/p>\n<p style=\"text-align: left;\"><strong>Per i minori di 14 anni<\/strong><strong>\u00a0che viaggino all\u2019estero con soggetti terzi<\/strong> (non genitori) \u00e8 necessario richiedere la <a href=\"https:\/\/ambatene.esteri.it\/wp-content\/uploads\/2023\/07\/accompagnamento_minori.pdf\"><strong>dichiarazione di accompagnamento<\/strong><\/a>, sulla base della quale l\u2019Ambasciata rilascia <strong>un\u2019attestazione di accompagnamento<\/strong>.<\/p>\n<p style=\"text-align: left;\"><strong>I genitori o gli esercenti la potest\u00e0 tutoria dovranno presentare all\u2019Autorit\u00e0 competente al rilascio del passaporto<\/strong>, che \u00e8 di norma quella nella cui Circoscrizione risiede il richiedente (<strong>Questura<\/strong> per i genitori del minore che risiedono in Italia <strong>o Ufficio consolare <\/strong>competente per i genitori del minore che risiedono all\u2019estero), la <strong>dichiarazione di accompagnamento<\/strong>\u00a0nella quale indicano il nome della\/e persona\/e o dell&#8217;ente cui il minore sar\u00e0 affidato durante il viaggio.<\/p>\n<p style=\"text-align: left;\">Per i residenti in Grecia, l\u2019ufficio competente a ricevere la domanda di rilascio della dichiarazione di accompagnamento \u00e8\u00a0<strong>solo la Cancelleria Consolare dell\u2019Ambasciata d\u2019Italia in Atene<\/strong>.<\/p>\n<p style=\"text-align: left;\"><strong>La dichiarazione pu\u00f2 essere presentata:<\/strong><\/p>\n<ul>\n<li style=\"text-align: left;\"><strong>personalmente da entrambi i genitori, presso la Cancelleria Consolare di Atene <\/strong>(Patriarchou Ioakeim, 38 &#8211; 106 75 Kolonaki\u2013Atene),\u00a0<strong>previa prenotazione dell&#8217;appuntamento,<\/strong>\u00a0esclusivamente tramite il servizio &#8220;<a href=\"https:\/\/prenotami.esteri.it\/\"><strong>Prenot@mi<\/strong><\/a>\u201d. Nel caso in cui uno dei due genitori sia impossibilitato a presentarsi per firmare il modulo di richiesta, il genitore richiedente pu\u00f2 presentare la dichiarazione firmata dell\u2019altro genitore in originale<strong> a cui dovr\u00e0 essere allegata la fotocopia di un documento di identit\u00e0 valido del genitore assente che ne contenga la firma. Se uno dei genitori \u00e8 cittadino extra-U.E. la firma deve essere autenticata<\/strong>;<\/li>\n<li style=\"text-align: left;\"><strong>per posta elettronica<\/strong> all\u2019indirizzo: <strong><a href=\"mailto:ambatene.consolare@esteri.it\">ambatene.consolare@esteri.it<\/a><\/strong>, allegando copie dei documenti d\u2019identit\u00e0 dei genitori che ne contengano la firma;<\/li>\n<li style=\"text-align: left;\"><strong>\u00a0per posta ordinaria<\/strong>, all&#8217;indirizzo dell&#8217;Ambasciata d&#8217;Italia in Atene (Sekeri 2 \u2013 106 74 Atene), all\u2019attenzione della Cancelleria Consolare, allegando copie dei documenti d\u2019identit\u00e0 che ne contengano la firma.<\/li>\n<\/ul>\n<p style=\"text-align: left;\">Laddove ritenuto opportuno e nel superiore interesse del minore, la Cancelleria Consolare si riserva comunque di richiedere la presenza fisica degli esercenti la potest\u00e0 genitoriale.<\/p>\n<p style=\"text-align: left;\">La dichiarazione \u00e8 di norma valida per\u00a0<strong>un solo viaggio (da intendersi come andata e\/o ritorno)<\/strong>\u00a0fuori dal Paese di residenza del minore, con\u00a0<strong>destinazione determinata<\/strong>. Il termine massimo di validit\u00e0 della dichiarazione (entro cui devono essere ricomprese la data di partenza e di rientro) \u00e8 di 6 mesi. La data di rientro nel Paese di residenza non pu\u00f2 comunque superare la data di scadenza del passaporto del minore.<\/p>\n<p style=\"text-align: left;\">Nel caso di viaggi che prevedono l&#8217;attraversamento di diversi Stati, spetta agli esercenti la responsabilit\u00e0 genitoriale o tutoria valutare &#8211; sulla base delle modalit\u00e0 del viaggio stesso &#8211; se indicare solo il Paese di destinazione finale o tutti i singoli Paesi di transito.<\/p>\n<p style=\"text-align: left;\">La dichiarazione \u00e8\u00a0<strong>gratuita<\/strong>.<\/p>\n<p style=\"text-align: left;\">Nel caso in cui l\u2019attestazione di accompagnamento non venga ritirata personalmente, le eventuali <strong>spese di spedizione a domicilio sono a carico del richiedente<\/strong>, che dovr\u00e0 concordare con la Cancelleria Consolare l\u2019invio di un corriere privato per il ritiro al seguente indirizzo: Patriarchou Ioakeim, 38 \u2013 106 75 Kolonaki \u2013 Atene, durante l\u2019orario di ricevimento dei pubblico:\u00a0luned\u00ec, marted\u00ec, gioved\u00ec e venerd\u00ec dalle 9:00 alle 12:00, mercoled\u00ec dalle 14:00 alle 17:00.<\/p>\n","protected":false},"excerpt":{"rendered":"Per i minori di 14 anni, muniti di passaporto o di carta d\u2019identit\u00e0 valida per l\u2019espatrio, il viaggio all\u2019estero \u00e8 subordinato alla condizione che viaggino in compagnia di uno dei genitori. Per i minori di 14 anni\u00a0che viaggino all\u2019estero con soggetti terzi (non genitori) \u00e8 necessario richiedere la dichiarazione di accompagnamento, sulla base della quale [&hellip;]","protected":false},"author":8,"featured_media":0,"parent":672,"menu_order":4,"comment_status":"closed","ping_status":"closed","template":"","meta":{"footnotes":""},"class_list":["post-1612","page","type-page","status-publish","hentry"],"_links":{"self":[{"href":"https:\/\/ambatene.esteri.it\/it\/wp-json\/wp\/v2\/pages\/1612","targetHints":{"allow":["GET"]}}],"collection":[{"href":"https:\/\/ambatene.esteri.it\/it\/wp-json\/wp\/v2\/pages"}],"about":[{"href":"https:\/\/ambatene.esteri.it\/it\/wp-json\/wp\/v2\/types\/page"}],"author":[{"embeddable":true,"href":"https:\/\/ambatene.esteri.it\/it\/wp-json\/wp\/v2\/users\/8"}],"replies":[{"embeddable":true,"href":"https:\/\/ambatene.esteri.it\/it\/wp-json\/wp\/v2\/comments?post=1612"}],"version-history":[{"count":4,"href":"https:\/\/ambatene.esteri.it\/it\/wp-json\/wp\/v2\/pages\/1612\/revisions"}],"predecessor-version":[{"id":6942,"href":"https:\/\/ambatene.esteri.it\/it\/wp-json\/wp\/v2\/pages\/1612\/revisions\/6942"}],"up":[{"embeddable":true,"href":"https:\/\/ambatene.esteri.it\/it\/wp-json\/wp\/v2\/pages\/672"}],"wp:attachment":[{"href":"https:\/\/ambatene.esteri.it\/it\/wp-json\/wp\/v2\/media?parent=1612"}],"curies":[{"name":"wp","href":"https:\/\/api.w.org\/{rel}","templated":true}]}}