{"id":1617,"date":"2023-11-27T09:50:29","date_gmt":"2023-11-27T06:50:29","guid":{"rendered":"https:\/\/ambatene.esteri.it\/?page_id=1617"},"modified":"2024-02-19T13:07:04","modified_gmt":"2024-02-19T10:07:04","slug":"atto-di-assenso-al-rilascio-del-documento-di-identita-in-presenza-di-figli-minori","status":"publish","type":"page","link":"https:\/\/ambatene.esteri.it\/it\/servizi-consolari-e-visti\/servizi-per-il-cittadino-italiano\/documenti-di-viaggio\/atto-di-assenso-al-rilascio-del-documento-di-identita-in-presenza-di-figli-minori\/","title":{"rendered":"Atto di assenso al rilascio del documento di identit\u00e0 in presenza di figli minori"},"content":{"rendered":"<p style=\"text-align: left;\">Premesso che nel modulo di richiesta di passaporto o carta d&#8217;identit\u00e0 elettronica il cittadino italiano deve indicare\u00a0<strong>obbligatoriamente<\/strong>\u00a0l&#8217;esistenza di figli minori, siano essi conviventi o meno con il richiedente stesso, si segnala che in accordo alle modifiche normative introdotte con Decreto Legge n. 69\/2023, <strong>in caso di rilascio del passaporto o carta d\u2019identit\u00e0 in favore del genitore di figli minori l\u2019atto di assenso non \u00e8 pi\u00f9 dovuto<\/strong>. In tali casi il genitore richiedente dovr\u00e0 dichiarare sotto la sua responsabilit\u00e0 di non essere destinatario di nessun provvedimento di inibitoria al rilascio del passaporto previsto dalla normativa vigente. Tale dichiarazione \u00e8 contenuta nel modulo di richiesta e deve essere resa indipendentemente dalla nazionalit\u00e0 dell&#8217;altro genitore e anche se si tratta di genitore non coniugato, separato o divorziato.<\/p>\n<p style=\"text-align: left;\"><strong>\u00a0<\/strong><\/p>\n<p style=\"text-align: left;\">Invece, <strong>nel caso di rilascio del passaporto ai figli minori<\/strong><strong> la legge prevede un esplicito consenso al rilascio del documento da parte dell&#8217;altro genitore<\/strong> (<a href=\"https:\/\/ambatene.esteri.it\/wp-content\/uploads\/2023\/10\/modulo_assenso_unificato_a_minori_01.pdf\"><strong>atto d\u2019assenso<\/strong><\/a>). In caso di figli di genitori diversi dovr\u00e0 essere presentato un atto di assenso per ciascuno dei figli. <strong>Esso \u00e8 valido per sei mesi dalla firma dello stesso<\/strong>.<\/p>\n<p style=\"text-align: left;\"><strong>In caso di decesso di uno dei genitori \u00e8 sufficiente presentare una copia del certificato di morte<\/strong>, se non gi\u00e0 in possesso della Cancelleria Consolare.<\/p>\n<p style=\"text-align: left;\">L\u2019atto di assenso deve essere firmato in presenza di un funzionario consolare. Se la persona che autorizza non pu\u00f2 firmare personalmente di fronte ad un funzionario consolare, dovr\u00e0 far pervenire alla Cancelleria Consolare l\u2019atto di assenso debitamente compilato e firmato secondo le seguenti modalit\u00e0:<\/p>\n<ol style=\"text-align: left;\">\n<li><strong>se cittadino comunitario<\/strong>: allegando una fotocopia del documento d\u2019identit\u00e0 valido che ne contenga la firma;<\/li>\n<li><strong>se cittadino non comunitario residente in Grecia<\/strong>: la sua firma sul modulo dovr\u00e0 essere autenticata da un\u2019Autorit\u00e0 competente (Ufficio consolare onorario, Comune, KEP, Polizia, Notaio, ecc.);<\/li>\n<li><strong>se cittadino non comunitario non residente in Grecia<\/strong>: la sua firma sul modulo dovr\u00e0 essere autenticata dall\u2019Autorit\u00e0 competente nel luogo di residenza. Si ricorda che l&#8217;autenticazione dovr\u00e0 essere legalizzata secondo le formalit\u00e0 localmente vigenti.<\/li>\n<\/ol>\n<p style=\"text-align: left;\">Nel caso in cui non fosse possibile ottenere l\u2019assenso dell\u2019altro genitore, sar\u00e0 necessario presentare istanza di emissione di un apposito decreto del Giudice Tutelare. Il Capo della Cancelleria consolare ad Atene esercita le funzioni di Giudice Tutelare per i minori residenti\/iscritti A.I.R.E. in Grecia. La documentazione pu\u00f2 essere inviata via postale ovvero consegnata a mano, fissando un appuntamento tramite il portale <a href=\"https:\/\/prenotami.esteri.it\/\"><strong>Prenot@mi<\/strong><\/a>.<\/p>\n<p style=\"text-align: left;\">Sia per la richiesta di decreto, sia per il provvedimento stesso (qualunque sia l\u2019esito dello stesso \u2013 favorevole o meno) sono dovute talune percezioni consolari, per le quali \u00e8 possibile consultare <strong><a href=\"https:\/\/ambatene.esteri.it\/ambasciata_atene\/it\/informazioni_e_servizi\/servizi_consolari\/tariffa-consolare-pagamenti.html\">questa pagina web<\/a><\/strong>.<\/p>\n<p style=\"text-align: left;\"><strong>\u00a0<\/strong><\/p>\n","protected":false},"excerpt":{"rendered":"Premesso che nel modulo di richiesta di passaporto o carta d&#8217;identit\u00e0 elettronica il cittadino italiano deve indicare\u00a0obbligatoriamente\u00a0l&#8217;esistenza di figli minori, siano essi conviventi o meno con il richiedente stesso, si segnala che in accordo alle modifiche normative introdotte con Decreto Legge n. 69\/2023, in caso di rilascio del passaporto o carta d\u2019identit\u00e0 in favore del [&hellip;]","protected":false},"author":8,"featured_media":0,"parent":672,"menu_order":5,"comment_status":"closed","ping_status":"closed","template":"","meta":{"footnotes":""},"class_list":["post-1617","page","type-page","status-publish","hentry"],"_links":{"self":[{"href":"https:\/\/ambatene.esteri.it\/it\/wp-json\/wp\/v2\/pages\/1617","targetHints":{"allow":["GET"]}}],"collection":[{"href":"https:\/\/ambatene.esteri.it\/it\/wp-json\/wp\/v2\/pages"}],"about":[{"href":"https:\/\/ambatene.esteri.it\/it\/wp-json\/wp\/v2\/types\/page"}],"author":[{"embeddable":true,"href":"https:\/\/ambatene.esteri.it\/it\/wp-json\/wp\/v2\/users\/8"}],"replies":[{"embeddable":true,"href":"https:\/\/ambatene.esteri.it\/it\/wp-json\/wp\/v2\/comments?post=1617"}],"version-history":[{"count":4,"href":"https:\/\/ambatene.esteri.it\/it\/wp-json\/wp\/v2\/pages\/1617\/revisions"}],"predecessor-version":[{"id":3279,"href":"https:\/\/ambatene.esteri.it\/it\/wp-json\/wp\/v2\/pages\/1617\/revisions\/3279"}],"up":[{"embeddable":true,"href":"https:\/\/ambatene.esteri.it\/it\/wp-json\/wp\/v2\/pages\/672"}],"wp:attachment":[{"href":"https:\/\/ambatene.esteri.it\/it\/wp-json\/wp\/v2\/media?parent=1617"}],"curies":[{"name":"wp","href":"https:\/\/api.w.org\/{rel}","templated":true}]}}