{"id":1713,"date":"2023-10-16T11:36:18","date_gmt":"2023-10-16T08:36:18","guid":{"rendered":"https:\/\/ambatene.esteri.it\/?page_id=1713"},"modified":"2025-08-27T14:28:37","modified_gmt":"2025-08-27T11:28:37","slug":"albo-consolare-degli-enti-gestori-promotori-per-lo-svolgimento-di-corsi-di-lingua-e-cultura-italiana","status":"publish","type":"page","link":"https:\/\/ambatene.esteri.it\/it\/servizi-consolari-e-visti\/servizi-per-il-cittadino-italiano\/albo-consolare-e-altri-servizi\/albo-consolare-degli-enti-gestori-promotori-per-lo-svolgimento-di-corsi-di-lingua-e-cultura-italiana\/","title":{"rendered":"Albo Consolare degli Enti Gestori\/Promotori per lo svolgimento di corsi di lingua e cultura italiana"},"content":{"rendered":"<p>Il Ministero degli Affari Esteri e della Cooperazione Internazionale (MAECI) \u2013 per mezzo del <strong><a href=\"https:\/\/www.esteri.it\/wp-content\/uploads\/2024\/09\/DM-1049-del-20092024_Firmato.pdf\">Decreto Ministeriale 1049 del 20.09.2024<\/a><\/strong>\u00a0\u00a0(che ha sostituito il<strong> <a href=\"https:\/\/ambatene.esteri.it\/wp-content\/uploads\/2023\/11\/D.M.-DGSP-1247-del-29.09.2023-Attuativo-2024.pdf\">Decreto Ministeriale n. 1247 del 29.09.2023<\/a><\/strong>) e della<strong> <a href=\"https:\/\/ambatene.esteri.it\/wp-content\/uploads\/2023\/11\/Circolare-4-del-08.03.2022.pdf\">Circolare n. 4 dell\u20198 marzo 2022<\/a><\/strong>\u00a0\u2013 disciplina le modalit\u00e0 per la richiesta e la concessione di contributi pubblici\u00a0in favore degli Enti gestori di iniziative a favore della lingua e della cultura italiana, di cui all\u2019articolo 10 del <strong><a href=\"https:\/\/ambatene.esteri.it\/wp-content\/uploads\/2023\/11\/D.Lgs_.-64-del-13.04.2017.pdf\">Decreto Legislativo n. 64\/2017<\/a><\/strong>.<\/p>\n<p>Per poter accedere al contributo gli Enti gestori afferenti a questa Circoscrizione consolare devono previamente essere registrati presso un apposito\u00a0<strong><a href=\"https:\/\/ambatene.esteri.it\/wp-content\/uploads\/2023\/11\/Albo-Consolare-degli-Enti-Gestori.pdf\">Albo consolare<\/a><\/strong><u>,<\/u> istituito presso questa Ambasciata con\u00a0<strong><a href=\"https:\/\/ambatene.esteri.it\/wp-content\/uploads\/2023\/11\/Decreto-consolare-n.-68-2023.pdf\"><u>Decreto consolare n. 68\/2023<\/u><\/a><\/strong> e aperto a tutti gli Enti interessati all\u2019organizzazione di iniziative a favore della lingua e cultura italiana in possesso delle caratteristiche idonee alla registrazione. La richiesta di iscrizione deve essere inoltrata ai seguenti indirizzi:<\/p>\n<ul>\n<li>via email di posta elettronica certificata: amb.<strong><a href=\"mailto:amb.atene.consolare@cert.esteri.it\">amb.atene.consolare@cert.esteri.it<\/a><\/strong><\/li>\n<\/ul>\n<p>oppure tramite lettera raccomandata al seguente indirizzo:<\/p>\n<ul>\n<li>Ambasciata d\u2019Italia in Atene<br \/>\nCancelleria Consolare<br \/>\nSekeri 2<br \/>\n106 74 Atene<\/li>\n<\/ul>\n<p>compilando i moduli\u00a0\u201c<strong><a href=\"https:\/\/ambatene.esteri.it\/wp-content\/uploads\/2023\/11\/Richiesta-iscrizione-Albo-consolare.pdf\">Richiesta iscrizione all\u2019Albo consolare degli Enti gestori\/promotori<\/a><\/strong>\u201d e\u00a0\u201c<strong><a href=\"https:\/\/ambatene.esteri.it\/wp-content\/uploads\/2023\/11\/Anagrafica-Ente-richidente.pdf\">Anagrafica dell\u2019Ente richiedente<\/a><\/strong>\u201d, allegando copia del documento di riconoscimento del Legale Rappresentante dell\u2019Ente, copia dello Statuto dell\u2019Ente, nonch\u00e9 attestazione di conformit\u00e0 dello stesso alla normativa locale.<\/p>\n<p>L\u2019iscrizione all\u2019Albo consolare avviene previa verifica, da parte di questa Ambasciata medesima, dei requisiti soggettivi previsti dalla citata Circolare ministeriale n. 4 dell\u20198 marzo 2022 e ha durata quadriennale. Al termine del quadriennio il rinnovo della registrazione degli Enti gestori\/promotori avviene su richiesta dell\u2019Ente interessato e previa valutazione dell\u2019Ambasciata.<\/p>\n<p>Nel rimandare a un\u2019attenta lettura del <strong><a href=\"https:\/\/www.esteri.it\/wp-content\/uploads\/2024\/09\/DM-1049-del-20092024_Firmato.pdf\">Decreto Ministeriale n. 1049 del 20.09.2024<\/a><\/strong>\u00a0e della <strong><a href=\"https:\/\/ambatene.esteri.it\/wp-content\/uploads\/2023\/11\/Circolare-4-del-08.03.2022.pdf\">Circolare n. 4\/2022<\/a><\/strong>, per tutte le informazioni e indicazioni relative alle condizioni e modalit\u00e0 di presentazione della richiesta di contributo, si segnala che possono accedere alle risorse finanziarie del capitolo 3153, gli Enti gestori che, in via generale, presentino le seguenti caratteristiche:<\/p>\n<ul>\n<li>siano Enti senza finalit\u00e0 di lucro promotori di iniziative a favore della lingua e della cultura italiana, di cui all\u2019articolo 10 del Decreto Legislativo n. 64\/2017, in scuole pubbliche o private (dalla Scuola dell\u2019infanzia fino alla Scuola secondaria);<\/li>\n<li>siano Enti dotati di uno statuto, la cui conformit\u00e0 al diritto locale deve essere attestata e comunicata a questa Ambasciata. Gli Enti beneficiari di contributo saranno inoltre tenuti a comunicare tempestivamente eventuali modifiche al proprio statuto.<\/li>\n<\/ul>\n<p>Non sono ammissibili al contributo ministeriale:<\/p>\n<ul>\n<li>\u00a0i cosiddetti \u201cEnti ombrello\u201d, cio\u00e8 soggetti che riuniscano al loro interno altri Enti con caratteristiche e finalit\u00e0 analoghe, di cui sarebbe difficile la tracciabilit\u00e0 delle attivit\u00e0 e delle operazioni;<\/li>\n<li>\u00a0gli Enti all\u2019interno dei quali le cariche direttive siano ricoperte da rappresentanti del Com.It.Es., considerato altres\u00ec quanto previsto dall\u2019articolo 2, comma 4, lettera g) della Legge n. 286 del 23 ottobre 2003.<\/li>\n<\/ul>\n<p>L\u2019Ambasciata verificher\u00e0, inoltre, che nello statuto non vi sia alcun riferimento alla partecipazione\u00a0agli organi dell\u2019Ente \u2013 anche a solo titolo onorario \u2013 di rappresentanti dell\u2019Ambasciata o dell\u2019Istituto di Cultura.<\/p>\n<p>Dopo aver ricevuto conferma della propria iscrizione all\u2019Albo, gli Enti possono eventualmente richiedere un finanziamento al MAECI per la realizzazione di progetti di insegnamento e diffusione della lingua e della cultura italiana \u2013 attraverso l\u2019apposita modulistica sotto riportata \u2013 in scuole pubbliche o private (dalla Scuola dell\u2019infanzia fino alla Scuola secondaria).<\/p>\n<p>Si delineano inoltre\u00a0qui di seguito alcuni aspetti della Circolare ministeriale n. 4 dell\u20198 marzo 2022 che gli Enti gestori interessati all\u2019organizzazione di corsi di lingua e cultura italiana\u00a0dovranno prendere in considerazione in fase di richiesta di contributo a valere sul capitolo 3153:<\/p>\n<ul>\n<li>\u00a0l\u2019accento viene posto sulle attivit\u00e0 di natura promozionale della lingua e della cultura italiana;<\/li>\n<li>viene richiesto un progetto, anche di durata biennale, con erogazioni che saranno suddivise in pi\u00f9 tranches e comunque collegate alla competenza di ciascun esercizio finanziario e all\u2019andamento delle attivit\u00e0 didattiche;<\/li>\n<li>gli Enti richiedenti sono invitati a concorrere con risorse proprie ai costi dei progetti presentati. I progetti saranno inoltre commisurati agli anni scolastici e non agli anni solari;<\/li>\n<li>si intende inoltre accentuare il focus sui risultati che gli Enti si propongono di conseguire nel campo della promozione della lingua e della cultura italiana;<\/li>\n<li>le attivit\u00e0 che possono essere oggetto di contributo ministeriale attengono ai segmenti scolastici sino alla Scuola secondaria di secondo grado. Dal sostegno ministeriale rimangono esclusi i corsi per adulti, dal momento che esulano dal perimento normativo di riferimento costituito dal Decreto Legislativo n. 64\/2017 sulla Scuola italiana all\u2019estero;<\/li>\n<li>l\u2019erogazione del contributo avverr\u00e0 a seguito della presentazione di un progetto di durata pari a uno o due anni scolastici, che illustri il piano delle attivit\u00e0 che l\u2019Ente intende porre in essere.<\/li>\n<\/ul>\n<p>Entro il 15 ottobre dell\u2019anno precedente all\u2019anno scolastico di riferimento, gli Enti devono presentare a questa Ambasciata un progetto e una richiesta di contributo utilizzando la modulistica specifica messa a disposizione.<\/p>\n<p>Per ogni ulteriore richiesta di informazioni si prega di rivolgersi via email a: \u00a0<strong><a href=\"mailtoambatene.consolare@esteri.it\">ambatene.consolare@esteri.it<\/a><\/strong>.<\/p>\n<p><strong>\u00a0<\/strong><\/p>\n<p><strong>Documenti:<\/strong><\/p>\n<p><strong><a href=\"https:\/\/ambatene.esteri.it\/wp-content\/uploads\/2023\/11\/D.Lgs_.-64-del-13.04.2017.pdf\">Decreto Legislativo n. 64\/2017<\/a><\/strong><\/p>\n<p><strong><a href=\"https:\/\/www.esteri.it\/wp-content\/uploads\/2024\/09\/DM-1049-del-20092024_Firmato.pdf\">Decreto Ministeriale n. 1049 del 20.09.2024<\/a><\/strong><\/p>\n<p><strong><a href=\"https:\/\/ambatene.esteri.it\/wp-content\/uploads\/2023\/11\/Circolare-4-del-08.03.2022.pdf\">Circolare MAECI n. 4 dell\u20198 marzo 2022<\/a><\/strong><\/p>\n<p><strong><a href=\"https:\/\/ambatene.esteri.it\/wp-content\/uploads\/2023\/11\/Decreto-consolare-n.-68-2023.pdf\">Decreto consolare n. 68\/2023 <\/a><\/strong><\/p>\n<p><strong><a href=\"https:\/\/ambatene.esteri.it\/wp-content\/uploads\/2023\/11\/Albo-Consolare-degli-Enti-Gestori.pdf\">Albo consolare degli Enti gestori istituito presso l\u2019Ambasciata d\u2019Italia in Atene <\/a><\/strong><\/p>\n<p><strong>\u00a0<\/strong><\/p>\n<p><strong>Modulistica:<\/strong><\/p>\n<p><a href=\"https:\/\/ambatene.esteri.it\/wp-content\/uploads\/2024\/10\/Richiesta-iscrizione-Albo-consolare.pdf\"><strong>Richiesta iscrizione all\u2019Albo consolare degli Enti gestori<\/strong><\/a><\/p>\n<p><strong><a href=\"https:\/\/ambatene.esteri.it\/wp-content\/uploads\/2023\/11\/Anagrafica-Ente-richidente.pdf\">Anagrafica dell\u2019Ente richiedente<\/a><\/strong><\/p>\n<p><a href=\"https:\/\/ambatene.esteri.it\/wp-content\/uploads\/2024\/10\/Modulo-P1_da-2025_BLOC.xlsx\"><strong><u>Richiesta del finanziamento al MAECI Mod. P1<\/u><\/strong><\/a><\/p>\n<p><strong><a href=\"https:\/\/ambatene.esteri.it\/wp-content\/uploads\/2024\/10\/Modulo-P2_da-2025_BLOC.xlsx\"><u>Richiesta del finanziamento al MAECI Mod. P2<\/u><\/a><\/strong><\/p>\n<p>&nbsp;<\/p>\n<p>&nbsp;<\/p>\n","protected":false},"excerpt":{"rendered":"Il Ministero degli Affari Esteri e della Cooperazione Internazionale (MAECI) \u2013 per mezzo del Decreto Ministeriale 1049 del 20.09.2024\u00a0\u00a0(che ha sostituito il Decreto Ministeriale n. 1247 del 29.09.2023) e della Circolare n. 4 dell\u20198 marzo 2022\u00a0\u2013 disciplina le modalit\u00e0 per la richiesta e la concessione di contributi pubblici\u00a0in favore degli Enti gestori di iniziative a [&hellip;]","protected":false},"author":13,"featured_media":0,"parent":76,"menu_order":0,"comment_status":"closed","ping_status":"closed","template":"","meta":{"footnotes":""},"class_list":["post-1713","page","type-page","status-publish","hentry"],"_links":{"self":[{"href":"https:\/\/ambatene.esteri.it\/it\/wp-json\/wp\/v2\/pages\/1713","targetHints":{"allow":["GET"]}}],"collection":[{"href":"https:\/\/ambatene.esteri.it\/it\/wp-json\/wp\/v2\/pages"}],"about":[{"href":"https:\/\/ambatene.esteri.it\/it\/wp-json\/wp\/v2\/types\/page"}],"author":[{"embeddable":true,"href":"https:\/\/ambatene.esteri.it\/it\/wp-json\/wp\/v2\/users\/13"}],"replies":[{"embeddable":true,"href":"https:\/\/ambatene.esteri.it\/it\/wp-json\/wp\/v2\/comments?post=1713"}],"version-history":[{"count":8,"href":"https:\/\/ambatene.esteri.it\/it\/wp-json\/wp\/v2\/pages\/1713\/revisions"}],"predecessor-version":[{"id":7259,"href":"https:\/\/ambatene.esteri.it\/it\/wp-json\/wp\/v2\/pages\/1713\/revisions\/7259"}],"up":[{"embeddable":true,"href":"https:\/\/ambatene.esteri.it\/it\/wp-json\/wp\/v2\/pages\/76"}],"wp:attachment":[{"href":"https:\/\/ambatene.esteri.it\/it\/wp-json\/wp\/v2\/media?parent=1713"}],"curies":[{"name":"wp","href":"https:\/\/api.w.org\/{rel}","templated":true}]}}