{"id":2150,"date":"2023-11-14T16:08:09","date_gmt":"2023-11-14T13:08:09","guid":{"rendered":"https:\/\/ambatene.esteri.it\/?page_id=2150"},"modified":"2025-06-17T13:20:45","modified_gmt":"2025-06-17T10:20:45","slug":"attivita-procedimentale-degli-uffici-consolari-allestero","status":"publish","type":"page","link":"https:\/\/ambatene.esteri.it\/it\/servizi-consolari-e-visti\/servizi-per-il-cittadino-italiano\/certificazione-dei-lavori-eseguiti-allestero-dalle-imprese-italiane\/attivita-procedimentale-degli-uffici-consolari-allestero\/","title":{"rendered":"Attivit\u00e0 procedimentale degli Uffici consolari all\u2019estero"},"content":{"rendered":"<p>Di seguito viene descritta l\u2019attivit\u00e0 procedimentale delle Sedi estere per la certificazione dei lavori eseguiti all\u2019estero dalle imprese italiane:<\/p>\n<ol>\n<li>La Sede accredita all\u2019emissione dei certificati di lavori eseguiti all\u2019estero uno o pi\u00f9 professionisti, e ne d\u00e0 adeguata pubblicit\u00e0 sul proprio sito Internet.<\/li>\n<li>Il tecnico di fiducia \u2013 scelto autonomamente dall\u2019impresa tra quelli indicati nell\u2019elenco fornito dalla Sede, previa verifica delle condizioni di incompatibilit\u00e0 \u2013 produce un certificato conforme al modello B semplificato. Il certificato viene consegnato alla Sede in formato elettronico e cartaceo datato, timbrato e firmato dal professionista e corredato di autocertificazione circa l\u2019insussistenza delle condizioni di incompatibilit\u00e0.<\/li>\n<li>Ove necessario, il certificato conforme al modello B semplificato \u00e8 debitamente legalizzato e completo di traduzione conforme rilasciata dalla Sede, ovvero eseguita da un traduttore ufficiale.<\/li>\n<li>La Sede verifica che il timbro e la firma presenti sul certificato corrispondano ad uno dei tecnici accreditati, quindi trasmette i dati alla struttura centrale del MAECI.<\/li>\n<\/ol>\n<p><strong>Costo del servizio reso dagli Uffici all\u2019estero<\/strong><\/p>\n<p>L\u2019impresa richiedente \u00e8 tenuta al pagamento del servizio fissato, per il solo inserimento dati, in \u20ac 100.00 per un certificato costituito da un massimo di 8 pagine, e in \u20ac 10.00 per ogni pagina in pi\u00f9. Tale importo \u00e8 soggetto a revisione biennale.<\/p>\n<p>L\u2019importo \u00e8 corrisposto direttamente alla Sede interessata mediante bonifico bancario sul proprio conto corrente di gestione (i cui estremi saranno comunicati alle ditte richiedenti contestualmente all\u2019invio dell\u2019elenco dei tecnici di fiducia). La causale dovr\u00e0 indicare: corrispettivo di \u201cservizio alle imprese per CEL, cod. 302\u201d e riportare i dati identificativi della ditta\/tecnico versante.<\/p>\n<p><strong>Attivit\u00e0 procedimentale della struttura centrale del MAECI<\/strong><\/p>\n<p>Con la convalida dei dati inseriti dalla Sede estera, la struttura centrale del Ministero provvede all\u2019inserimento del certificato nel casellario informatico di cui all\u2019articolo 8 del DPR 207\/2010.<\/p>\n","protected":false},"excerpt":{"rendered":"Di seguito viene descritta l\u2019attivit\u00e0 procedimentale delle Sedi estere per la certificazione dei lavori eseguiti all\u2019estero dalle imprese italiane: La Sede accredita all\u2019emissione dei certificati di lavori eseguiti all\u2019estero uno o pi\u00f9 professionisti, e ne d\u00e0 adeguata pubblicit\u00e0 sul proprio sito Internet. Il tecnico di fiducia \u2013 scelto autonomamente dall\u2019impresa tra quelli indicati nell\u2019elenco fornito [&hellip;]","protected":false},"author":15,"featured_media":0,"parent":749,"menu_order":0,"comment_status":"closed","ping_status":"closed","template":"","meta":{"footnotes":""},"class_list":["post-2150","page","type-page","status-publish","hentry"],"_links":{"self":[{"href":"https:\/\/ambatene.esteri.it\/it\/wp-json\/wp\/v2\/pages\/2150","targetHints":{"allow":["GET"]}}],"collection":[{"href":"https:\/\/ambatene.esteri.it\/it\/wp-json\/wp\/v2\/pages"}],"about":[{"href":"https:\/\/ambatene.esteri.it\/it\/wp-json\/wp\/v2\/types\/page"}],"author":[{"embeddable":true,"href":"https:\/\/ambatene.esteri.it\/it\/wp-json\/wp\/v2\/users\/15"}],"replies":[{"embeddable":true,"href":"https:\/\/ambatene.esteri.it\/it\/wp-json\/wp\/v2\/comments?post=2150"}],"version-history":[{"count":4,"href":"https:\/\/ambatene.esteri.it\/it\/wp-json\/wp\/v2\/pages\/2150\/revisions"}],"predecessor-version":[{"id":6651,"href":"https:\/\/ambatene.esteri.it\/it\/wp-json\/wp\/v2\/pages\/2150\/revisions\/6651"}],"up":[{"embeddable":true,"href":"https:\/\/ambatene.esteri.it\/it\/wp-json\/wp\/v2\/pages\/749"}],"wp:attachment":[{"href":"https:\/\/ambatene.esteri.it\/it\/wp-json\/wp\/v2\/media?parent=2150"}],"curies":[{"name":"wp","href":"https:\/\/api.w.org\/{rel}","templated":true}]}}