{"id":338,"date":"2023-11-24T12:32:18","date_gmt":"2023-11-24T09:32:18","guid":{"rendered":"https:\/\/ambatene.esteri.it\/?page_id=338"},"modified":"2025-07-18T13:44:58","modified_gmt":"2025-07-18T10:44:58","slug":"adozioni-di-minori","status":"publish","type":"page","link":"https:\/\/ambatene.esteri.it\/it\/servizi-consolari-e-visti\/servizi-per-il-cittadino-italiano\/adozioni-di-minori\/","title":{"rendered":"Adozioni di minori"},"content":{"rendered":"<div class=\"sr-only\" style=\"text-align: justify;\">I cittadini italiani residenti all&#8217;estero da almeno due anni e regolarmente iscritti all&#8217;A.I.R.E., alla conclusione della procedura di adozione espletata conformemente alle procedure convenzionali internazionali in vigore, possono chiedere la trascrizione del provvedimento di adozione nei registri di stato civile italiani. Con la trascrizione il minore diviene cittadino italiano. In Italia la materia \u00e8 oggetto della\u00a0<strong><a href=\"https:\/\/www.normattiva.it\/uri-res\/N2Ls?urn:nir:stato:legge:1998-12-31;476!vig\" target=\"_blank\" rel=\"noopener\">Legge n. 476 del 12 gennaio 1999<\/a><\/strong>.<\/div>\n<div>\n<p style=\"text-align: justify;\">I documenti da presentare per la trasmissione della sentenza di adozione al Tribunale per i Minori sono:<\/p>\n<ol style=\"text-align: justify;\">\n<li><a href=\"https:\/\/ambatene.esteri.it\/wp-content\/uploads\/2023\/07\/dichiarazione_sostitutiva_atto_di_notorieta_per_adozioni-1.pdf\" target=\"_blank\" rel=\"noopener\"><strong>dichiarazione sostitutiva dell&#8217;atto di notoriet\u00e0<\/strong><\/a>;<\/li>\n<li>sentenza di adozione, legalizzata con l\u2019Apostille della Convenzione dell\u2019Aja e tradotta in italiano (*);<\/li>\n<li>atto di nascita anteriore ed atto di nascita posteriore all\u2019adozione, legalizzati o apostillati (a seconda del Paese di emissione, se non si tratta di atti greci) e tradotti in italiano.\u00a0(*)<\/li>\n<\/ol>\n<p style=\"text-align: justify;\">In caso di atto\/certificato di nascita di altro Paese, la traduzione (*) in lingua italiana dovr\u00e0 essere svolta direttamente (non sono accettate traduzioni intermedie) e dovr\u00e0 essere completata con la legalizzazione di conformit\u00e0 dell\u2019Ambasciata\/Consolato d\u2019Italia competente per territorio di nascita, a meno che non sia prevista l\u2019apostille di tale Paese anche per le traduzioni. Si suggerisce di prendere visione del sito web della Sede diplomatico-consolare italiana competente per territorio per ogni ulteriore informazione in merito al modo in cui la traduzione deve essere perfezionata.<\/p>\n<p>&nbsp;<\/p>\n<p style=\"text-align: justify;\"><strong>(*)Traduzioni<\/strong><\/p>\n<p style=\"text-align: justify;\">Per le traduzioni consultare\u00a0<strong><a href=\"https:\/\/ambatene.esteri.it\/it\/servizi-consolari-e-visti\/servizi-per-il-cittadino-italiano\/traduzione-e-legalizzazione-dei-documenti\/\" target=\"_blank\" rel=\"noopener\">questa pagina<\/a><\/strong>.<\/p>\n<p style=\"text-align: justify;\">In caso di dubbi o situazioni particolari relativi a questa tematica si suggerisce di inviare una mail dettagliata all\u2019indirizzo di posta elettronica: <strong><a href=\"mailto:ambatene.consolare@esteri.it\">ambatene.consolare@esteri.it<\/a><\/strong>.<\/p>\n<p style=\"text-align: justify;\">Per approfondimenti si rinvia alle informazioni generali disponibili sul sito istituzionale del\u00a0<strong><a href=\"https:\/\/www.esteri.it\/it\/servizi-consolari-e-visti\/italiani-all-estero\/adozioni-internazionali\/\" target=\"_blank\" rel=\"noopener\">Ministero degli Affari Esteri e della Cooperazione Internazionale<\/a><\/strong>.<\/p>\n<\/div>\n","protected":false},"excerpt":{"rendered":"I cittadini italiani residenti all&#8217;estero da almeno due anni e regolarmente iscritti all&#8217;A.I.R.E., alla conclusione della procedura di adozione espletata conformemente alle procedure convenzionali internazionali in vigore, possono chiedere la trascrizione del provvedimento di adozione nei registri di stato civile italiani. Con la trascrizione il minore diviene cittadino italiano. In Italia la materia \u00e8 oggetto [&hellip;]","protected":false},"author":9,"featured_media":0,"parent":47,"menu_order":0,"comment_status":"closed","ping_status":"closed","template":"","meta":{"footnotes":""},"class_list":["post-338","page","type-page","status-publish","hentry"],"_links":{"self":[{"href":"https:\/\/ambatene.esteri.it\/it\/wp-json\/wp\/v2\/pages\/338","targetHints":{"allow":["GET"]}}],"collection":[{"href":"https:\/\/ambatene.esteri.it\/it\/wp-json\/wp\/v2\/pages"}],"about":[{"href":"https:\/\/ambatene.esteri.it\/it\/wp-json\/wp\/v2\/types\/page"}],"author":[{"embeddable":true,"href":"https:\/\/ambatene.esteri.it\/it\/wp-json\/wp\/v2\/users\/9"}],"replies":[{"embeddable":true,"href":"https:\/\/ambatene.esteri.it\/it\/wp-json\/wp\/v2\/comments?post=338"}],"version-history":[{"count":6,"href":"https:\/\/ambatene.esteri.it\/it\/wp-json\/wp\/v2\/pages\/338\/revisions"}],"predecessor-version":[{"id":6912,"href":"https:\/\/ambatene.esteri.it\/it\/wp-json\/wp\/v2\/pages\/338\/revisions\/6912"}],"up":[{"embeddable":true,"href":"https:\/\/ambatene.esteri.it\/it\/wp-json\/wp\/v2\/pages\/47"}],"wp:attachment":[{"href":"https:\/\/ambatene.esteri.it\/it\/wp-json\/wp\/v2\/media?parent=338"}],"curies":[{"name":"wp","href":"https:\/\/api.w.org\/{rel}","templated":true}]}}