{"id":352,"date":"2023-07-21T15:01:11","date_gmt":"2023-07-21T12:01:11","guid":{"rendered":"https:\/\/ambatene.esteri.it\/?page_id=352"},"modified":"2025-08-27T14:23:57","modified_gmt":"2025-08-27T11:23:57","slug":"assistenza","status":"publish","type":"page","link":"https:\/\/ambatene.esteri.it\/it\/servizi-consolari-e-visti\/servizi-per-il-cittadino-italiano\/assistenza\/","title":{"rendered":"Assistenza"},"content":{"rendered":"<p style=\"text-align: justify;\">In situazioni di difficolt\u00e0 all\u2019estero, l\u2019Ufficio consolare competente, su richiesta, pu\u00f2 intervenire al fine di fornire supporto o assistenza. Ai sensi delle vigenti disposizioni europee l&#8217;Ufficio consolare pu\u00f2 prestare assistenza \u2013 per alcuni specifici interventi \u2013 anche a cittadini dell&#8217;Unione Europea che non siano cittadini italiani.<\/p>\n<p style=\"text-align: justify;\">Le competenze dell\u2019ufficio e i possibili interventi includono:<\/p>\n<ol style=\"text-align: justify;\">\n<li><strong><a href=\"#liste\">Predisposizione e aggiornamento delle liste di legali e medici di riferimento dell\u2019Ambasciata<\/a><\/strong><\/li>\n<li><strong><a href=\"#sanitaria\">Assistenza sanitaria<\/a><\/strong><\/li>\n<li><strong><a href=\"#economica\">Assistenza economica diretta e indiretta, attraverso Enti ed Associazioni assistenziali<\/a><\/strong><\/li>\n<li><strong><a href=\"#arresto\">Assistenza In caso di arresto o detenzione<\/a><\/strong><\/li>\n<li><strong><a href=\"#rimpatrio\">Rimpatrio di salme e ceneri<\/a><\/strong><\/li>\n<li><strong><a href=\"#ricerca\">Assistenza nella ricerca di connazionali<\/a><\/strong><\/li>\n<li><strong><a href=\"#trasferimento\">Informazioni di base per il trasferimento di residenza in Grecia<\/a><\/strong><\/li>\n<\/ol>\n<p style=\"text-align: justify;\">Per assistenza in caso di furto\/smarrimento di documenti di identit\u00e0 si rimanda a<strong>\u00a0<a href=\"https:\/\/ambatene.esteri.it\/ambasciata_atene\/it\/informazioni_e_servizi\/servizi_consolari\/documentiviaggio.html\">questa pagina web<\/a>.<\/strong><\/p>\n<p style=\"text-align: justify;\">Prima di intraprendere un viaggio verso la Grecia, si consiglia di leggere i<strong>\u00a0<a href=\"https:\/\/ambatene.esteri.it\/ambasciata_atene\/it\/informazioni_e_servizi\/servizi_consolari\/consigli-turisti.html\">Consigli per i turisti<\/a>\u00a0<\/strong>e la Scheda Paese della Grecia su\u00a0<strong><a href=\"https:\/\/www.viaggiaresicuri.it\/country\/GRC\">Viaggiare Sicuri<\/a>.<\/strong><\/p>\n<h5 style=\"text-align: justify;\"><strong>Contatti di reperibilit\u00e0:<\/strong> <strong>Ufficio Assistenza della Cancelleria Consolare di Atene<\/strong><\/h5>\n<p style=\"text-align: justify;\">Tel. +30 210 95 38 180\/190 (negli\u00a0<a href=\"https:\/\/ambatene.esteri.it\/ambasciata_atene\/it\/ambasciata\/gli_uffici\"><strong>orari d&#8217;ufficio<\/strong><\/a>)<\/p>\n<p style=\"text-align: justify;\">Fax: +30 210 95 31 523<\/p>\n<p style=\"text-align: justify;\">E-mail:\u00a0<strong><a href=\"mailtoambatene.consolare@esteri.it\">ambatene.consolare@esteri.it<\/a><\/strong><\/p>\n<p style=\"text-align: justify;\">In caso di emergenze relative a cittadini italiani \u00e8 inoltre disponibile un servizio di reperibilit\u00e0 oltre l\u2019orario di ufficio, le modalit\u00e0 del quale sono consultabili cliccando<strong>\u00a0<\/strong><a href=\"https:\/\/ambatene.esteri.it\/ambasciata_atene\/it\/ambasciata\/contatti-dell-ambasciata-e-numero.html\"><strong>qui<\/strong><\/a>.<\/p>\n<p style=\"text-align: justify;\">In caso di comprovata emergenza relativa a connazionali in contesti di rischio (disastri naturali, atti di terrorismo, fenomeni di pirateria, disordini di natura socio-politica all\u2019estero) \u00e8 possibile contattare l\u2019<strong><a href=\"https:\/\/www.esteri.it\/it\/unita_crisi\/\">Unit\u00e0 di Crisi<\/a>\u00a0<\/strong>della Farnesina al numero 06.36225 attivo 24\/7, o scrivere all\u2019indirizzo email:\u00a0<a href=\"mailto:unita.crisi@esteri.it\"><strong>unita.crisi@esteri.it<\/strong><\/a>.<\/p>\n<h5 style=\"text-align: justify;\"><strong>Rete Consolare onoraria <\/strong><\/h5>\n<p style=\"text-align: justify;\">Al seguente link sono disponibili i recapiti dettagliati di ogni sede della\u00a0<a href=\"https:\/\/ambatene.esteri.it\/ambasciata_atene\/it\/ambasciata\/la_rete_consolare\/la-rete-consolare.html\"><strong>Rete consolare onoraria<\/strong><\/a>.<\/p>\n<p style=\"text-align: justify;\">Per maggiori informazioni sull&#8217;assistenza ai connazionali consultare la pagina dedicata sul sito del<br \/>\n<strong><a href=\"https:\/\/www.esteri.it\/it\/servizi-consolari-e-visti\/italiani-all-estero\/assistenzacittadiniestero\/\">Ministero degli Esteri e della Cooperazione Internazionale<\/a><\/strong>.<\/p>\n<p>&nbsp;<\/p>\n<h5><strong><span id=\"liste\">1) <\/span><\/strong><strong>LEGALI\u00a0<\/strong><strong>E MEDICI DI RIFERIMENTO DELL\u2019AMBASCIATA<\/strong><\/h5>\n<p style=\"text-align: justify;\"><strong>Avvocati italofoni di riferimento<\/strong><\/p>\n<p style=\"text-align: justify;\">La Rappresentanza diplomatico-consolare pu\u00f2 fornire al connazionale che ne faccia richiesta un elenco di legali di riferimento cui rivolgersi per essere rappresentato, in quanto l\u2019Ambasciata non pu\u00f2 fornire consulenza legale o esprimersi su questioni aventi carattere di natura privata. Pertanto, a\u00a0<strong><a href=\"https:\/\/ambatene.esteri.it\/ambasciata_atene\/it\/informazioni_e_servizi\/servizi_consolari\/elenco-professionisti-di-riferimento.html\">questo link<\/a><\/strong>\u00a0\u00e8 disponibile una lista dei nominativi e relativi recapiti di alcuni professionisti di riferimento in ambito legale che parlano italiano ed operano nella Circoscrizione consolare di questa Ambasciata di cui potersi avvalere in caso di necessit\u00e0, ferma restando naturalmente la possibilit\u00e0 di rivolgersi ad altri avvocati di propria fiducia. Nel segnalare che l\u2019Ambasciata non risponde per il loro operato e per le tariffe praticate, si informa che detto elenco \u00e8 stato definito in base alle richieste d&#8217;inserimento avanzate dagli stessi professionisti e deve quindi considerarsi aperto e non esaustivo.<\/p>\n<p style=\"text-align: justify;\"><strong>Medici italofoni di riferimento<\/strong><\/p>\n<p style=\"text-align: justify;\">L\u2019Ambasciata ha predisposto una\u00a0<strong><a href=\"https:\/\/ambatene.esteri.it\/ambasciata_atene\/it\/informazioni_e_servizi\/servizi_consolari\/elenco-professionisti-di-riferimento.html\">lista di medici di riferimento<\/a><\/strong>\u00a0italofoni per i connazionali che dovessero averne eventualmente bisogno durante il loro soggiorno in Grecia, ferma restando naturalmente la possibilit\u00e0 di rivolgersi ad altri medici. Nel segnalare che l\u2019Ambasciata non risponde per il loro operato e per le tariffe praticate, si informa che detto elenco \u00e8 stato definito in base alle richieste d&#8217;inserimento avanzate dagli stessi professionisti e deve quindi considerarsi aperto e non esaustivo.<\/p>\n<p>&nbsp;<\/p>\n<h5><strong><span id=\"sanitaria\">2) <\/span><\/strong><strong>ASSISTENZA\u00a0<\/strong><strong>SANITARIA<\/strong><\/h5>\n<h6><strong>Cittadini italiani <span style=\"text-decoration: underline;\">temporaneamente<\/span> in Grecia<\/strong><\/h6>\n<p style=\"text-align: justify;\">I cittadini italiani che si trovino temporaneamente in Grecia (ad esempio per turismo o brevi trasferte lavorative) possono fruire dell\u2019<strong>assistenza sanitaria diretta<\/strong>\u00a0presentando la\u00a0<strong>Tessera Europea di Assicurazione Malattia \u2013 TEAM<\/strong>. La TEAM \u00e8 entrata in vigore anche in Italia dal 1\u00b0 novembre 2004.<\/p>\n<p style=\"text-align: justify;\">La tessera, che \u00e8 il retro della\u00a0<a href=\"https:\/\/www.agenziaentrate.gov.it\/portale\/web\/guest\/la-tessera-sanitaria\">Tessera Sanitaria nazionale &#8211; TS<\/a>\u00a0o della Carta Regionale dei Servizi, permette di usufruire, anche in Grecia, di una vasta gamma di cure medicalmente necessarie (e quindi non solo urgenti). Essa viene rilasciata, in linea di principio, a tutte le persone iscritte al Servizio Sanitario Nazionale (SSN),\u00a0<strong>in possesso della cittadinanza italiana e che hanno la residenza in Italia<\/strong>\u00a0ed \u00e8 valida per sei anni. Il rilascio della TEAM deve essere richiesto all&#8217;Azienda Sanitaria Locale (ASL) della zona in cui si risiede. La richiesta pu\u00f2 essere inoltrata anche on line tramite i servizi telematici Fisconline\/Entratel dell&#8217;Agenzia delle Entrate.<\/p>\n<p style=\"text-align: justify;\">Si precisa che la\u00a0<strong>TEAM non \u00e8 un&#8217;alternativa all&#8217;assicurazione di viaggio.\u00a0<span style=\"text-decoration: underline;\">Si raccomanda pertanto di sottoscrivere sempre un\u2019assicurazione sanitaria con un adeguato massimale<\/span><\/strong>, tale da coprire non solo le spese per eventuali cure mediche e terapie effettuate presso strutture ospedaliere e sanitarie locali, ma anche l\u2019eventuale trasferimento aereo in un altro Paese o il rimpatrio del malato, nei casi pi\u00f9 gravi anche per mezzo di aeroambulanza. Si sottolinea l\u2019importanza di tale copertura ove si intenda visitare luoghi remoti o comunque lontani dalle grandi citt\u00e0, nonch\u00e9 le isole. In molte di queste localit\u00e0 spesso non \u00e8 infatti disponibile un servizio medico che possa far fronte a situazione di particolare gravit\u00e0 o specializzazione, fatto che implica la necessit\u00e0 di trasferire i pazienti (anche in elicottero\/aereo, se di particolare urgenza) nella citt\u00e0 pi\u00f9 vicina o nella capitale.<\/p>\n<p style=\"text-align: justify;\">In caso di viaggi turistici organizzati, infine, si suggerisce di controllare attentamente il contenuto delle assicurazioni sanitarie comprese nei pacchetti di viaggio e, in assenza di garanzie adeguate, si consiglia di stipulare polizze assicurative sanitarie individuali aggiuntive.<\/p>\n<p style=\"text-align: justify;\">Si fa infine presente che gli ospedali pubblici greci prestano assistenza sanitaria di emergenza in caso di necessit\u00e0 sulla base di un sistema di turnazione.<\/p>\n<p style=\"text-align: justify;\">Per ulteriori informazioni in materia di assistenza sanitaria all&#8217;estero, si raccomanda la visione dei seguenti link:<\/p>\n<ul style=\"text-align: justify;\">\n<li><strong><a href=\"https:\/\/www.esteri.it\/it\/servizi-consolari-e-visti\/italiani-all-estero\/assistenzacittadiniestero\/assistenza_sanitaria\/\">Assistenza sanitaria all\u2019estero \u2013 Ministero degli Esteri e della Cooperazione Internazionale<\/a><\/strong><\/li>\n<li><strong><a href=\"https:\/\/www.salute.gov.it\/portale\/cureUE\/homeCureUE.jsp\">Guida interattiva del Ministero della Salute sul diritto alle cure nell\u2019U.E.<\/a><\/strong><\/li>\n<li><strong><a href=\"https:\/\/ec.europa.eu\/social\/main.jsp?catId=1021&amp;intPageId=1739&amp;langId=it\">Informazioni della Commissione Europea su TEAM e sistema sanitario greco<\/a><\/strong><\/li>\n<\/ul>\n<h6><strong>Cittadini italiani\u00a0<span style=\"text-decoration: underline;\">stabilmente\u00a0<\/span>residenti in Grecia<\/strong><\/h6>\n<p style=\"text-align: justify;\">Nel ricordare che per i connazionali che hanno deciso di risiedere stabilmente in Grecia,\u00a0<strong>sussiste il diritto-dovere di\u00a0<\/strong><a href=\"https:\/\/ambatene.esteri.it\/ambasciata_atene\/it\/informazioni_e_servizi\/servizi_consolari\/aire.html\"><strong>iscriversi all\u2019A.I.R.E.<\/strong><\/a>\u00a0(nonch\u00e9 l\u2019obbligo di regolarizzare la propria posizione di residenza presso le Autorit\u00e0 di Polizia greche), si informa che\u00a0<strong>chiunque risieda stabilmente e regolarmente in Grecia e sia titolare di un codice AMKA<\/strong>\u00a0(ulteriori informazioni sul codice AMKA sono reperibili<strong>\u00a0<a href=\"http:\/\/www.amka.gr\/index.html\">qui<\/a><\/strong>),\u00a0<strong>ha diritto ad accedere alle prestazioni sanitarie garantite dallo Stato ellenico<\/strong>\u00a0con parit\u00e0 di trattamento rispetto ai cittadini greci.<\/p>\n<p style=\"text-align: justify;\">Si fa inoltre presente che con la Legge n. 4603\/2019, a partire dal 15.03.2019 la Grecia ha abolito il libretto sanitario. In sua vece, \u00e8 stata istituita la c.d. Cartella personale sanitaria elettronica (\u0391\u03c4\u03bf\u03bc\u03b9\u03ba\u03cc\u03c2 \u0397\u03bb\u03b5\u03ba\u03c4\u03c1\u03bf\u03bd\u03b9\u03ba\u03cc\u03c2 \u03a6\u03ac\u03ba\u03b5\u03bb\u03bf\u03c2 \u03a5\u03b3\u03b5\u03af\u03b1\u03c2 &#8211; \u0391\u0397\u03a6\u03a5), che \u00e8 un sistema informatico per la prestazione di cure mediche e di registrazione di dati sanitari. L&#8217;assistenza sanitaria ai cittadini italiani residenti in Grecia \u00e8 pertanto subordinata all\u2019attivazione di una \u0391\u0397\u03a6\u03a5, che pu\u00f2 essere creata a nome di chiunque possieda un codice AMKA. Essa viene attivata dal medico curante o da un operatore sanitario abilitato, mentre il diretto interessato pu\u00f2 avervi accesso tramite i codici TAXISNET. Parallelamente \u00e8 stato istituito il sistema della Prescrizione Medica Virtuale (\u0386\u03c5\u03bb\u03b7 \u03a3\u03c5\u03bd\u03c4\u03b1\u03b3\u03bf\u03b3\u03c1\u03ac\u03c6\u03b7\u03c3\u03b7 \u2013 ulteriori informazioni\u00a0<strong><a href=\"https:\/\/howto.gov.gr\/course\/view.php?id=5\">qui<\/a><\/strong>) che consente all\u2019utente di ricevere dal medico la prescrizione di farmaci e visite mediche tramite sms o e-mail. Si ricorda infine che gli ospedali pubblici prestano assistenza sanitaria di emergenza in caso di necessit\u00e0 sulla base di un sistema di turnazione.<\/p>\n<p style=\"text-align: justify;\">Resta comunque possibile fare richiesta della TEAM locale (\u0395\u03c5\u03c1\u03c9\u03c0\u03b1\u03ca\u03ba\u03ae \u039a\u03ac\u03c1\u03c4\u03b1 \u0391\u03c3\u03c6\u03ac\u03bb\u03b9\u03c3\u03b7\u03c2 \u0391\u03c3\u03b8\u03ad\u03bd\u03b5\u03b9\u03b1\u03c2), utile per chi intenda viaggiare in Paesi in cui tale tessera \u00e8 accettata sulla base di accordi di reciprocit\u00e0 con lo Stato greco in materia di prestazioni sanitarie e sempre con la dovuta precisazione che la TEAM non \u00e8 un&#8217;alternativa all&#8217;assicurazione di viaggio. La richiesta va inoltrata presso le competenti autorit\u00e0 previdenziali elleniche (E\u03a6KA). Sono disponibili a questo<strong>\u00a0<a href=\"https:\/\/www.efka.gov.gr\/el\/eyropaike-karta-asphalises-astheneias-ekaa\">link<\/a><\/strong>\u00a0<strong>le informazioni in lingua greca sulla TEAM in Grecia, presenti sul sito dell\u2019E<\/strong><strong>\u03a6<\/strong><strong>KA<\/strong>.<\/p>\n<h6><strong>Cittadini italiani residenti in Grecia e iscritti all\u2019A.I.R.E., che rientrino temporaneamente in Italia<\/strong><\/h6>\n<p style=\"text-align: justify;\">Ai connazionali che rientrano temporaneamente nel nostro Paese e qualora gli stessi non abbiano una copertura assicurativa propria, sono riconosciute a titolo gratuito le prestazioni ospedaliere urgenti per un periodo massimo di 90 giorni per ogni anno solare. Per ottenere le prestazioni ospedaliere urgenti va tuttavia sottoscritta una dichiarazione sostitutiva di atto di notoriet\u00e0 in cui si dichiara, oltre al proprio stato di emigrato, che non si \u00e8 in possesso di una copertura assicurativa pubblica o privata contro le malattie. Tale dichiarazione sostitutiva va presentata direttamente dall\u2019interessato agli uffici ASL competenti territorialmente, senza dover passare per il tramite di questa Ambasciata.<\/p>\n<p>&nbsp;<\/p>\n<h5><strong><span id=\"economica\">3) <\/span><\/strong><strong>ASSISTENZA\u00a0<\/strong><strong>ECONOMICA<\/strong><\/h5>\n<p>Ad Atene \u00e8 operante il CO.AS.IT. (Comitato di Assistenza Italiani all\u2019estero), che offre servizi di assistenza indiretta ai cittadini residenti in Grecia che si trovano in particolari situazioni di indigenza o in contesti socio-familiari difficili. Qui di seguito i contatti del Comitato:<\/p>\n<p style=\"text-align: justify;\">Comitato Assistenza Italiani residenti in Grecia (CO.AS.IT.)<br \/>\nOdos Mitsaki,18 \u2013 11141 Galatsi (Atene)<\/p>\n<p style=\"text-align: justify;\">Tel.: 0030 210 69 12 107 e 0030 69 72 00 7259<\/p>\n<p style=\"text-align: justify;\">Fax: 0030 210 201 7628<\/p>\n<p style=\"text-align: justify;\">E-mail:\u00a0<strong><a href=\"mailto:segreteriacoasit@gmail.com\">segreteriacoasit@gmail.com<\/a><\/strong><\/p>\n<p style=\"text-align: justify;\">In casi eccezionali l\u2019Ambasciata pu\u00f2 concedere un sussidio al connazionale stabilmente residente in Grecia in stato di indigenza che ne faccia richiesta, che deve essere individuale e debitamente motivata (compilando l\u2019<strong><a href=\"https:\/\/ambatene.esteri.it\/ambasciata_atene\/resource\/doc\/2020\/04\/202004020952.pdf\">Allegato n. 1<\/a><\/strong>).<\/p>\n<p style=\"text-align: justify;\">L\u2019Ambasciata si riserva la facolt\u00e0 di effettuare ogni accertamento ritenuto opportuno atto a comprovare lo stato di indigenza del richiedente (da dimostrare, tra l\u2019altro, tramite la dichiarazione dei redditi e dei beni patrimoniali) e l\u2019inesistenza di familiari tenuti per legge a prestare assistenza (l\u2019accertamento di quest\u2019ultima condizione sar\u00e0 eventualmente demandato al Comando dei Carabinieri competente per il Comune A.I.R.E. del richiedente).<\/p>\n<p style=\"text-align: justify;\">Tale forma di sussidio non pu\u00f2 essere concesso allo stesso connazionale con frequenza periodica, in quanto deve avere carattere di eccezionalit\u00e0.<\/p>\n<p style=\"text-align: justify;\">Si ricorda che i connazionali stabilmente residenti in Grecia possono beneficiare anche dei sussidi di indigenza accordati, su richiesta degli interessati, dallo Stato greco, che si riserva di verificare le effettive condizioni di necessit\u00e0 economica (per ulteriori informazioni, consultare\u00a0<strong><a href=\"https:\/\/keaprogram.gr\/pubnr\">questo link<\/a><\/strong>).<\/p>\n<p style=\"text-align: justify;\">Si raccomanda infine ai connazionali titolari di un\u2019attivit\u00e0 economica regolarmente registrata in Grecia o che siano lavoratori autonomi ai sensi della normativa greca di rivolgersi al proprio commercialista per verificare se possano beneficiare di eventuali aiuti accordati dallo Stato ellenico agli operatori economici in difficolt\u00e0.<\/p>\n<p>&nbsp;<\/p>\n<h5><strong><span id=\"arresto\">4) <\/span><\/strong><strong>ASSISTENZA\u00a0<\/strong><strong>IN CASO DI ARRESTO O DETENZIONE<\/strong><\/h5>\n<p style=\"text-align: justify;\">L\u2019Ambasciata svolge un\u2019attivit\u00e0 di assistenza ai connazionali detenuti in Grecia, programmando visite consolari, nonch\u00e9 raccogliendo segnalazioni che pervengono dagli interessati o dalle loro famiglie, e monitorando le condizioni di detenzione.<\/p>\n<p style=\"text-align: justify;\">L\u2019Ambasciata non pu\u00f2 invece interloquire o mediare con le Autorit\u00e0 locali sotto il profilo legale, n\u00e9 intervenire attivamente in ambito processuale. Per queste attivit\u00e0 si suggerisce agli interessati di rivolgersi ad un legale in loco (vedi punto A di questa pagina web).<\/p>\n<p>&nbsp;<\/p>\n<h5><strong><span id=\"rimpatrio\">5) <\/span><\/strong><strong>RIMPATRIO\u00a0<\/strong><strong>DI SALME E CENERI<\/strong><\/h5>\n<p style=\"text-align: justify;\">In caso di decesso di un connazionale in Grecia \u00e8 necessario espletare una serie di formalit\u00e0 perch\u00e9 si possa procedere al rimpatrio della relativa salma\/urna cineraria.<\/p>\n<p style=\"text-align: justify;\">Gli interessati possono\u00a0<a href=\"https:\/\/ambatene.esteri.it\/ambasciata_atene\/it\/ambasciata\/gli_uffici\"><strong>contattare la Cancelleria Consolare<\/strong><\/a>, che provvede a fornire la modulistica necessaria, i recapiti di agenzie funebri specializzate in rimpatri internazionali e le altre informazioni pratiche indispensabili per assistere, in tali tristi circostanze, familiari e persone vicine alla persona deceduta.<\/p>\n<p>&nbsp;<\/p>\n<h5><strong><span id=\"ricerca\">6) <\/span><\/strong><strong>ASSISTENZA\u00a0<\/strong><strong>NELLA RICERCA DI CONNAZIONALI<\/strong><\/h5>\n<p style=\"text-align: justify;\">A motivo delle norme locali in materia di privacy questa Ambasciata non pu\u00f2 svolgere ricerche di persone in Grecia. Pu\u00f2 per\u00f2 veicolare la richiesta alle competenti Autorit\u00e0 greche.<\/p>\n<p style=\"text-align: justify;\">A tale fine, gli interessati potranno inviare una mail dettagliata, con tutte le informazioni utili e i dettagli anagrafici della persona che si sta cercando, all\u2019indirizzo \u00a0<strong><a href=\"mailtoambatene.consolare@esteri.it\">ambatene.consolare@esteri.it<\/a><\/strong><strong>.<\/strong><\/p>\n<p>&nbsp;<\/p>\n<h5><strong><span id=\"trasferimento\">7) <\/span><\/strong><strong>INFORMAZIONI\u00a0<\/strong><strong>DI BASE PER CHI SI TRASFERISCE IN GRECIA<\/strong><\/h5>\n<p style=\"text-align: justify;\">Per i connazionali che intendono trasferirsi in Grecia quest\u2019Ambasciata fornisce qui di seguito alcune informazioni basilari, che sar\u00e0 poi cura dell\u2019interessato approfondire con le Autorit\u00e0 greche competenti per i settori specifici, ovvero con le\u00a0<strong><a href=\"https:\/\/www.mfa.gr\/missions\/italy\/\">Rappresentanze diplomatico-consolari greche in Italia<\/a><\/strong>. Il preventivo contatto con queste ultime \u00e8 particolarmente consigliato laddove si voglia, ad esempio, portar con s\u00e9 una vettura, stante la possibile applicazione di tariffe agevolate per le pratiche, da svolgersi prima dell\u2019entrata in Grecia (vedi la pagina web \u201c<strong><a href=\"https:\/\/ambatene.esteri.it\/ambasciata_atene\/it\/informazioni_e_servizi\/servizi_consolari\/patenti-di-guida-veicoli-viabilita.html\">Patenti e Veicoli<\/a><\/strong>\u201d).<\/p>\n<p style=\"text-align: justify;\">Oltre a quanto detto relativamente alla sanit\u00e0 (nella sezione \u201cAssistenza sanitaria\u201d di questa sezione del sito web), si attira l\u2019attenzione sui seguenti temi:<\/p>\n<ol style=\"text-align: justify;\">\n<li>\u00e8 necessario richiedere il rilascio del Codice Fiscale greco (AFM) presentando direttamente domanda alla sezione competente per territorio dell\u2019Agenzia delle Entrate (DOY) muniti della documentazione richiesta (prova di residenza e documento di identit\u00e0 valido);<\/li>\n<li>in ottemperanza alle norme dell\u2019Unione Europea, la legge greca prevede che, trascorsi 3 mesi dalla data di ingresso nel Paese, se ne debba dare segnalazione alle Autorit\u00e0 di Polizia elleniche (presso la sezione di Polizia per stranieri competente per territorio), che provvederanno a rilasciare apposita documentazione;<\/li>\n<li>sempre in base alla normativa europea, vige l\u2019obbligo di conversione della patente italiana in patente greca trascorsi 6 mesi dal trasferimento della propria residenza in Grecia. Ulteriori informazioni sui veicoli sono presenti nell\u2019<a href=\"https:\/\/ambatene.esteri.it\/ambasciata_atene\/it\/informazioni_e_servizi\/servizi_consolari\/patenti-di-guida-veicoli-viabilita.html\"><strong>apposita pagina di questo sito we<\/strong>b<\/a>;<\/li>\n<li>rispetto agli obblighi verso le Autorit\u00e0 italiane invece, coloro che si trasferiscono in Grecia per almeno 12 mesi sono tenuti all\u2019iscrizione all\u2019A.I.R.E. (Anagrafe degli Italiani Residenti all\u2019Estero). Si rimanda alla specifica\u00a0<strong><a href=\"https:\/\/ambatene.esteri.it\/ambasciata_atene\/it\/informazioni_e_servizi\/servizi_consolari\/aire.html\">pagina web<\/a><\/strong> per ogni ulteriore informazione in merito e per le modalit\u00e0 attraverso cui potersi iscrivere.<\/li>\n<\/ol>\n<p style=\"text-align: justify;\">\n","protected":false},"excerpt":{"rendered":"In situazioni di difficolt\u00e0 all\u2019estero, l\u2019Ufficio consolare competente, su richiesta, pu\u00f2 intervenire al fine di fornire supporto o assistenza. Ai sensi delle vigenti disposizioni europee l&#8217;Ufficio consolare pu\u00f2 prestare assistenza \u2013 per alcuni specifici interventi \u2013 anche a cittadini dell&#8217;Unione Europea che non siano cittadini italiani. Le competenze dell\u2019ufficio e i possibili interventi includono: Predisposizione [&hellip;]","protected":false},"author":1,"featured_media":0,"parent":47,"menu_order":0,"comment_status":"closed","ping_status":"closed","template":"","meta":{"footnotes":""},"class_list":["post-352","page","type-page","status-publish","hentry"],"_links":{"self":[{"href":"https:\/\/ambatene.esteri.it\/it\/wp-json\/wp\/v2\/pages\/352","targetHints":{"allow":["GET"]}}],"collection":[{"href":"https:\/\/ambatene.esteri.it\/it\/wp-json\/wp\/v2\/pages"}],"about":[{"href":"https:\/\/ambatene.esteri.it\/it\/wp-json\/wp\/v2\/types\/page"}],"author":[{"embeddable":true,"href":"https:\/\/ambatene.esteri.it\/it\/wp-json\/wp\/v2\/users\/1"}],"replies":[{"embeddable":true,"href":"https:\/\/ambatene.esteri.it\/it\/wp-json\/wp\/v2\/comments?post=352"}],"version-history":[{"count":6,"href":"https:\/\/ambatene.esteri.it\/it\/wp-json\/wp\/v2\/pages\/352\/revisions"}],"predecessor-version":[{"id":7248,"href":"https:\/\/ambatene.esteri.it\/it\/wp-json\/wp\/v2\/pages\/352\/revisions\/7248"}],"up":[{"embeddable":true,"href":"https:\/\/ambatene.esteri.it\/it\/wp-json\/wp\/v2\/pages\/47"}],"wp:attachment":[{"href":"https:\/\/ambatene.esteri.it\/it\/wp-json\/wp\/v2\/media?parent=352"}],"curies":[{"name":"wp","href":"https:\/\/api.w.org\/{rel}","templated":true}]}}