{"id":373,"date":"2023-07-20T16:57:36","date_gmt":"2023-07-20T13:57:36","guid":{"rendered":"https:\/\/ambatene.esteri.it\/?page_id=373"},"modified":"2025-06-11T10:49:38","modified_gmt":"2025-06-11T07:49:38","slug":"voto-allestero","status":"publish","type":"page","link":"https:\/\/ambatene.esteri.it\/it\/servizi-consolari-e-visti\/servizi-per-il-cittadino-italiano\/voto-allestero\/","title":{"rendered":"Voto all&#8217;estero"},"content":{"rendered":"<div class=\"sr-only\">Per le consultazioni elettorali all&#8217;estero le Ambasciate e i Consolati svolgono un importante ruolo istituzionale. Le numerose ed impegnative operazioni da espletare, soggette ad improrogabili scadenze imposte dalla <strong><a href=\"https:\/\/www.normattiva.it\/atto\/caricaDettaglioAtto?atto.dataPubblicazioneGazzetta=2002-01-05&amp;atto.codiceRedazionale=002G0004&amp;atto.articolo.numero=0&amp;atto.articolo.sottoArticolo=1&amp;atto.articolo.sottoArticolo1=10&amp;qId=\">Legge n. 459\/2001<\/a><\/strong> in materia di voto all\u2019estero, richiedono infatti un notevole impegno da parte di tutto il personale dell&#8217;Ufficio consolare.<\/div>\n<div>\n<p>Pertanto, date anche le limitate risorse di cui si dispone, si prega di tenere presente che durante i periodi pre e post-elettorali alcuni servizi consolari potrebbero subire leggeri ritardi.<\/p>\n<p>Qui appresso vengono date alcune informazioni basilari sulle modalit\u00e0 di voto in occasione delle elezioni politiche, dei referendum abrogativi e confermativi, delle elezioni del Parlamento europeo, delle elezioni amministrative, nonch\u00e9 delle elezioni del\u00a0<a href=\"https:\/\/comites-grecia.gr\/\" target=\"_blank\" rel=\"noopener\"><strong>Com.It.Es. (Comitato Italiani residenti all\u2019Estero)<\/strong><\/a>.<\/p>\n<p>&nbsp;<\/p>\n<p><strong>ELEZIONI POLITICHE<br \/>\n<\/strong><\/p>\n<ul>\n<li>dove si vota? &gt; per gli elettori iscritti all&#8217;A.I.R.E. la legge prevede la presunzione di voto all&#8217;estero;<\/li>\n<li>come si vota? &gt; solo per posta;<\/li>\n<li>si pu\u00f2 votare in Italia? &gt; s\u00ec, ma solo facendo una specifica domanda denominata &#8220;opzione&#8221; entro e non oltre i termini e le modalit\u00e0 stabilite dalla Legge 459\/2001;<\/li>\n<li>chi manda la documentazione per votare? &gt; l&#8217;ufficio consolare competente per la localit\u00e0 di residenza invia il plico elettorale, contenente il materiale per esercitare il voto;<\/li>\n<li>dove si svolge lo spoglio delle schede? in Italia.<\/li>\n<\/ul>\n<p>&nbsp;<\/p>\n<p><strong>REFERENDUM ABROGATIVI E CONFERMATIVI<br \/>\n<\/strong><\/p>\n<ul>\n<li>dove si vota? &gt; per gli elettori iscritti all&#8217;A.I.R.E. la legge prevede la presunzione di voto all&#8217;estero;<\/li>\n<li>come si vota? &gt; solo per posta;<\/li>\n<li>si pu\u00f2 votare in Italia? &gt; s\u00ec, ma solo facendo una specifica domanda denominata &#8220;opzione&#8221; entro e non oltre i termini e le modalit\u00e0 stabilite dalla Legge 459\/2001;<\/li>\n<li>chi manda la documentazione per votare? &gt; l&#8217;ufficio consolare competente per la localit\u00e0 di residenza invia il plico elettorale, contenente il materiale per esercitare il voto;<\/li>\n<li>dove si svolge lo spoglio delle schede? in Italia.\n<div><\/div>\n<\/li>\n<\/ul>\n<p><strong>ELEZIONI DEL PARLAMENTO EUROPEO<\/strong><\/p>\n<ul>\n<li>dove si vota? &gt; gli elettori iscritti all\u2019A.I.R.E. possono votare all&#8217;estero per i candidati italiani presso i seggi istituiti dagli Uffici consolari nel territorio della Circoscrizione consolare;<\/li>\n<li>come si vota? &gt; per i candidati italiani, personalmente, presso i seggi elettorali istituiti all&#8217;estero;<\/li>\n<li>si pu\u00f2 votare per i candidati del Paese di residenza? &gt; s\u00ec, facendo l&#8217;opzione, ma non si pu\u00f2 pi\u00f9 votare per i candidati italiani, poich\u00e9 la legge prevede un divieto espresso di &#8220;doppio voto&#8221;;<\/li>\n<li>si pu\u00f2 votare in Italia? &gt; s\u00ec, facendo richiesta direttamente al Sindaco del Comune di iscrizione all\u2019A.I.R.E., entro il giorno precedente a quello delle votazioni;<\/li>\n<li>chi manda la documentazione per votare? &gt; il certificato elettorale viene inviato direttamente dal Ministero dell&#8217;Interno all&#8217;elettore residente all&#8217;estero;<\/li>\n<li>dove si svolge lo spoglio delle schede? &gt; in Italia.<\/li>\n<\/ul>\n<p>&nbsp;<\/p>\n<p><strong>ELEZIONI COM.IT.ES.<br \/>\n<\/strong><\/p>\n<ul>\n<li>dove si vota? &gt; solo all&#8217;estero;<\/li>\n<li>come si vota? &gt; per posta, facendone espressa richiesta all&#8217;Ufficio consolare competente;<\/li>\n<li>si pu\u00f2 votare in Italia? &gt; no, il Com.It.Es. \u00e8 un organo che esiste solo all&#8217;estero;<\/li>\n<li>chi manda la documentazione per votare? &gt; l&#8217;Ufficio consolare competente per la localit\u00e0 di residenza invia il plico elettorale, contenente il materiale per esercitare il voto;<\/li>\n<li>dove si svolge lo spoglio delle schede? &gt; all&#8217;estero, presso seggi istituiti solo a scopo di scrutinio.<\/li>\n<\/ul>\n<p>&nbsp;<\/p>\n<p><strong>ELEZIONI AMMINISTRATIVE (Regionali, Provinciali e Comunali)<br \/>\n<\/strong><\/p>\n<ul>\n<li>dove si vota? &gt; esclusivamente in territorio italiano, presso i seggi istituiti dai Comuni;<\/li>\n<li>come si vota? &gt; personalmente, con la tessera elettorale fornita dal Comune competente;<\/li>\n<li>si pu\u00f2 votare all&#8217;estero? &gt; no, non \u00e8 previsto il voto all&#8217;estero;<\/li>\n<li>quando ci sono le elezioni? &gt; i Comuni inviano una cartolina-avviso ai propri elettori residenti all&#8217;estero ed iscritti all&#8217;A.I.R.E. informandoli della data delle elezioni, delle modalit\u00e0 per partecipare ai comizi, ecc. Tale cartolina deve essere esibita per ottenere eventuali sconti e agevolazioni di viaggio;<\/li>\n<li>sono previste agevolazioni di viaggio? &gt; s\u00ec, per le agevolazioni di viaggio sul territorio nazionale si consiglia di visitare il sito web del\u00a0<strong><a href=\"https:\/\/dait.interno.gov.it\/\" target=\"_blank\" rel=\"noopener\">Ministero dell&#8217;Interno<\/a><\/strong>; per agevolazioni specifiche previste dal Comune o dalla Regione, si consiglia di contattare direttamente il proprio Comune di riferimento.<\/li>\n<\/ul>\n<p>&nbsp;<\/p>\n<p>Informazioni generali relative alle consultazioni elettorali amministrative e referendum locali sono reperibili sull\u2019<strong><a href=\"https:\/\/www.esteri.it\/it\/servizi-consolari-e-visti\/italiani-all-estero\/votoestero\/\" target=\"_blank\" rel=\"noopener\">apposita pagina web del Ministero degli Affari Esteri e della Cooperazione Internazionale<\/a><\/strong>.<\/p>\n<\/div>\n","protected":false},"excerpt":{"rendered":"Per le consultazioni elettorali all&#8217;estero le Ambasciate e i Consolati svolgono un importante ruolo istituzionale. Le numerose ed impegnative operazioni da espletare, soggette ad improrogabili scadenze imposte dalla Legge n. 459\/2001 in materia di voto all\u2019estero, richiedono infatti un notevole impegno da parte di tutto il personale dell&#8217;Ufficio consolare. Pertanto, date anche le limitate risorse [&hellip;]","protected":false},"author":6,"featured_media":0,"parent":47,"menu_order":22,"comment_status":"closed","ping_status":"closed","template":"","meta":{"footnotes":""},"class_list":["post-373","page","type-page","status-publish","hentry"],"_links":{"self":[{"href":"https:\/\/ambatene.esteri.it\/it\/wp-json\/wp\/v2\/pages\/373","targetHints":{"allow":["GET"]}}],"collection":[{"href":"https:\/\/ambatene.esteri.it\/it\/wp-json\/wp\/v2\/pages"}],"about":[{"href":"https:\/\/ambatene.esteri.it\/it\/wp-json\/wp\/v2\/types\/page"}],"author":[{"embeddable":true,"href":"https:\/\/ambatene.esteri.it\/it\/wp-json\/wp\/v2\/users\/6"}],"replies":[{"embeddable":true,"href":"https:\/\/ambatene.esteri.it\/it\/wp-json\/wp\/v2\/comments?post=373"}],"version-history":[{"count":2,"href":"https:\/\/ambatene.esteri.it\/it\/wp-json\/wp\/v2\/pages\/373\/revisions"}],"predecessor-version":[{"id":6561,"href":"https:\/\/ambatene.esteri.it\/it\/wp-json\/wp\/v2\/pages\/373\/revisions\/6561"}],"up":[{"embeddable":true,"href":"https:\/\/ambatene.esteri.it\/it\/wp-json\/wp\/v2\/pages\/47"}],"wp:attachment":[{"href":"https:\/\/ambatene.esteri.it\/it\/wp-json\/wp\/v2\/media?parent=373"}],"curies":[{"name":"wp","href":"https:\/\/api.w.org\/{rel}","templated":true}]}}