{"id":41,"date":"2023-11-15T15:07:19","date_gmt":"2023-11-15T12:07:19","guid":{"rendered":"https:\/\/ambasciatapraga.esteri.it\/?page_id=41"},"modified":"2025-08-28T11:39:55","modified_gmt":"2025-08-28T08:39:55","slug":"numeri-di-emergenza","status":"publish","type":"page","link":"https:\/\/ambatene.esteri.it\/it\/chi-siamo\/numeri-di-emergenza\/","title":{"rendered":"Numeri di emergenza"},"content":{"rendered":"<p style=\"text-align: justify;\">L&#8217;Ambasciata d&#8217;Italia ad Atene fornisce ai connazionali un\u00a0<strong>servizio di reperibilit\u00e0 oltre l\u2019orario d\u2019ufficio<\/strong>\u00a0(il centralino della Cancelleria Diplomatica \u00e8 attivo fino alle 18; per gli orari della Cancelleria Consolare\u00a0<strong><a href=\"https:\/\/ambatene.esteri.it\/it\/chi-siamo\/gli-uffici\/\">clicca qui<\/a><\/strong>). Il servizio di reperibilit\u00e0 \u00e8 raggiungibile, negli orari sotto riportati, al numero +30 6937453142.<\/p>\n<p style=\"text-align: justify;\">Tale servizio \u00e8\u00a0<b>riservato ai soli casi di assoluta e comprovata emergenza che richiedono interventi immediati e non differibili da parte del Ministero degli Esteri a tutela dei cittadini italiani all\u2019estero<\/b>\u00a0(ad titolo esemplificativo: catastrofi naturali, gravi incidenti stradali con conseguenze mortali o ferite gravi, arresti, etc.).<\/p>\n<p style=\"text-align: justify;\">Per\u00a0<strong>questioni consolari non urgenti\u00a0<\/strong>(ad esempio: rilascio di un documento di viaggio provvisorio in caso di smarrimento o furto del proprio documento, rilascio di documenti di identit\u00e0, etc.) \u00e8 possibile contattare la Cancelleria Consolare dal luned\u00ec al venerd\u00ec <strong><a href=\"https:\/\/ambatene.esteri.it\/it\/chi-siamo\/gli-uffici\/\">negli orari d&#8217;apertura al pubblico<\/a><\/strong>. Alla luce dell&#8217;elevatissimo numero di comunicazioni ricevute durante la stagione turistica, \u00e8 altamente raccomandabile contattarci inviando una mail a<strong>\u00a0<a href=\"mailto:ambatene.consolare@esteri.it\">ambatene.consolare@esteri.it<\/a><\/strong>, a cui verr\u00e0 data una risposta in tempi brevi.<\/p>\n<p><a href=\"tel:+306937453142\"><img loading=\"lazy\" decoding=\"async\" class=\"img-fluid wp-image-556 size-medium aligncenter\" src=\"https:\/\/ambatene.esteri.it\/wp-content\/uploads\/2023\/07\/emergenza2-300x221.jpg\" alt=\"emergenza2\" width=\"300\" height=\"221\" srcset=\"https:\/\/ambatene.esteri.it\/wp-content\/uploads\/2023\/07\/emergenza2-300x221.jpg 300w, https:\/\/ambatene.esteri.it\/wp-content\/uploads\/2023\/07\/emergenza2-1024x753.jpg 1024w, https:\/\/ambatene.esteri.it\/wp-content\/uploads\/2023\/07\/emergenza2-768x565.jpg 768w, https:\/\/ambatene.esteri.it\/wp-content\/uploads\/2023\/07\/emergenza2.jpg 1139w\" sizes=\"auto, (max-width: 300px) 100vw, 300px\" \/><\/a><\/p>\n<p style=\"text-align: center;\">***<\/p>\n<p style=\"text-align: justify;\">Il servizio di reperibilit\u00e0 viene assicurato sulla base di questo calendario:<\/p>\n<p style=\"text-align: justify;\"><strong>FINE SETTIMANA E GIORNI FESTIVI<\/strong><\/p>\n<p style=\"text-align: justify;\">Tutto l\u2019anno dalle 18 alle 22 del venerd\u00ec sera e dalle 8 alle 22 dei sabati, delle domeniche e dei giorni festivi;<\/p>\n<p style=\"text-align: justify;\"><strong>DURANTE I GIORNI LAVORATIVI<\/strong><\/p>\n<p style=\"text-align: justify;\">Alla luce del pi\u00f9 ampio numero di turisti italiani nel Paese, viene assicurato un servizio di reperibilit\u00e0 anche durante i giorni lavorativi nei mesi di aprile, maggio, giugno, luglio, agosto e settembre, dal luned\u00ec al gioved\u00ec, dalle 18 alle 22.<\/p>\n<p style=\"text-align: justify;\">In caso di\u00a0<strong>assoluta emergenza in orari diversi da quelli di reperibilit\u00e0 telefonica della Sede<\/strong>, \u00e8 possibile contattare il seguente numero del Ministero degli Affari Esteri e della Cooperazione Internazionale:\u00a0<strong>0039 0636912790<\/strong>.<\/p>\n<p style=\"text-align: justify;\">Per segnalazioni e richieste di aiuto, \u00e8 possibile contattare la Protezione Civile greca, ai seguenti numeri:<br \/>\n+30 2131331200 (per pericolo imminente)<br \/>\n+30 2103681259<br \/>\n+30 2103681350<br \/>\n+30 2103681730<\/p>\n<p style=\"text-align: justify;\">A\u00a0<a href=\"https:\/\/ambatene.esteri.it\/wp-content\/uploads\/2023\/07\/servizio_di_reperibilit_2021.pdf\"><strong>questa pagina<\/strong><\/a>\u00a0\u00e8 possibile trovare altri numeri utili per contattare le Autorit\u00e0 greche in caso di emergenza.<\/p>\n<p>Nel contattare l\u2019ufficio assistenza o il numero di emergenza si invita a prendere attenta visione dell&#8217;<a href=\"https:\/\/ambatene.esteri.it\/it\/servizi-consolari-e-visti\/servizi-per-il-cittadino-italiano\/informativa-sul-trattamento-dei-dati-personali\/\">informativa sulla protezione dei dati personali riguardante i servizi consolari<\/a>, ai sensi del Regolamento Generale sulla Protezione dei Dati (UE) n. 2016\/679.<\/p>\n","protected":false},"excerpt":{"rendered":"L&#8217;Ambasciata d&#8217;Italia ad Atene fornisce ai connazionali un\u00a0servizio di reperibilit\u00e0 oltre l\u2019orario d\u2019ufficio\u00a0(il centralino della Cancelleria Diplomatica \u00e8 attivo fino alle 18; per gli orari della Cancelleria Consolare\u00a0clicca qui). Il servizio di reperibilit\u00e0 \u00e8 raggiungibile, negli orari sotto riportati, al numero +30 6937453142. Tale servizio \u00e8\u00a0riservato ai soli casi di assoluta e comprovata emergenza che [&hellip;]","protected":false},"author":1,"featured_media":0,"parent":13,"menu_order":6,"comment_status":"closed","ping_status":"closed","template":"","meta":{"footnotes":""},"class_list":["post-41","page","type-page","status-publish","hentry"],"_links":{"self":[{"href":"https:\/\/ambatene.esteri.it\/it\/wp-json\/wp\/v2\/pages\/41","targetHints":{"allow":["GET"]}}],"collection":[{"href":"https:\/\/ambatene.esteri.it\/it\/wp-json\/wp\/v2\/pages"}],"about":[{"href":"https:\/\/ambatene.esteri.it\/it\/wp-json\/wp\/v2\/types\/page"}],"author":[{"embeddable":true,"href":"https:\/\/ambatene.esteri.it\/it\/wp-json\/wp\/v2\/users\/1"}],"replies":[{"embeddable":true,"href":"https:\/\/ambatene.esteri.it\/it\/wp-json\/wp\/v2\/comments?post=41"}],"version-history":[{"count":6,"href":"https:\/\/ambatene.esteri.it\/it\/wp-json\/wp\/v2\/pages\/41\/revisions"}],"predecessor-version":[{"id":7263,"href":"https:\/\/ambatene.esteri.it\/it\/wp-json\/wp\/v2\/pages\/41\/revisions\/7263"}],"up":[{"embeddable":true,"href":"https:\/\/ambatene.esteri.it\/it\/wp-json\/wp\/v2\/pages\/13"}],"wp:attachment":[{"href":"https:\/\/ambatene.esteri.it\/it\/wp-json\/wp\/v2\/media?parent=41"}],"curies":[{"name":"wp","href":"https:\/\/api.w.org\/{rel}","templated":true}]}}