{"id":42,"date":"2024-04-08T10:08:31","date_gmt":"2024-04-08T07:08:31","guid":{"rendered":"https:\/\/ambasciatapraga.esteri.it\/?page_id=42"},"modified":"2026-02-20T15:17:28","modified_gmt":"2026-02-20T12:17:28","slug":"la-rete-consolare","status":"publish","type":"page","link":"https:\/\/ambatene.esteri.it\/it\/chi-siamo\/la-rete-consolare\/","title":{"rendered":"La Rete Consolare"},"content":{"rendered":"<h4><strong>La Cancelleria Consolare<\/strong><\/h4>\n<p>Nella Repubblica Ellenica tutti i servizi consolari sono erogati dalla Cancelleria Consolare dell&#8217;Ambasciata d&#8217;Italia in Atene che ha competenza su tutta la Grecia.<\/p>\n<p><strong>Cancelleria Consolare di Atene<\/strong><\/p>\n<p><strong>Telefono:<\/strong> +30 2109538180 \/ 190<br \/>\n<strong>Fax:<\/strong> +30 2109531523<br \/>\n<strong>E-mail: <a href=\"mailto:ambatene.consolare@esteri.it\">ambatene.consolare@esteri.it<\/a><\/strong><br \/>\n<strong>PEC:<\/strong> amb.atene.consolare@cert.esteri.it<\/p>\n<p><strong>Indirizzo:<\/strong><br \/>\nPatriarchou Ioakeim, 38<br \/>\n106 75 ATENE<br \/>\n(Metro 3 \u2013 Linea blu \u2013 Fermata Evangelismos) \u2013 <a href=\"https:\/\/maps.google.it\/maps?q=patriarchou+ioakeim+38+athens+greece&amp;ie=UTF-%20%208&amp;hq=&amp;hnear=0x14a1bd4666cb83d3:0xf807373cef7e833d,Patriarchou+Ioakim+38,+Athina,%20%20+Grecia&amp;gl=it&amp;ei=furSUe2FLcjQOfWlgYAL&amp;ved=0CC8Q8gEwAA\"><em>MAPPA<\/em><\/a><br \/>\n<strong><br \/>\nInformazioni utili:<\/strong><\/p>\n<ul>\n<li style=\"list-style-type: none;\">\n<ul>\n<li><strong><a href=\"https:\/\/ambatene.esteri.it\/it\/chi-siamo\/numeri-di-emergenza\/\">Numero di Emergenza<\/a><\/strong><\/li>\n<li><strong><a href=\"https:\/\/ambatene.esteri.it\/it\/chi-siamo\/gli-uffici\/\">Orario di apertura degli sportelli al pubblico<\/a><\/strong><\/li>\n<li><strong><a title=\"Prenotazione dei servizi consolari\" href=\"https:\/\/prenotami.esteri.it\/\">Prenotazione OnLine dei servizi consolari<\/a><\/strong><\/li>\n<\/ul>\n<\/li>\n<\/ul>\n<p>Al fine di assicurare una migliore presenza sul territorio e rendere pi\u00f9 efficace l\u2019azione consolare \u00e8 operante in Grecia una capillare rete di Uffici consolari onorari.<br \/>\nI titolari di tali incarichi, non retribuiti e di natura onorifica, prestano la prima assistenza in loco ai turisti italiani e sono abilitati a\u00a0svolgere una limitata tipologia di atti consolari, alcuni dei quali erogati a pagamento.<\/p>\n<p>&nbsp;<\/p>\n<h4><strong>La rete consolare onoraria<\/strong><\/h4>\n<p><strong>CEFALONIA<\/strong><br \/>\nAGENTE CONSOLARE ONORARIO<br \/>\n<strong>Avv. Graziella Micheletti<\/strong><br \/>\nStavrou Metax\u00e0, 21<br \/>\n281 00\u00a0 ARGOSTOLI<br \/>\n<strong>Tel.\/Fax: <\/strong>+302671026306<br \/>\n<strong>Cellulare:<\/strong> +306973062343<br \/>\n<strong>E-mail:<\/strong>\u00a0<a href=\"mailto:cefalonia.onorario@esteri.it\">cefalonia.onorario@esteri.it<\/a><br \/>\n<strong>Orario:<\/strong> aperto nei giorni feriali dalle 10 alle 13<\/p>\n<p><a href=\"https:\/\/ambatene.esteri.it\/wp-content\/uploads\/2023\/07\/DLF_Micheletti-Cefalonia.pdf\">Decreto Limitazione Funzioni<\/a><\/p>\n<p><a href=\"https:\/\/ambatene.esteri.it\/wp-content\/uploads\/2023\/07\/DLF-MICHELETTI-Cefalonia-gr.pdf\">\u0391\u03c0\u03cc\u03c6\u03b1\u03c3\u03b7 \u039f\u03c1\u03b9\u03bf\u03b8\u03ad\u03c4\u03b7\u03c3\u03b7\u03c2 \u039a\u03b1\u03b8\u03b7\u03ba\u03cc\u03bd\u03c4\u03c9\u03bd<\/a><\/p>\n<p>&nbsp;<\/p>\n<p><strong>CHANI\u00c0 (CRETA)<\/strong><br \/>\nAGENZIA CONSOLARE ONORARIA (vacante)<\/p>\n<p>&nbsp;<\/p>\n<p><strong>CHIOS<\/strong><br \/>\nAGENTE CONSOLARE ONORARIO<br \/>\n<strong>Dr. Dimitrios Kokkinakis<\/strong><br \/>\nI. Chandri, 8<br \/>\nAgios Vlasios, Kampos<br \/>\n82100 Chios<br \/>\n<strong>Tel.: <\/strong>+30 2271052250<strong><br \/>\nCellulare:<\/strong> +30 6937193958<br \/>\n<strong>E-mail:\u00a0<\/strong><a href=\"mailto:chios.onorario@esteri.it\">chios.onorario@esteri.it<\/a><\/p>\n<p><a href=\"https:\/\/ambatene.esteri.it\/wp-content\/uploads\/2023\/09\/ESTRATTO_AGG_DLF_KOKKINAKIS_ACO_CHIOS.pdf\">Decreto Limitazione Funzioni<\/a><\/p>\n<p><a href=\"https:\/\/ambatene.esteri.it\/wp-content\/uploads\/2023\/09\/DLF-KOKKINAKIS-nuovo-gr.pdf\">\u0391\u03c0\u03cc\u03c6\u03b1\u03c3\u03b7 \u039f\u03c1\u03b9\u03bf\u03b8\u03ad\u03c4\u03b7\u03c3\u03b7\u03c2 \u039a\u03b1\u03b8\u03b7\u03ba\u03cc\u03bd\u03c4\u03c9\u03bd<\/a><\/p>\n<p>&nbsp;<\/p>\n<p><strong>CORINTO<\/strong><br \/>\nCORRISPONDENTE CONSOLARE<br \/>\n<strong>Dr. Christos Papavasiliou<\/strong><br \/>\nAg. Ioannou 2, Kentriki&#8217; Platia<br \/>\n203 00 Loutraki &#8211; Korinthos<br \/>\n<strong>Tel.\/fax:<\/strong> +30 2108946800<br \/>\n<strong>Cellulare:<\/strong> +30 6932272999<br \/>\n<strong>E-mail:<\/strong> <a href=\"mailto:chrispapas1948@gmail.com\">chrispapas1948@gmail.com<\/a><\/p>\n<p>&nbsp;<\/p>\n<p><strong>FOLEGANDROS<\/strong><br \/>\nCORRISPONDENTE CONSOLARE<br \/>\n<strong>Sig. Flavio Facciolo<\/strong><br \/>\nAgenz. Turistica &#8220;Sottovento&#8221;<br \/>\n840 11 Folegrandos<br \/>\n<strong>Tel.:<\/strong> +30 2286041444<br \/>\n<strong>E-mail:<\/strong>\u00a0<a href=\"mailto:sottovento@folegandrosisland.com\">sottovento@folegandrosisland.com<\/a><\/p>\n<p>&nbsp;<\/p>\n<p><strong>IGOUMENITSA<br \/>\n<\/strong>AGENTE CONSOLARE ONORARIO<br \/>\n<strong>Avv. Spyros Mandellas<\/strong><br \/>\nGrigoriou Lambraki, 3<br \/>\n46100 Igoumenitsa &#8211; Thesprotias<br \/>\n<strong>Tel.\/Fax:<\/strong> +30 2665027350<br \/>\n<strong>Cellulare: <\/strong>+30 6944566120<br \/>\n<strong>E-mail:<\/strong> <a href=\"mailto:igoumenitsa.onorario@esteri.it\">igoumenitsa.onorario@esteri.it<\/a><br \/>\n<strong>Orario:<\/strong> aperto dalle 10.00 alle 13.00 dei giorni feriali<\/p>\n<p><a href=\"https:\/\/ambatene.esteri.it\/wp-content\/uploads\/2023\/07\/DLF-MANDELLAS.pdf\">Decreto Limitazione Funzioni<\/a><\/p>\n<p><a href=\"https:\/\/ambatene.esteri.it\/wp-content\/uploads\/2023\/07\/DLF-MANDELLAS-Igoumenitsa-gr.pdf\">\u0391\u03c0\u03cc\u03c6\u03b1\u03c3\u03b7 \u039f\u03c1\u03b9\u03bf\u03b8\u03ad\u03c4\u03b7\u03c3\u03b7\u03c2 \u039a\u03b1\u03b8\u03b7\u03ba\u03cc\u03bd\u03c4\u03c9\u03bd<\/a><\/p>\n<p>&nbsp;<\/p>\n<p><strong>IOS<\/strong><br \/>\nCORRISPONDENTE CONSOLARE<br \/>\n<strong>Sig.ra Debora Gazzo<\/strong><br \/>\nBouda 3, Ios 840 01<br \/>\n<strong>Tel.:<\/strong> +30 6932556116<br \/>\n<strong>E-mail:<\/strong>\u00a0<a href=\"mailto:dgazzo@hotmail.com\">dgazzo@hotmail.com<\/a><\/p>\n<p>&nbsp;<\/p>\n<p><strong>IRAKLION (CRETA)<\/strong><br \/>\nVICE CONSOLE ONORARIO<br \/>\n<strong>Ing. Paolo Bartolozzi<\/strong><br \/>\nZografou , 13<br \/>\n712 01 Iraklion<br \/>\n<strong>Tel.:<\/strong> +30 2810342561<br \/>\n<strong>Fax:<\/strong> +30 2810301166<br \/>\n<strong>Cellulare:<\/strong> +30 6972676908 &#8211; Solo per comprovate emergenze<br \/>\n<strong>E-mail:<\/strong> <a href=\"mailto:iraklion.onorario@esteri.it\">iraklion.onorario@esteri.it<\/a><br \/>\n<strong>Orario:<\/strong> su appuntamento: luned\u00ec e gioved\u00ec 18.30 &#8211; 20.30, il sabato 10.30 &#8211; 12.30. Si prega di chiamare il numero: +30 6972676908<\/p>\n<p><a href=\"https:\/\/ambatene.esteri.it\/wp-content\/uploads\/2023\/07\/DLF-BARTOLOZZI-.pdf\">Decreto Limitazione Funzioni<\/a><\/p>\n<p><a href=\"https:\/\/ambatene.esteri.it\/wp-content\/uploads\/2023\/07\/DLF-BARTOLOZZI-Iraklion-gr.pdf\">\u0391\u03c0\u03cc\u03c6\u03b1\u03c3\u03b7 \u039f\u03c1\u03b9\u03bf\u03b8\u03ad\u03c4\u03b7\u03c3\u03b7\u03c2 \u039a\u03b1\u03b8\u03b7\u03ba\u03cc\u03bd\u03c4\u03c9\u03bd<\/a><\/p>\n<p>&nbsp;<\/p>\n<p><strong>ITACA<\/strong><br \/>\nCORRISPONDENTE CONSOLARE<br \/>\n<strong>Arch. Giovanna Cavallo Deftereou<\/strong><br \/>\nloc. Vath\u00ec<br \/>\n283 00 Itaca<br \/>\n<strong>Tel.\/Fax:<\/strong> +30 2674032397<br \/>\n<strong>Cellulare:<\/strong> +30 6977906027<br \/>\n<strong>E-mail:<\/strong>\u00a0<a href=\"mailto:info@sarachinikovilla.gr\">info@sarachinikovilla.gr<\/a><\/p>\n<p>&nbsp;<\/p>\n<p><strong>KALAMATA<\/strong><br \/>\nAGENTE CONSOLARE ONORARIO<br \/>\n<strong>Sig.ra Margherita Bovicelli<\/strong><br \/>\nOdos Konstantino Mpoufea, 46B<br \/>\n252 00 Messini<br \/>\n<strong>Tel.:<\/strong> +30 2722025095<br \/>\n<strong>Fax:<\/strong> +30 2722023760<br \/>\n<strong>Cellulare:<\/strong> +30 6977454642<br \/>\n<strong>E-mail:<\/strong> <a href=\"mailto:kalamata.onorario@esteri.it\">kalamata.onorario@esteri.it<\/a><br \/>\n<strong>Orario:<\/strong> luned\u00ec &#8211; mercoled\u00ec dalle 9 alle 12, venerd\u00ec dalle 18 alle 20<\/p>\n<p><a href=\"https:\/\/ambatene.esteri.it\/wp-content\/uploads\/2023\/07\/DLF-BOVICELLI.pdf\">Decreto Limitazione Funzioni<\/a><\/p>\n<p><a href=\"https:\/\/ambatene.esteri.it\/wp-content\/uploads\/2023\/07\/DLF-BOVICELLI-Kalamata-gr.pdf\">\u0391\u03c0\u03cc\u03c6\u03b1\u03c3\u03b7 \u039f\u03c1\u03b9\u03bf\u03b8\u03ad\u03c4\u03b7\u03c3\u03b7\u03c2 \u039a\u03b1\u03b8\u03b7\u03ba\u03cc\u03bd\u03c4\u03c9\u03bd<\/a><\/p>\n<p>&nbsp;<\/p>\n<p><strong>KAVALA<\/strong><br \/>\nVICE CONSOLE ONORARIO<br \/>\n<strong>Dr. Federico Lazaridis<\/strong><br \/>\nTsarouchi, 1<br \/>\n655 00 Palio&#8217; Tsifliki<br \/>\n<strong>Tel.:<\/strong> +30 2521082049 &#8211; +30 2510442452<br \/>\n<strong>Fax:<\/strong> +30 25210 82047<br \/>\n<strong>E-mail:<\/strong>\u00a0<a href=\"mailto:kavala.onorario@esteri.it\">kavala.onorario@esteri.it<\/a><br \/>\n<strong>Orario:<\/strong> su appuntamento, dal luned\u00ec al venerd\u00ec dalle ore 09:00 alle ore 15:00<\/p>\n<p><a href=\"https:\/\/ambatene.esteri.it\/wp-content\/uploads\/2023\/07\/DLF-LAZARIDIS.pdf\">Decreto Limitazione Funzioni<\/a><\/p>\n<p><a href=\"https:\/\/ambatene.esteri.it\/wp-content\/uploads\/2023\/07\/DLF-LAZARIDIS-Kavala-gr.pdf\">\u0391\u03c0\u03cc\u03c6\u03b1\u03c3\u03b7 \u039f\u03c1\u03b9\u03bf\u03b8\u03ad\u03c4\u03b7\u03c3\u03b7\u03c2 \u039a\u03b1\u03b8\u03b7\u03ba\u03cc\u03bd\u03c4\u03c9\u03bd<\/a><\/p>\n<p>&nbsp;<\/p>\n<p><strong>KERKYRA (CORFU\u2019)<\/strong><br \/>\nCONSOLE ONORARIO<br \/>\n<strong>Dott. Federico Valsamis<\/strong><br \/>\nEthnikis Palaiokastritsas 60, Solari<br \/>\n49100 Corf\u00f9<br \/>\n<strong>Tel.\/fax.:<\/strong> +30 2661045128<br \/>\n<strong>Cellulare:<\/strong> solo per le emergenze : +30 6939675486 (orario 08:00-22:00)<br \/>\n<strong>E-mail:<\/strong>\u00a0<a href=\"mailto:corfu.onorario@esteri.it\">corfu.onorario@esteri.it<\/a><br \/>\n<strong>Orario:<\/strong> \u00a0dal luned\u00ec al venerd\u00ec, dalle ore 10:00 alle ore 12:00<\/p>\n<p><a href=\"https:\/\/ambatene.esteri.it\/wp-content\/uploads\/2023\/07\/DLF_VALSAMIS_CO_CORFU_GRECIA.pdf\">Decreto Limitazione Funzioni<\/a><\/p>\n<p><a href=\"https:\/\/ambatene.esteri.it\/wp-content\/uploads\/2023\/07\/DLF-VALSAMIS-Corfu-gr.pdf\">\u0391\u03c0\u03cc\u03c6\u03b1\u03c3\u03b7 \u039f\u03c1\u03b9\u03bf\u03b8\u03ad\u03c4\u03b7\u03c3\u03b7\u03c2 \u039a\u03b1\u03b8\u03b7\u03ba\u03cc\u03bd\u03c4\u03c9\u03bd<\/a><\/p>\n<p>&nbsp;<\/p>\n<p><strong>LARISSA (vacante)<\/strong><br \/>\nCORRISPONDENTE CONSOLARE<br \/>\nAgorogianni Ath 25<br \/>\n41335 Larissa<br \/>\n<strong>E-mail:<\/strong>\u00a0<a href=\"mailto:info@hellasbak.gr\">info@hellasbak.gr<\/a><\/p>\n<p>&nbsp;<\/p>\n<p><strong>LEMNOS<\/strong><br \/>\nCORRISPONDENTE CONSOLARE<br \/>\n<strong>Dr. Costantino Doras<\/strong><br \/>\nP.Box 107<br \/>\n81400 Myrina Lemnos<br \/>\n<strong>Tel.:<\/strong> +30 2254111246<br \/>\n<strong>Cellulare:<\/strong> +30 6946281307<br \/>\n<strong>E-mail:<\/strong>\u00a0<a href=\"mailto:doraslemnos@gmail.com\">doraslemnos@gmail.com<\/a><\/p>\n<p>&nbsp;<\/p>\n<p><strong>MYKONOS<\/strong><br \/>\nAGENZIA CONSOLARE ONORARIA (vacante)<\/p>\n<p>&nbsp;<\/p>\n<p><strong>NAFPLIO<\/strong><br \/>\nCORRISPONDENTE CONSOLARE<br \/>\n<strong>Avv.\u00a0Claudia Raffo<\/strong><br \/>\nVassileos Konstantinou, 1<br \/>\n211 00 Nafplio<br \/>\n<strong>Tel.:<\/strong> +30 2752023520<br \/>\n<strong>Cellulare:<\/strong> +30 6993185805<br \/>\n<strong>E-mail:<\/strong>\u00a0<a href=\"mailto:claudiarafo@gmail.com\">claudiarafo@gmail.com<\/a><\/p>\n<p>&nbsp;<\/p>\n<p><strong>PAROS<br \/>\n<\/strong>AGENTE CONSOLARE ONORARIO<span style=\"text-decoration: line-through;\"><br \/>\n<\/span><strong>Ing. Marco Pirolo<\/strong><br \/>\nVagia Kampos<br \/>\n844 00 Paros<br \/>\n<strong>Tel.:<\/strong> +30 2284091404<br \/>\n<strong>Cellulare:<\/strong> +30 6980735965<br \/>\n<strong>E-mail:<\/strong> <a href=\"mailto:paros.onorario@esteri.it\">paros.onorario@esteri.it<\/a><br \/>\n<strong>Orario:<\/strong> su appuntamento, dal luned\u00ec al venerd\u00ec dalle 10 alle 15<\/p>\n<p><a href=\"https:\/\/ambatene.esteri.it\/wp-content\/uploads\/2024\/02\/Paros_decreto_delimitazione_2023.pdf\">Decreto Limitazione Funzioni<\/a><\/p>\n<p><a href=\"https:\/\/ambatene.esteri.it\/wp-content\/uploads\/2024\/02\/DLF-PIROLO-Paros-gr.pdf\">\u0391\u03c0\u03cc\u03c6\u03b1\u03c3\u03b7 \u039f\u03c1\u03b9\u03bf\u03b8\u03ad\u03c4\u03b7\u03c3\u03b7\u03c2 \u039a\u03b1\u03b8\u03b7\u03ba\u03cc\u03bd\u03c4\u03c9\u03bd<\/a><\/p>\n<p>&nbsp;<\/p>\n<p><strong>PATRASSO<br \/>\n<\/strong>CONSOLE ONORARIO<br \/>\n<strong>Dr.ssa Kassiani Dimopoulos<\/strong><br \/>\nP.P. Germanou, 63<br \/>\n26225 \u2013 Patrasso<br \/>\n<strong>Tel.:<\/strong> +30 2610620900<br \/>\n<strong>Cellulare:<\/strong> +30 6906462385 &#8211; solo per comprovate emergenze<br \/>\n<strong>E-mail:<\/strong> <a href=\"mailto:patrasso.onorario@esteri.it\">patrasso.onorario@esteri.it <\/a><br \/>\n<strong>Orario:<\/strong> dal luned\u00ec al venerd\u00ec, dalle ore 10 alle ore 12<\/p>\n<p><a href=\"https:\/\/ambatene.esteri.it\/wp-content\/uploads\/2023\/07\/DLF_DIMOPOULOS.pdf\">Decreto Limitazione Funzion<\/a>i<\/p>\n<p><a href=\"https:\/\/ambatene.esteri.it\/wp-content\/uploads\/2023\/07\/DLF-DIMOPOULOS-gr.pdf\">\u0391\u03c0\u03cc\u03c6\u03b1\u03c3\u03b7 \u039f\u03c1\u03b9\u03bf\u03b8\u03ad\u03c4\u03b7\u03c3\u03b7 \u039a\u03b1\u03b8\u03b7\u03ba\u03cc\u03bd\u03c4\u03c9\u03bd<\/a><\/p>\n<p>&nbsp;<\/p>\n<p><strong>PAXI<\/strong><br \/>\nCORRISPONDENTE CONSOLARE<br \/>\n<strong>Dr. Costas Grammatikos<\/strong><br \/>\nLakka Paxon<br \/>\n490 82 Gaios<br \/>\n<strong>Tel.:<\/strong> +30 2662032269<br \/>\n<strong>Fax:<\/strong> +30 2662032122<br \/>\n<strong>Cellulare:<\/strong> +30 6977583223<br \/>\n<strong>E-mail:<\/strong>\u00a0<a href=\"mailto:christos@paxosmagic.com\">christos@paxosmagic.com<\/a><\/p>\n<p>&nbsp;<\/p>\n<p><strong>PENISOLA CALCIDICA<br \/>\n<\/strong>CORRISPONDENTE CONSOLARE (vacante)<strong><br \/>\n<\/strong><\/p>\n<p>&nbsp;<\/p>\n<p><strong>PIREO<\/strong><br \/>\nCONSOLE ONORARIO<br \/>\n<strong>Dott. Mauro Renaldi<\/strong><br \/>\nD. GOUNARI 4-6<br \/>\n185 31 Pireo int. 1<br \/>\n<strong>Tel.:<\/strong> +30 2104294537<br \/>\n<strong>Fax:<\/strong> +30 2104294538<br \/>\n<strong>E-mail:\u00a0<\/strong><a href=\"mailto:pireo.onorario@esteri.it\">pireo.onorario@esteri.it<\/a><br \/>\n<strong>Orario:<\/strong> dal luned\u00ec al venerd\u00ec dalle\u00a009.00 alle 13.00<\/p>\n<p><a href=\"https:\/\/ambatene.esteri.it\/wp-content\/uploads\/2023\/07\/DLF-RENALDI.pdf\">Decreto Limitazione Funzioni<\/a><\/p>\n<p><a href=\"https:\/\/ambatene.esteri.it\/wp-content\/uploads\/2023\/07\/DLF-RENALDI-Pireo-gr.pdf\">\u0391\u03c0\u03cc\u03c6\u03b1\u03c3\u03b7 \u039f\u03c1\u03b9\u03bf\u03b8\u03ad\u03c4\u03b7\u03c3\u03b7 \u039a\u03b1\u03b8\u03b7\u03ba\u03cc\u03bd\u03c4\u03c9\u03bd<\/a><\/p>\n<p>&nbsp;<\/p>\n<p><strong>RODI<\/strong><br \/>\nCONSOLE ONORARIO (vacante)<\/p>\n<p>&nbsp;<\/p>\n<p><strong>SALONICCO<\/strong><br \/>\nCONSOLE ONORARIO<br \/>\n<strong>Dott.ssa Georgia Sarantopoulou<\/strong><br \/>\nK. Karamanli, 47<br \/>\n546 39 Salonicco<br \/>\n<strong>Tel.\/Fax:<\/strong> +30 2310914050<br \/>\n<strong>E-mail:<\/strong>\u00a0<a href=\"mailto:salonicco.onorario@esteri.it\">salonicco.onorario@esteri.it<\/a><br \/>\n<strong>Orario:<\/strong> dal luned\u00ec al venerd\u00ec dalle ore 09:00 alle ore 12:30<\/p>\n<p><a href=\"https:\/\/ambatene.esteri.it\/wp-content\/uploads\/2024\/01\/DLF-Sarantopoulou.pdf\">Decreto Limitazione Funzioni<\/a><\/p>\n<p><a href=\"https:\/\/ambatene.esteri.it\/wp-content\/uploads\/2024\/01\/DLF-SARANTOPOULOU-gr1.pdf\">\u0391\u03c0\u03cc\u03c6\u03b1\u03c3\u03b7 \u039f\u03c1\u03b9\u03bf\u03b8\u03ad\u03c4\u03b7\u03c3\u03b7 \u039a\u03b1\u03b8\u03b7\u03ba\u03cc\u03bd\u03c4\u03c9\u03bd<\/a><\/p>\n<p>&nbsp;<\/p>\n<p><strong>SANTORINI<br \/>\n<\/strong>AGENZIA CONSOLARE ONORARIA (vacante)<\/p>\n<p>&nbsp;<\/p>\n<p><strong>SKOPELOS<\/strong><br \/>\nCORRISPONDENTE CONSOLARE (vacante)<\/p>\n<p>&nbsp;<\/p>\n<p><strong>SYROS<\/strong><br \/>\nAGENZIA CONSOLARE ONORARIA (vacante)<\/p>\n<p>&nbsp;<\/p>\n<p><strong>VOLOS<\/strong><br \/>\nVICE CONSOLE ONORARIO<br \/>\n<b>Avv. <strong>Paraskevi Stathaki<\/strong><\/b><br \/>\nAntonopoulou, 45<br \/>\n38 221 VOLOS<br \/>\n<strong>Tel.:<\/strong> +30 2421030131<br \/>\n<strong>Fax:<\/strong> +30 2421031081<br \/>\n<strong>Cellulare:<\/strong> +30 6974175173- <strong>Solo su emergenza<\/strong><br \/>\n<strong>E-mail:<\/strong>\u00a0<a href=\"mailto:volos.onorario@esteri.it\">volos.onorario@esteri.it<\/a><br \/>\n<strong>Orario:<\/strong> Marted\u00ec, Mercoled\u00ec e Gioved\u00ec dalle ore 10:00 alle ore 12:00 (solo su appuntamento,\u00a0 +30 2421030131)<\/p>\n<p><a class=\"focus--mouse\" href=\"https:\/\/ambatene.esteri.it\/wp-content\/uploads\/2025\/07\/DLF-Stathaki-VCO-Volosfirmato.pdf\" data-focus-mouse=\"true\">Decreto Limitazione Funzioni<\/a><\/p>\n<p><a href=\"https:\/\/ambatene.esteri.it\/wp-content\/uploads\/2025\/07\/Vivi-Stathaki-\u0391\u03c0\u03cc\u03c6\u03b1\u03c3\u03b7-\u039f\u03c1\u03b9\u03bf\u03b8\u03ad\u03c4\u03b7\u03c3\u03b7\u03c2-\u039a\u03b1\u03b8\u03b7\u03ba\u03cc\u03bd\u03c4\u03c9\u03bd.pdf\">\u0391\u03c0\u03cc\u03c6\u03b1\u03c3\u03b7 \u039f\u03c1\u03b9\u03bf\u03b8\u03ad\u03c4\u03b7\u03c3\u03b7\u03c2 \u039a\u03b1\u03b8\u03b7\u03ba\u03cc\u03bd\u03c4\u03c9\u03bd<\/a><\/p>\n<p><strong>ZANTE<\/strong><br \/>\nCORRISPONDENTE CONSOLARE\u00a0(vacante)<\/p>\n","protected":false},"excerpt":{"rendered":"La Cancelleria Consolare Nella Repubblica Ellenica tutti i servizi consolari sono erogati dalla Cancelleria Consolare dell&#8217;Ambasciata d&#8217;Italia in Atene che ha competenza su tutta la Grecia. Cancelleria Consolare di Atene Telefono: +30 2109538180 \/ 190 Fax: +30 2109531523 E-mail: ambatene.consolare@esteri.it PEC: amb.atene.consolare@cert.esteri.it Indirizzo: Patriarchou Ioakeim, 38 106 75 ATENE (Metro 3 \u2013 Linea blu \u2013 [&hellip;]","protected":false},"author":1,"featured_media":0,"parent":13,"menu_order":8,"comment_status":"closed","ping_status":"closed","template":"","meta":{"footnotes":""},"class_list":["post-42","page","type-page","status-publish","hentry"],"_links":{"self":[{"href":"https:\/\/ambatene.esteri.it\/it\/wp-json\/wp\/v2\/pages\/42","targetHints":{"allow":["GET"]}}],"collection":[{"href":"https:\/\/ambatene.esteri.it\/it\/wp-json\/wp\/v2\/pages"}],"about":[{"href":"https:\/\/ambatene.esteri.it\/it\/wp-json\/wp\/v2\/types\/page"}],"author":[{"embeddable":true,"href":"https:\/\/ambatene.esteri.it\/it\/wp-json\/wp\/v2\/users\/1"}],"replies":[{"embeddable":true,"href":"https:\/\/ambatene.esteri.it\/it\/wp-json\/wp\/v2\/comments?post=42"}],"version-history":[{"count":8,"href":"https:\/\/ambatene.esteri.it\/it\/wp-json\/wp\/v2\/pages\/42\/revisions"}],"predecessor-version":[{"id":9118,"href":"https:\/\/ambatene.esteri.it\/it\/wp-json\/wp\/v2\/pages\/42\/revisions\/9118"}],"up":[{"embeddable":true,"href":"https:\/\/ambatene.esteri.it\/it\/wp-json\/wp\/v2\/pages\/13"}],"wp:attachment":[{"href":"https:\/\/ambatene.esteri.it\/it\/wp-json\/wp\/v2\/media?parent=42"}],"curies":[{"name":"wp","href":"https:\/\/api.w.org\/{rel}","templated":true}]}}