{"id":43,"date":"2023-04-11T18:10:30","date_gmt":"2023-04-11T16:10:30","guid":{"rendered":"https:\/\/ambasciatapraga.esteri.it\/?page_id=43"},"modified":"2024-06-19T12:03:36","modified_gmt":"2024-06-19T09:03:36","slug":"diplomazia-economica","status":"publish","type":"page","link":"https:\/\/ambatene.esteri.it\/it\/italia-e-grecia\/diplomazia-economica\/","title":{"rendered":"Diplomazia economica"},"content":{"rendered":"<p>Le relazioni tra due Paesi come Italia e Grecia, cos\u00ec vicini geograficamente e con un comune retaggio di amicizia e familiarit\u00e0 anche tra le rispettive popolazioni, sono eccellenti. A livello bilaterale, cos\u00ec come in ambito politico, sono molto intensi anche i rapporti economici, commerciali e culturali, agevolati dalla naturale sintonia su molti dossier strategici.<\/p>\n<p>La posizione geografica della Grecia, ponte naturale tra Oriente e Occidente, nonch\u00e9 importante porta di accesso all\u2019area balcanica, continua inoltre a essere un elemento di attrazione per le aziende italiane. Negli ultimi anni alcune tra le pi\u00f9 importanti aziende italiane hanno investito in settori strategici, quali energia, infrastrutture, trasporti, telecomunicazioni e agroalimentare, contribuendo al consolidamento dei rapporti economici bilaterali. Sussistono buone opportunit\u00e0 per nuove collaborazioni anche in comparti, come lo spazio e la logistica.<\/p>\n<p>Le prospettive di crescita, la vicinanza e una buona complementariet\u00e0 economica fanno della Grecia un interessante mercato anche per macchinari, prodotti chimici, medicale, nonch\u00e9 per i diversi segmenti del \u201cMade in Italy\u201d (ad esempio, beni di consumo, moda e design) e per le industrie artistico-culturali, anche in chiave di valorizzazione del volet culturale nelle relazioni bilaterali.<\/p>\n","protected":false},"excerpt":{"rendered":"Le relazioni tra due Paesi come Italia e Grecia, cos\u00ec vicini geograficamente e con un comune retaggio di amicizia e familiarit\u00e0 anche tra le rispettive popolazioni, sono eccellenti. A livello bilaterale, cos\u00ec come in ambito politico, sono molto intensi anche i rapporti economici, commerciali e culturali, agevolati dalla naturale sintonia su molti dossier strategici. La [&hellip;]","protected":false},"author":1,"featured_media":0,"parent":14,"menu_order":0,"comment_status":"closed","ping_status":"closed","template":"","meta":{"footnotes":""},"class_list":["post-43","page","type-page","status-publish","hentry"],"_links":{"self":[{"href":"https:\/\/ambatene.esteri.it\/it\/wp-json\/wp\/v2\/pages\/43","targetHints":{"allow":["GET"]}}],"collection":[{"href":"https:\/\/ambatene.esteri.it\/it\/wp-json\/wp\/v2\/pages"}],"about":[{"href":"https:\/\/ambatene.esteri.it\/it\/wp-json\/wp\/v2\/types\/page"}],"author":[{"embeddable":true,"href":"https:\/\/ambatene.esteri.it\/it\/wp-json\/wp\/v2\/users\/1"}],"replies":[{"embeddable":true,"href":"https:\/\/ambatene.esteri.it\/it\/wp-json\/wp\/v2\/comments?post=43"}],"version-history":[{"count":3,"href":"https:\/\/ambatene.esteri.it\/it\/wp-json\/wp\/v2\/pages\/43\/revisions"}],"predecessor-version":[{"id":4534,"href":"https:\/\/ambatene.esteri.it\/it\/wp-json\/wp\/v2\/pages\/43\/revisions\/4534"}],"up":[{"embeddable":true,"href":"https:\/\/ambatene.esteri.it\/it\/wp-json\/wp\/v2\/pages\/14"}],"wp:attachment":[{"href":"https:\/\/ambatene.esteri.it\/it\/wp-json\/wp\/v2\/media?parent=43"}],"curies":[{"name":"wp","href":"https:\/\/api.w.org\/{rel}","templated":true}]}}