{"id":472,"date":"0204-02-23T12:26:56","date_gmt":"0204-02-23T09:26:56","guid":{"rendered":"https:\/\/ambatene.esteri.it\/?page_id=472"},"modified":"2025-07-18T14:01:47","modified_gmt":"2025-07-18T11:01:47","slug":"navigazione-e-patenti-nautiche","status":"publish","type":"page","link":"https:\/\/ambatene.esteri.it\/it\/servizi-consolari-e-visti\/servizi-per-il-cittadino-italiano\/navigazione-e-patenti-nautiche\/","title":{"rendered":"Navigazione e patenti nautiche"},"content":{"rendered":"<p style=\"text-align: justify;\">Le procedure consolari pi\u00f9 comuni relative al settore sono le seguenti:<\/p>\n<ul style=\"text-align: justify;\">\n<li>Richiesta di svolgimento pratiche da parte di navi battenti bandiera italiana (arrivo\/partenza, imbarchi\/sbarchi di marittimi, vidimazione libri di bordo, rilascio\/estensione di certificati, nazionalizzazione di navi, dismissioni di bandiera, ecc.);<\/li>\n<li>Richieste da parte del personale marittimo (rilascio\/rinnovo certificati IMO &#8211; Endorsement, ecc.).<\/li>\n<\/ul>\n<p style=\"text-align: justify;\">Stante la specificit\u00e0 della materia, gli interessati sono pregati di inviare una mail all\u2019indirizzo <strong><a href=\"mailto:ambatene.consolare@esteri.it\">ambatene.consolare@esteri.it<\/a><\/strong>\u00a0per tutte le richieste relative a questioni di navigazione con congruo anticipo. Sar\u00e0 la Cancelleria Consolare a fissare l&#8217;appuntamento.<\/p>\n<h5 style=\"text-align: justify;\"><strong>ENDORSEMENT<\/strong><\/h5>\n<p style=\"text-align: justify;\">L\u2019Ambasciata d\u2019Italia \u00e8 competente per l\u2019emissione di Endorsement\u00a0<span style=\"text-decoration: underline;\">esclusivamente per i marittimi stranieri che andranno a lavorare a bordo di navi battenti bandiera italiana<\/span> e che sono in possesso dei certificati STCW emessi dalle Autorit\u00e0 elleniche.<\/p>\n<p style=\"text-align: justify;\">L\u2019istanza per l\u2019emissione dell\u2019Endorsement andr\u00e0 presentata compilando il\u00a0<strong><a href=\"https:\/\/ambatene.esteri.it\/wp-content\/uploads\/2023\/07\/endorsement_application_form.pdf\" target=\"_blank\" rel=\"noopener\">modulo apposito<\/a><\/strong>, inviando una mail all\u2019indirizzo <strong><a href=\"mailto:ambatene.consolare@esteri.it\">ambatene.consolare@esteri.it<\/a><\/strong>\u00a0corredata della seguente documentazione:<\/p>\n<ul style=\"text-align: justify;\">\n<li><em>Copia del certificato STCW (Convenzione del 1978) in corso di validit\u00e0, apostillato presso <a href=\"https:\/\/www.ypes.gr\/stoicheia-perifereion\/\">l\u2019Unit\u00e0 Regionale<\/a> (\u201cPeriferiak\u00e8s Enotites\u201d, gi\u00e0 \u201cNomarkie\u201d, l\u2019equivalente delle Prefetture italiane) territorialmente competente<\/em>.<\/li>\n<li>Copia del passaporto,<\/li>\n<li>Copia del libretto del marinaio,<\/li>\n<li>Richiesta della Societ\u00e0 Armatrice italiana completa della data dell\u2019imbarco.<\/li>\n<\/ul>\n<p style=\"text-align: justify;\">Alla ricezione della documentazione verr\u00e0 fissato un appuntamento e verranno fornite le indicazioni per il completamento della pratica.<\/p>\n<h5 style=\"text-align: justify;\"><strong>PATENTI NAUTICHE<\/strong><\/h5>\n<h6 style=\"text-align: justify;\"><strong>Rilascio\/rinnovo della patente nautica italiana<\/strong><\/h6>\n<p style=\"text-align: justify;\">Non \u00e8 possibile il rilascio\/rinnovo della patente nautica da parte degli Uffici consolari. La procedura deve essere espletata in Italia presso le Capitanerie di Porto, gli Uffici Circondariali Marittimi e gli uffici della Motorizzazione Civile competenti.<\/p>\n<p style=\"text-align: justify;\">In Grecia \u00e8 per\u00f2 possibile farsi rilasciare il certificato medico previsto per il rinnovo, da utilizzare poi in Italia.<\/p>\n<p style=\"text-align: justify;\">Il certificato pu\u00f2 essere richiesto ad uno dei medici di riferimento specializzati in questo senso ed inclusi\u00a0<a href=\"https:\/\/ambatene.esteri.it\/it\/servizi-consolari-e-visti\/servizi-per-il-cittadino-italiano\/elenco-professionisti-di-riferimento-dellambasciata-e-traduttori-per-i-servizi-consolari\/\"><strong>nell\u2019elenco di questa Ambasciata<\/strong><\/a>.<\/p>\n<p style=\"text-align: justify;\">La firma del medico andr\u00e0 poi legalizzata da questa Cancelleria consolare, previo appuntamento con l\u2019ufficio legalizzazioni da fissare attraverso il portale\u00a0<strong><a href=\"https:\/\/prenotami.esteri.it\/\">Prenot@mi<\/a><\/strong>.<\/p>\n<p style=\"text-align: justify;\">Il servizio di legalizzazione \u00e8 soggetto al versamento delle relative\u00a0<strong><a href=\"https:\/\/ambatene.esteri.it\/it\/servizi-consolari-e-visti\/servizi-per-il-cittadino-italiano\/tariffa-consolare-pagamenti\/\">tariffe consolari<\/a><\/strong>, secondo le modalit\u00e0 descritte nella pagina web predetta.<\/p>\n<p style=\"text-align: justify;\"><strong>\u00a0<\/strong><\/p>\n<h6 style=\"text-align: justify;\"><strong>Conferma di validit\u00e0 della patente nautica italiana<\/strong><\/h6>\n<p style=\"text-align: justify;\">Il titolare di patente nautica italiana, anche se straniero, che necessitasse di un certificato\/attestato di autenticit\u00e0 o di validit\u00e0 di tale patente da esibire alle Autorit\u00e0 elleniche ai fini di conduzione di unit\u00e0 da diporto durante la permanenza in Grecia, deve rivolgersi all\u2019Ufficio di rilascio del documento, in Italia, prima dell\u2019ingresso in acque territoriali marittime elleniche o del soggiorno in Grecia.<\/p>\n<p style=\"text-align: justify;\">In nessun caso le norme in vigore prevedono la competenza di Ambasciate e Consolati nella conferma di autenticit\u00e0 o validit\u00e0 delle patenti nautiche.<\/p>\n<p style=\"text-align: justify;\">Si consiglia di completare tale certificato\/attestazione con l\u2019apostille della Convenzione dell\u2019Aja del 1961 da richiedere presso la Prefettura competente per luogo di rilascio, nonch\u00e9 munire il documento di <strong><a href=\"https:\/\/ambatene.esteri.it\/it\/servizi-consolari-e-visti\/servizi-per-il-cittadino-italiano\/traduzione-e-legalizzazione-dei-documenti\/\">traduzione in lingua greca<\/a><\/strong>.<\/p>\n<p style=\"text-align: justify;\">Per completezza di informazione si segnala che, in alcuni casi portati all\u2019attenzione di questa Ambasciata, la questione \u00e8 stata alternativamente risolta dagli interessati facendo copia conforme della patente nautica in Italia e apponendo su di essa l\u2019apostille della Convenzione dell\u2019Aja del 1961 da parte della Prefettura competente per luogo di rilascio, e <strong><a href=\"https:\/\/ambatene.esteri.it\/it\/servizi-consolari-e-visti\/servizi-per-il-cittadino-italiano\/traduzione-e-legalizzazione-dei-documenti\/\">traduzione in lingua greca<\/a><\/strong>.<\/p>\n<p>&nbsp;<\/p>\n<h6 style=\"text-align: justify;\"><strong>Rilascio della patente nautica greca<\/strong><\/h6>\n<p style=\"text-align: justify;\">Si precisa che non \u00e8 prevista una procedura di conversione della patente nautica italiana in una equivalente greca. Gli interessati dovranno prendere contatto con la\u00a0<strong><a href=\"https:\/\/www.hcg.gr\/en\/contact\/authority_list_en\/\" target=\"_blank\" rel=\"noopener\">Capitaneria di Porto ellenica<\/a><\/strong>\u00a0di competenza territoriale per conoscere modalit\u00e0 e documenti necessari per il rilascio della patente nautica greca.<\/p>\n<p style=\"text-align: justify;\">Approfondimenti ed informazioni pi\u00f9 dettagliate sulla navigazione possono inoltre essere trovate<\/p>\n<p style=\"text-align: justify;\">nell\u2019apposita pagina web del<strong>\u00a0<a href=\"https:\/\/www.esteri.it\/it\/servizi-consolari-e-visti\/italiani-all-estero\/navigazione\/\" target=\"_blank\" rel=\"noopener\">Ministero degli Affari Esteri e della Cooperazione Internazionale<\/a><\/strong>.<\/p>\n","protected":false},"excerpt":{"rendered":"Le procedure consolari pi\u00f9 comuni relative al settore sono le seguenti: Richiesta di svolgimento pratiche da parte di navi battenti bandiera italiana (arrivo\/partenza, imbarchi\/sbarchi di marittimi, vidimazione libri di bordo, rilascio\/estensione di certificati, nazionalizzazione di navi, dismissioni di bandiera, ecc.); Richieste da parte del personale marittimo (rilascio\/rinnovo certificati IMO &#8211; Endorsement, ecc.). Stante la specificit\u00e0 [&hellip;]","protected":false},"author":4,"featured_media":0,"parent":47,"menu_order":12,"comment_status":"closed","ping_status":"closed","template":"","meta":{"footnotes":""},"class_list":["post-472","page","type-page","status-publish","hentry"],"_links":{"self":[{"href":"https:\/\/ambatene.esteri.it\/it\/wp-json\/wp\/v2\/pages\/472","targetHints":{"allow":["GET"]}}],"collection":[{"href":"https:\/\/ambatene.esteri.it\/it\/wp-json\/wp\/v2\/pages"}],"about":[{"href":"https:\/\/ambatene.esteri.it\/it\/wp-json\/wp\/v2\/types\/page"}],"author":[{"embeddable":true,"href":"https:\/\/ambatene.esteri.it\/it\/wp-json\/wp\/v2\/users\/4"}],"replies":[{"embeddable":true,"href":"https:\/\/ambatene.esteri.it\/it\/wp-json\/wp\/v2\/comments?post=472"}],"version-history":[{"count":6,"href":"https:\/\/ambatene.esteri.it\/it\/wp-json\/wp\/v2\/pages\/472\/revisions"}],"predecessor-version":[{"id":6944,"href":"https:\/\/ambatene.esteri.it\/it\/wp-json\/wp\/v2\/pages\/472\/revisions\/6944"}],"up":[{"embeddable":true,"href":"https:\/\/ambatene.esteri.it\/it\/wp-json\/wp\/v2\/pages\/47"}],"wp:attachment":[{"href":"https:\/\/ambatene.esteri.it\/it\/wp-json\/wp\/v2\/media?parent=472"}],"curies":[{"name":"wp","href":"https:\/\/api.w.org\/{rel}","templated":true}]}}