{"id":5655,"date":"2025-02-17T11:36:37","date_gmt":"2025-02-17T08:36:37","guid":{"rendered":"https:\/\/ambatene.esteri.it\/?page_id=5655"},"modified":"2025-06-11T10:33:37","modified_gmt":"2025-06-11T07:33:37","slug":"spid-sistema-pubblico-di-identita-digitale","status":"publish","type":"page","link":"https:\/\/ambatene.esteri.it\/it\/servizi-consolari-e-visti\/servizi-per-il-cittadino-italiano\/spid-sistema-pubblico-di-identita-digitale\/","title":{"rendered":"SPID &#8211; Sistema Pubblico di Identit\u00e0 Digitale"},"content":{"rendered":"<p>Lo SPID (Sistema Pubblico di Identit\u00e0 Digitale) \u00e8 una credenziale unica e personale che consente ai cittadini italiani di essere riconosciuti dalle pubbliche amministrazioni locali e centrali italiane, e di utilizzarne in maniera personalizzata e sicura i servizi digitali.<\/p>\n<p>Anche i cittadini italiani residenti all\u2019estero (che abbiano compiuto 18 anni) possono ottenere le credenziali SPID.<\/p>\n<p>A tal fine, \u00e8 necessario disporre dei seguenti requisiti:<\/p>\n<ul>\n<li>un documento di identit\u00e0 italiano in corso di validit\u00e0 (Carta d\u2019Identit\u00e0, Passaporto o Patente);<\/li>\n<li>codice fiscale italiano o tessera sanitaria italiana (o, in alternativa, il relativo certificato di attribuzione) in corso di validit\u00e0;<\/li>\n<li>un indirizzo di posta elettronica;<\/li>\n<li>un numero di cellulare, anche straniero.<\/li>\n<\/ul>\n<p>I cittadini italiani residenti all\u2019estero dovranno rivolgersi autonomamente a uno dei gestori dell\u2019identit\u00e0 digitale riconosciuti dall\u2019AgID per il riconoscimento personale. Al link <a href=\"https:\/\/www.spid.gov.it\/cos-e-spid\/come-scegliere-tra-gli-idp\/\"><strong>Come scegliere tra i gestori di identit\u00e0 digitale &#8211; Spid<\/strong><\/a> sono indicate le modalit\u00e0 di riconoscimento online disponibili anche fuori dall\u2019Italia di cui possono usufruire i residenti all\u2019estero.<\/p>\n<p>Nel caso in cui i propri documenti risultino scaduti sar\u00e0 prima necessario rinnovarli presso l\u2019Ufficio Consolare dell\u2019Ambasciata d\u2019Italia ad Atene. Per le informazioni relative alla procedura di rinnovo dei documenti si rimanda all\u2019apposita pagina <a href=\"https:\/\/ambatene.esteri.it\/it\/servizi-consolari-e-visti\/servizi-per-il-cittadino-italiano\/documenti-di-viaggio\/\"><strong>Documenti di viaggio \u2013 Ambasciata d&#8217;Italia Atene<\/strong><\/a>.<\/p>\n","protected":false},"excerpt":{"rendered":"Lo SPID (Sistema Pubblico di Identit\u00e0 Digitale) \u00e8 una credenziale unica e personale che consente ai cittadini italiani di essere riconosciuti dalle pubbliche amministrazioni locali e centrali italiane, e di utilizzarne in maniera personalizzata e sicura i servizi digitali. Anche i cittadini italiani residenti all\u2019estero (che abbiano compiuto 18 anni) possono ottenere le credenziali SPID. [&hellip;]","protected":false},"author":15,"featured_media":0,"parent":47,"menu_order":17,"comment_status":"closed","ping_status":"closed","template":"","meta":{"footnotes":""},"class_list":["post-5655","page","type-page","status-publish","hentry"],"_links":{"self":[{"href":"https:\/\/ambatene.esteri.it\/it\/wp-json\/wp\/v2\/pages\/5655","targetHints":{"allow":["GET"]}}],"collection":[{"href":"https:\/\/ambatene.esteri.it\/it\/wp-json\/wp\/v2\/pages"}],"about":[{"href":"https:\/\/ambatene.esteri.it\/it\/wp-json\/wp\/v2\/types\/page"}],"author":[{"embeddable":true,"href":"https:\/\/ambatene.esteri.it\/it\/wp-json\/wp\/v2\/users\/15"}],"replies":[{"embeddable":true,"href":"https:\/\/ambatene.esteri.it\/it\/wp-json\/wp\/v2\/comments?post=5655"}],"version-history":[{"count":1,"href":"https:\/\/ambatene.esteri.it\/it\/wp-json\/wp\/v2\/pages\/5655\/revisions"}],"predecessor-version":[{"id":5657,"href":"https:\/\/ambatene.esteri.it\/it\/wp-json\/wp\/v2\/pages\/5655\/revisions\/5657"}],"up":[{"embeddable":true,"href":"https:\/\/ambatene.esteri.it\/it\/wp-json\/wp\/v2\/pages\/47"}],"wp:attachment":[{"href":"https:\/\/ambatene.esteri.it\/it\/wp-json\/wp\/v2\/media?parent=5655"}],"curies":[{"name":"wp","href":"https:\/\/api.w.org\/{rel}","templated":true}]}}