{"id":6234,"date":"2025-05-05T12:53:16","date_gmt":"2025-05-05T09:53:16","guid":{"rendered":"https:\/\/ambatene.esteri.it\/?page_id=6234"},"modified":"2025-05-05T12:53:16","modified_gmt":"2025-05-05T09:53:16","slug":"privacy","status":"publish","type":"page","link":"https:\/\/ambatene.esteri.it\/it\/news\/multimedia\/privacy\/","title":{"rendered":"Privacy"},"content":{"rendered":"<p style=\"text-align: center;\"><strong>Informativa sulla protezione delle persone fisiche<br \/>\n<\/strong><strong>con riguardo al trattamento dei dati personali<br \/>\n<\/strong><strong>(Regolamento Generale sulla Protezione dei Dati (UE) 2016\/679, art. 13)<\/strong><\/p>\n<p>&nbsp;<\/p>\n<p>Il trattamento dei dati personali chiesti per determinare il trattamento economico all\u2019estero (indennit\u00e0 di prima sistemazione e di rientro, maggiorazione abitazione, contributo al trasporto di effetti personali, indennit\u00e0 di servizio e di reggenza e provvidenze scolastiche) sar\u00e0 improntato ai principi di liceit\u00e0, correttezza e trasparenza a tutela dei diritti e delle libert\u00e0 fondamentali delle persone fisiche.<\/p>\n<p>A tal fine, si forniscono le seguenti informazioni:<\/p>\n<ol>\n<li>Il titolare del trattamento \u00e8 il Ministero degli Affari Esteri e della Cooperazione internazionale (MAECI) della Repubblica italiana il quale opera, nel caso specifico, per il tramite dell\u2019Ambasciata d\u2019Italia ad Atene E-mail: <a href=\"mailto:ambasciata.atene@esteri.it\">ambasciata.atene@esteri.it<\/a> PEC: <a href=\"mailto:amb.atene@cert.esteri.it\">amb.atene@cert.esteri.it<\/a>.<\/li>\n<li>Per quesiti o reclami in materia di privatezza, l\u2019interessato pu\u00f2 contattare il Responsabile della Protezione dei Dati personali (RPD) del MAECI (tel. 0039 06 36911 (centralino), peo: <a href=\"mailto:rpd@esteri.it\">rpd@esteri.it<\/a>; pec: <a href=\"mailto:rpd@cert.esteri.it\">rpd@cert.esteri.it<\/a>).<\/li>\n<li>I dati personali in questione sono necessari per l\u2019organizzazione dell\u2019evento culturale per cui si sta effettuando la registrazione.<\/li>\n<li>Il trattamento dei dati, svolto da personale appositamente incaricato della DGRI \u2013 Ufficio VII, sar\u00e0 effettuato in modalit\u00e0 mista, manuale ed automatizzata.<\/li>\n<li>I dati comunicati potranno essere condivisi con Google llc, con l\u2019Opera Nazionale Greca e la societ\u00e0 Ticket Services \u2013 Logismiki ltd ai fini dell\u2019organizzazione ed emissione dei biglietti.<\/li>\n<li>L\u2019interessato pu\u00f2 chiedere l\u2019accesso ai propri dati personali e, alle condizioni previste dalla normativa vigente, la loro rettifica. Nei limiti di legge e fatte salve le eventuali conseguenze sull\u2019erogazione del trattamento economico considerato, egli pu\u00f2 altres\u00ec chiedere la cancellazione di tali dati, nonch\u00e9 la limitazione del trattamento o l\u2019opposizione al trattamento. In questi casi, l\u2019interessato dovr\u00e0 presentare apposita richiesta al titolare del trattamento, informando per conoscenza l\u2019RPD del MAECI.<\/li>\n<li>Se ritiene che i suoi diritti in materia di privatezza siano stati violati, l\u2019interessato pu\u00f2 presentare un reclamo all\u2019RPD del MAECI. Qualora non sia soddisfatto della risposta, pu\u00f2 rivolgersi al Garante per la Protezione dei Dati personali (Piazza Venezia 11, 00187 ROMA, tel. 0039 06 696771 (centralino), peo: <a href=\"mailto:garante@gpdp.it\">garante@gpdp.it<\/a>, pec: <a href=\"mailto:protocollo@pec.gpdp.it\">protocollo@pec.gpdp.it<\/a>).<\/li>\n<\/ol>\n","protected":false},"excerpt":{"rendered":"Informativa sulla protezione delle persone fisiche con riguardo al trattamento dei dati personali (Regolamento Generale sulla Protezione dei Dati (UE) 2016\/679, art. 13) &nbsp; Il trattamento dei dati personali chiesti per determinare il trattamento economico all\u2019estero (indennit\u00e0 di prima sistemazione e di rientro, maggiorazione abitazione, contributo al trasporto di effetti personali, indennit\u00e0 di servizio e [&hellip;]","protected":false},"author":15,"featured_media":0,"parent":77,"menu_order":0,"comment_status":"closed","ping_status":"closed","template":"","meta":{"footnotes":""},"class_list":["post-6234","page","type-page","status-publish","hentry"],"_links":{"self":[{"href":"https:\/\/ambatene.esteri.it\/it\/wp-json\/wp\/v2\/pages\/6234","targetHints":{"allow":["GET"]}}],"collection":[{"href":"https:\/\/ambatene.esteri.it\/it\/wp-json\/wp\/v2\/pages"}],"about":[{"href":"https:\/\/ambatene.esteri.it\/it\/wp-json\/wp\/v2\/types\/page"}],"author":[{"embeddable":true,"href":"https:\/\/ambatene.esteri.it\/it\/wp-json\/wp\/v2\/users\/15"}],"replies":[{"embeddable":true,"href":"https:\/\/ambatene.esteri.it\/it\/wp-json\/wp\/v2\/comments?post=6234"}],"version-history":[{"count":1,"href":"https:\/\/ambatene.esteri.it\/it\/wp-json\/wp\/v2\/pages\/6234\/revisions"}],"predecessor-version":[{"id":6237,"href":"https:\/\/ambatene.esteri.it\/it\/wp-json\/wp\/v2\/pages\/6234\/revisions\/6237"}],"up":[{"embeddable":true,"href":"https:\/\/ambatene.esteri.it\/it\/wp-json\/wp\/v2\/pages\/77"}],"wp:attachment":[{"href":"https:\/\/ambatene.esteri.it\/it\/wp-json\/wp\/v2\/media?parent=6234"}],"curies":[{"name":"wp","href":"https:\/\/api.w.org\/{rel}","templated":true}]}}