{"id":625,"date":"2023-09-25T14:55:44","date_gmt":"2023-09-25T11:55:44","guid":{"rendered":"https:\/\/ambatene.esteri.it\/?page_id=625"},"modified":"2023-11-23T11:36:31","modified_gmt":"2023-11-23T08:36:31","slug":"certificati-digitali-greci","status":"publish","type":"page","link":"https:\/\/ambatene.esteri.it\/it\/servizi-consolari-e-visti\/servizi-per-il-cittadino-italiano\/stato-civile\/certificati-digitali-greci\/","title":{"rendered":"Certificati digitali greci"},"content":{"rendered":"<p style=\"text-align: justify;\">Il Governo greco, con Legge n. 4727\/2020 del 23.09.2020, ha introdotto, tra l&#8217;altro, i certificati digitali per quanto attiene allo stato civile. Nonostante la legge sia entrata in vigore nel 2020 i Municipi greci hanno iniziato l&#8217;emissione di detti certificati digitali dopo alcuni mesi e in maniera non generalizzata. Sebbene la legge preveda infatti l\u2019emissione in forma elettronica di tutti i documenti prodotti dalle pubbliche amministrazioni, risulta che al momento i Municipi rilascino sia la vecchia tipologia di certificati di stato civile (in formato cartaceo), sia quella nuova, digitale.<\/p>\n<p style=\"text-align: justify;\">In Grecia i certificati digitali hanno lo stesso valore legale e probatorio degli atti pubblici classici e devono essere obbligatoriamente accettati dagli enti pubblici ellenici, ivi inclusi i tribunali e le procure, a condizione &#8211; come riporta la legge &#8211; &#8220;che sia possibile verificare l&#8217;accuratezza e la validit\u00e0 della stampa, in particolare se il documento presenta un numero identificativo di verifica univoco e se la possibilit\u00e0 di verifica \u00e8 prevista attraverso il sistema informatico dello Stato greco&#8221;.<\/p>\n<p style=\"text-align: justify;\"><strong><u>Si fa presente che i certificati digitali di cui sopra sono degli \u201cestratti\u201d degli atti di stato civile e, percio\u2019, non utili alla trascrizione in Italia<\/u>.<\/strong> Per quest\u2019ultima si suggerisce pertanto di prestare attenzione al tipo di atto indicato nelle varie sezioni della nostra pagina web relative allo \u201cstato civile\u201d.<\/p>\n<p style=\"text-align: justify;\">A <strong><a href=\"https:\/\/ambatene.esteri.it\/wp-content\/uploads\/2023\/11\/Istruzioni-grafiche.pdf\">questo link<\/a> <\/strong>i Comuni, le altre Amministrazioni Pubbliche interessate e le Rappresentanze diplomatico-consolari eventualmente interessate ad approfondire possono accedere ad una guida predisposta da questa Ambasciata con le caratteristiche dei certificati digitali greci e le informazioni tecniche per la loro verifica.<\/p>\n<p style=\"text-align: justify;\">\n","protected":false},"excerpt":{"rendered":"Il Governo greco, con Legge n. 4727\/2020 del 23.09.2020, ha introdotto, tra l&#8217;altro, i certificati digitali per quanto attiene allo stato civile. Nonostante la legge sia entrata in vigore nel 2020 i Municipi greci hanno iniziato l&#8217;emissione di detti certificati digitali dopo alcuni mesi e in maniera non generalizzata. Sebbene la legge preveda infatti l\u2019emissione [&hellip;]","protected":false},"author":1,"featured_media":0,"parent":68,"menu_order":4,"comment_status":"closed","ping_status":"closed","template":"","meta":{"footnotes":""},"class_list":["post-625","page","type-page","status-publish","hentry"],"_links":{"self":[{"href":"https:\/\/ambatene.esteri.it\/it\/wp-json\/wp\/v2\/pages\/625","targetHints":{"allow":["GET"]}}],"collection":[{"href":"https:\/\/ambatene.esteri.it\/it\/wp-json\/wp\/v2\/pages"}],"about":[{"href":"https:\/\/ambatene.esteri.it\/it\/wp-json\/wp\/v2\/types\/page"}],"author":[{"embeddable":true,"href":"https:\/\/ambatene.esteri.it\/it\/wp-json\/wp\/v2\/users\/1"}],"replies":[{"embeddable":true,"href":"https:\/\/ambatene.esteri.it\/it\/wp-json\/wp\/v2\/comments?post=625"}],"version-history":[{"count":4,"href":"https:\/\/ambatene.esteri.it\/it\/wp-json\/wp\/v2\/pages\/625\/revisions"}],"predecessor-version":[{"id":2463,"href":"https:\/\/ambatene.esteri.it\/it\/wp-json\/wp\/v2\/pages\/625\/revisions\/2463"}],"up":[{"embeddable":true,"href":"https:\/\/ambatene.esteri.it\/it\/wp-json\/wp\/v2\/pages\/68"}],"wp:attachment":[{"href":"https:\/\/ambatene.esteri.it\/it\/wp-json\/wp\/v2\/media?parent=625"}],"curies":[{"name":"wp","href":"https:\/\/api.w.org\/{rel}","templated":true}]}}