{"id":658,"date":"2023-07-25T17:31:36","date_gmt":"2023-07-25T14:31:36","guid":{"rendered":"https:\/\/ambatene.esteri.it\/?page_id=658"},"modified":"2026-01-21T18:20:42","modified_gmt":"2026-01-21T15:20:42","slug":"consigli-per-i-turisti","status":"publish","type":"page","link":"https:\/\/ambatene.esteri.it\/it\/servizi-consolari-e-visti\/servizi-per-il-cittadino-italiano\/consigli-per-i-turisti\/","title":{"rendered":"Consigli per i turisti"},"content":{"rendered":"<h5><strong>PRIMA DELLA PARTENZA<\/strong><\/h5>\n<p>Per consigli e informazioni da acquisire prima della partenza, si consiglia di visitare i seguenti siti istituzionali:<\/p>\n<p>\u2022 <strong><a href=\"https:\/\/www.viaggiaresicuri.it\/\">Viaggiare Sicuri<\/a> (<\/strong>Ministero degli Affari Esteri \u2013\u00a0Unit\u00e0 di Crisi)<\/p>\n<p>\u2022 <strong><a href=\"http:\/\/www.enac.gov.it\/Home\/\">Ente Nazionale Aviazione Civile<\/a><\/strong><\/p>\n<h6><strong>Documentazione necessaria per l\u2019ingresso nel Paese: passaporto e\/o carta d\u2019identit\u00e0 valida per l\u2019espatrio.<\/strong><\/h6>\n<p>\u00c8 necessario viaggiare con uno dei due documenti in corso di validit\u00e0 (si consiglia di avere sempre con s\u00e9 la fotocopia del documento). Il Paese fa parte dell\u2019UE e aderisce all\u2019accordo di Schengen.<br \/>\nPer il viaggio all\u2019estero dei minori, si raccomanda di consultare l\u2019approfondimento \u201cPrima di partire &#8211; documenti per viaggi all\u2019estero di minori\u201d disponibile sul sito <strong><a href=\"https:\/\/www.viaggiaresicuri.it\/\">Viaggiare Sicuri<\/a><\/strong><\/p>\n<h6><strong>Accesso al monte Athos<\/strong><\/h6>\n<p>In base ad una normativa del 1998, i turisti stranieri di sesso maschile interessati a visitare il Monte Athos possono rivolgersi direttamente per la prenotazione all\u2019Ufficio della Sacra Sovrintendenza (\u201cIera Epistasia\u201d) per i \u201cPellegrinaggi alla Sacra Montagna\u201d (\u201cOffice of Pilgrimage to the Holy Mountain\u201d) al seguente indirizzo: Odos Egnatia, 109 Salonicco (tel: 0030.2310.252578, fax: 0030.2310.222424, e-mail: <strong><a href=\"mailto:athosreservation@gmail.com\">athosreservation@gmail.com<\/a><\/strong>). L&#8217;Ufficio \u00e8 aperto al pubblico dal luned\u00ec al venerd\u00ec dalle ore 9:00 alle ore 14:00, mentre il sabato dalle ore 10:00 alle ore 12:00.<br \/>\nIl permesso di soggiorno vero e proprio (\u201cDiamonitirion\u201d) verr\u00e0 poi rilasciato presso l\u2019Ufficio \u201cDiamonitiria\u201d della Sacra Sovrintendenza del Monte Athos, sito ad Ouranopoli, in Calcidica, al momento dell\u2019ingresso nel territorio del Monte Athos.<br \/>\nIl costo per i visitatori stranieri \u00e8 di 30 \u20ac, mentre per gli studenti stranieri muniti di apposita dichiarazione di studio il costo \u00e8 di 10 \u20ac.<\/p>\n<h6><strong>Clima<\/strong><\/h6>\n<p>Il clima \u00e8 di tipo mediterraneo.<\/p>\n<h6><strong>Fuso orario<\/strong><\/h6>\n<p>Un&#8217;ora in avanti rispetto all&#8217;Italia.<\/p>\n<h6><strong>Lingua<\/strong><\/h6>\n<p>Greco moderno, \u00e8 diffuso l\u2019inglese, ma anche il francese e l\u2019italiano.<\/p>\n<h6><strong>Religione<\/strong><\/h6>\n<p>Maggioranza cristiano ortodossa.<\/p>\n<p><strong>Prefisso telefonico dall&#8217;Italia<\/strong><br \/>\n+30 seguito dal numero locale (che generalmente comincia con il 2 oppure in caso di telefono cellulari con il 6).<\/p>\n<p><strong>Formalit\u00e0 valutarie<\/strong><br \/>\nL\u2019Euro \u00e8 la moneta in uso anche in Grecia. Le principali carte di credito sono accettate. Molto diffusi, soprattutto nelle principali citt\u00e0, sono gli sportelli bancomat, la maggior parte dei quali sono in lingua greca e inglese. Per i cittadini dell\u2019Unione Europea non sono pertanto previste particolari formalit\u00e0 valutarie, in aggiunta alle regolamentazioni vigenti nello stesso settore in Italia.<\/p>\n<p><strong>Informazioni in materia sanitaria<\/strong><br \/>\nAi turisti italiani che seguano particolari terapie e che si mettano in viaggio in questa circoscrizione consolare, si raccomanda d\u2019informarsi previamente sulla reperibilit\u00e0 nel luogo di destinazione dei farmaci prescritti, necessari per la cura seguita o di farmaci analoghi, cos\u00ec da evitare inconvenienti in caso di furto o smarrimento degli stessi.<br \/>\nInoltre, \u00e8 opportuno verificare di essere in possesso della tessera sanitaria europea ai fini di un\u2019eventuale necessit\u00e0 di assistenza sanitaria all\u2019estero. I cittadini italiani che si recano temporaneamente (per studio, turismo, affari o lavoro) nel Paese (Stato membro dell&#8217;Unione Europea) possono ricevere le cure mediche necessarie previste dall&#8217;assistenza sanitaria pubblica locale, se dispongono della Tessera Europea di Assicurazione Malattia (TEAM) chiamata Tessera Sanitaria. La TEAM sostituisce i precedenti modelli E110, E111, E119 ed E128. Coloro che non l&#8217;avessero ancora ricevuta possono rivolgersi alla propria ASL e richiedere l\u2019eventuale &#8220;Certificato sostitutivo provvisorio&#8221;.<br \/>\nPer maggiori informazioni al riguardo si consiglia di consultare la propria ASL o il sito del <strong><a href=\"https:\/\/www.salute.gov.it\/new\/it\/tema\/cure-nellunione-europea\/tessera-europea-assicurazione-malattia-team\/\">Ministero della Salute<\/a><\/strong>(aree tematiche &#8220;salute e cittadino&#8221;; assistenza italiani all&#8217;estero e stranieri in Italia).<br \/>\nIl possesso della tessera TEAM, consente l\u2019accesso alle strutture sanitarie pubbliche locali, tuttavia esse potrebbero rivelarsi insufficienti o inadeguate per le emergenze e per i casi pi\u00f9 gravi, soprattutto sulle isole. Si consiglia di sottoscrivere \u2013 prima della partenza \u2013 un\u2019assicurazione privata che preveda, oltre alla copertura delle spese sanitarie, anche il rimpatrio o il trasferimento aereo in un altro Paese.<br \/>\nOccorre ricordare che le Rappresentanze diplomatico-consolari, pur fornendo l\u2019assistenza necessaria, non possono sostenere n\u00e9 garantire pagamenti diretti di carattere privato; soltanto nei casi pi\u00f9 gravi e urgenti, esse possono concedere ai connazionali non residenti nella circoscrizione consolare e che versino in situazione di indigenza dei prestiti con promessa di restituzione, che dovranno essere, comunque, rimborsati allo Stato dopo il rientro in Italia.<\/p>\n<p><strong>Informazioni e misure precauzionali in materia di sicurezza<\/strong><br \/>\nSi raccomanda di usare la massima prudenza durante il soggiorno, di uniformarsi alla legge e agli usi locali, prestando attenzione alle eventuali avvertenze della Polizia locale e tenendosi ben lontani dai luoghi di eventuali assembramenti nelle maggiori citt\u00e0 del Paese.<br \/>\nNella capitale, le manifestazioni e gli scontri avvengono soprattutto in piazza Syntagma (davanti al Parlamento), in piazza Omonia e nelle zone adiacenti (zona di Panepistimiou e via Akademias), nel quartiere di Exarchia e nei pressi del Politecnico (situato in prossimit\u00e0 del Museo Archeologico Nazionale e dell\u2019Istituto Italiano di Cultura).<br \/>\nNel visitare la Tracia si raccomanda la massima accortezza, non allontanandosi dagli assi stradali nazionali. Infatti, per potersi avventurare a piedi o con altri mezzi su strade locali, specialmente in prossimit\u00e0 delle zone di confine con la Bulgaria (massiccio montagnoso del Rodopi) e con la Turchia (Alessandropoli e delta dell&#8217;Evro nonch\u00e9 area di Orestiada), occorrono appositi permessi.<br \/>\nSi sconsiglia vivamente di affittare i motocicli a quattro ruote, c.d. \u201cquad\u201d molto presenti nelle isole, ma che sono estremamente instabili e che \u2013 spesso &#8211; si ribaltano, provocando incidenti anche molto gravi.<br \/>\nIl Paese condivide tuttavia con il resto dell\u2019Europa la crescente esposizione al rischio del terrorismo internazionale e si consiglia pertanto ai connazionali di registrare i dati relativi al viaggio sul sito \u201c<strong><a href=\"https:\/\/www.dovesiamonelmondo.it\/\">Dove siamo nel Mondo<\/a><\/strong>\u201d.<br \/>\nIn ragione del crescente fenomeno dei furti e borseggi in alcune aree, si raccomandano le normali misure di cautela e si suggerisce di:<\/p>\n<ul>\n<li>non tenere documenti, carte di credito e denaro tutti insieme;<\/li>\n<li>non portare con s\u00e9 tutti i documenti (\u00e8 preferibile munirsi di fotocopia di ogni documento) n\u00e9 affidare documenti, carte di credito, denaro a un solo membro di una famiglia;<\/li>\n<li>non lasciare i propri beni incustoditi;<\/li>\n<li>tenere le porte delle automobili sempre chiuse con le sicure;<\/li>\n<li>non lasciare all&#8217;interno delle automobili alcun documento od oggetto di valore.<\/li>\n<\/ul>\n<p>\u00c8 stato registrato ultimamente un notevole aumento di furti in metropolitana ad Atene, lungo la tratta che collega l\u2019Aeroporto al centro e viceversa. Si raccomanda, pertanto, di prestare la massima attenzione.<\/p>\n<p><strong>Informazioni in caso di furto o smarrimento dei documenti di viaggio<br \/>\n<\/strong><\/p>\n<table class=\"table\" align=\"center\">\n<tbody>\n<tr>\n<td><strong>AVVISO IMPORTANTE<\/strong><\/td>\n<\/tr>\n<\/tbody>\n<\/table>\n<p><strong>Dal 17 ottobre 2015 \u00e8 operativa ad Atene la nuova \u201cPolizia Turistica\u201d (Hellenic Tourist Police), che risponde al numero 1571 ed \u00e8 situata in Dragatsaniou, 4 (piazza Klafthmonos &#8211; Syntagma).<\/strong><br \/>\n<strong>Per raggiungere la sopracitata Stazione di Polizia, consultate la <a href=\"https:\/\/www.google.it\/maps\/dir\/Syntagma+Square,+Platia+Sintagmatos,+Athina+105+63,+Grecia\/Dragatsaniou+4,+Athina+105+59,+Grecia\/@37.9778132,23.7306809,17z\/data=!3m1!4b1!4m14!4m13!1m5!1m1!1s0x14a1bd3e923706ed:0x89933db077bb1e4!2m2!1d23.7349038!2d37.9755253!1m5!1m1!1s0x14a1bd3baf6f546f:0xc8506ad55b80cd6f!2m2!1d23.731046!2d37.9799566!3e2\"><em>MAPPA<\/em><\/a>.<\/strong><\/p>\n<p>A partire dal 28 maggio 2011 (a seguito dell\u2019entrata in vigore del d.lgs n. 71\/2011), in caso di smarrimento o di furto dei documenti di viaggio, l&#8217;Ufficio consolare italiano in loco potr\u00e0 rilasciare un documento di viaggio provvisorio (ETD &#8211; Emergency Travel Document). Conformemente alla normativa europea, l\u2019ETD \u00e8 valido per il solo rientro in Italia o verso lo Stato di residenza permanente del connazionale o ancora, eccezionalmente, verso un\u2019altra destinazione.<br \/>\nPer ottenere l\u2019ETD bisogna presentarsi presso la Cancelleria Consolare di Atene che provveder\u00e0 al rilascio dopo aver esperito gli accertamenti del caso e previa acquisizione della seguente documentazione:<\/p>\n<ol>\n<li>denuncia di smarrimento o furto del documento di viaggio resa presso le competenti Autorit\u00e0 locali;<\/li>\n<li>n. 2 fotografie dell&#8217;interessato (uguali, frontali, a colori formato 35 x 40 mm);<\/li>\n<li>titolo di viaggio del richiedente;<\/li>\n<li>pagamento del costo del documento (attualmente pari a \u20ac 1,55)<\/li>\n<\/ol>\n<p><strong>Va tenuto presente che nei giorni prefestivi e festivi tale forma di assistenza potrebbe essere preclusa a causa della chiusura degli uffici e differita &#8211; tranne che in situazioni di comprovata emergenza &#8211; al primo giorno lavorativo utile<\/strong>.<\/p>\n<p>I <strong><a href=\"https:\/\/ambatene.esteri.it\/it\/chi-siamo\/la-rete-consolare\/\">Consolati onorari<\/a>\u00a0<\/strong>non sono abilitati al rilascio dell\u2019ETD, ma si limitano alla trasmissione delle domande di rilascio alla Cancelleria Consolare di Atene ed eventualmente alla consegna del documento al richiedente. Si segnala che le spese di spedizione della documentazione da parte dell&#8217;ufficio consolare onorario e d&#8217;invio dell&#8217;ETD personalizzato da parte della Cancelleria Consolare di Atene sono a carico del richiedente.<\/p>\n<p><strong>Spedizione di denaro<\/strong><br \/>\nOve fosse necessario inviare all&#8217;estero urgentemente somme di denaro, i principali servizi commerciali offrono un servizio rapido, sicuro e capillare a costi contenuti.<br \/>\n\u00c8 possibile, ad esempio, consultare i siti web <strong><a href=\"http:\/\/www.westernunion.it\/\">www.westernunion.it<\/a><\/strong> e <strong><a href=\"http:\/\/www.moneygram.it\/\">www.moneygram.it<\/a> <\/strong>oppure contattare i seguenti numeri:<\/p>\n<ul>\n<li>Western Union: 800 789 124 (numero verde italiano) e 800 3315 3135 (numero verde greco)<\/li>\n<li>MoneyGram: 800 089 752 (numero verde italiano) e 800 666 3947 (numero verde greco)<\/li>\n<\/ul>\n<p><strong>Numeri utili<br \/>\n<\/strong><\/p>\n<ul>\n<li>Pronto soccorso: 166<\/li>\n<li>Polizia: 100<\/li>\n<li>Vigili del Fuoco: 199<\/li>\n<li>Polizia turistica: 1571<\/li>\n<li>Medici d&#8217;emergenza per visite a domicilio: 1016<\/li>\n<li>Ospedali e farmacie di turno: 1434<\/li>\n<\/ul>\n<p><strong>Recapiti telefonici della Cancelleria Consolare<br \/>\n<\/strong>Centralino: 0030 210 9538180\/190<br \/>\nUfficio passaporti: 0030 210 9538182\/183<br \/>\nUfficio assistenza: 0030 210 9538191<\/p>\n<p>Per telefonate in Italia addebitando la chiamata al destinatario, comporre da qualsiasi cabina telefonica il numero: 900.99.03.91<\/p>\n","protected":false},"excerpt":{"rendered":"PRIMA DELLA PARTENZA Per consigli e informazioni da acquisire prima della partenza, si consiglia di visitare i seguenti siti istituzionali: \u2022 Viaggiare Sicuri (Ministero degli Affari Esteri \u2013\u00a0Unit\u00e0 di Crisi) \u2022 Ente Nazionale Aviazione Civile Documentazione necessaria per l\u2019ingresso nel Paese: passaporto e\/o carta d\u2019identit\u00e0 valida per l\u2019espatrio. \u00c8 necessario viaggiare con uno dei due [&hellip;]","protected":false},"author":4,"featured_media":0,"parent":47,"menu_order":6,"comment_status":"closed","ping_status":"closed","template":"","meta":{"footnotes":""},"class_list":["post-658","page","type-page","status-publish","hentry"],"_links":{"self":[{"href":"https:\/\/ambatene.esteri.it\/it\/wp-json\/wp\/v2\/pages\/658","targetHints":{"allow":["GET"]}}],"collection":[{"href":"https:\/\/ambatene.esteri.it\/it\/wp-json\/wp\/v2\/pages"}],"about":[{"href":"https:\/\/ambatene.esteri.it\/it\/wp-json\/wp\/v2\/types\/page"}],"author":[{"embeddable":true,"href":"https:\/\/ambatene.esteri.it\/it\/wp-json\/wp\/v2\/users\/4"}],"replies":[{"embeddable":true,"href":"https:\/\/ambatene.esteri.it\/it\/wp-json\/wp\/v2\/comments?post=658"}],"version-history":[{"count":4,"href":"https:\/\/ambatene.esteri.it\/it\/wp-json\/wp\/v2\/pages\/658\/revisions"}],"predecessor-version":[{"id":8758,"href":"https:\/\/ambatene.esteri.it\/it\/wp-json\/wp\/v2\/pages\/658\/revisions\/8758"}],"up":[{"embeddable":true,"href":"https:\/\/ambatene.esteri.it\/it\/wp-json\/wp\/v2\/pages\/47"}],"wp:attachment":[{"href":"https:\/\/ambatene.esteri.it\/it\/wp-json\/wp\/v2\/media?parent=658"}],"curies":[{"name":"wp","href":"https:\/\/api.w.org\/{rel}","templated":true}]}}