{"id":679,"date":"2024-01-19T13:26:51","date_gmt":"2024-01-19T10:26:51","guid":{"rendered":"https:\/\/ambatene.esteri.it\/?page_id=679"},"modified":"2026-01-08T11:18:33","modified_gmt":"2026-01-08T08:18:33","slug":"passaporto","status":"publish","type":"page","link":"https:\/\/ambatene.esteri.it\/it\/servizi-consolari-e-visti\/servizi-per-il-cittadino-italiano\/documenti-di-viaggio\/passaporto\/","title":{"rendered":"Passaporto"},"content":{"rendered":"<h5><strong>INFORMAZIONI GENERALI\u00a0<\/strong><\/h5>\n<p>Il passaporto \u00e8 un documento di viaggio e di riconoscimento la cui procedura di rilascio \u00e8 disciplinata principalmente dalla\u00a0<a href=\"https:\/\/www.normattiva.it\/atto\/caricaDettaglioAtto?atto.dataPubblicazioneGazzetta=1967-12-18&amp;atto.codiceRedazionale=067U1185&amp;atto.articolo.numero=0&amp;atto.articolo.sottoArticolo=1&amp;atto.articolo.sottoArticolo1=10&amp;qId=\"><strong>Legge n. 1185\/1967<\/strong><\/a>.<\/p>\n<p>La richiesta del passaporto pu\u00f2 essere presentata nei 6 mesi precedenti alla scadenza, ovvero dopo che il documento \u00e8 scaduto. In caso di passaporti deteriorati o esauriti nelle pagine, si potr\u00e0 richiederne uno nuovo anche prima dei 6 mesi di cui sopra.<\/p>\n<p><strong>Per richiedere un passaporto \u00e8 necessario essere residenti in Grecia ed essere iscritti all\u2019AIRE. Le informazioni sull\u2019iscrizione all\u2019AIRE sono disponibili a\u00a0<\/strong><a href=\"https:\/\/ambatene.esteri.it\/it\/servizi-consolari-e-visti\/servizi-per-il-cittadino-italiano\/anagrafe-consolare-italiani-residenti-allestero-aire\/\"><strong>questa pagina<\/strong><\/a><strong>.<\/strong><\/p>\n<p><strong>Eccezionalmente<\/strong>, e per motivi giustificati e documentati, come gravi motivi familiari, problematiche di salute o inderogabili esigenze lavorative, anche i cittadini italiani\u00a0<strong>NON\u00a0<\/strong>residenti in Grecia possono richiedere il rilascio del passaporto. In questi casi, i tempi di rilascio potrebbero risultare pi\u00f9 lunghi, in quanto \u00e8 necessario acquisire la \u201cdelega\u201d dall\u2019Ufficio competente per la residenza (Questura o altro Ufficio Consolare). La domanda sar\u00e0 esaminata, previa autorizzazione del Capo della Cancelleria Consolare.<\/p>\n<p><strong>Dall\u20198 luglio 2014 il \u201ccontributo amministrativo\u201d, \u00e8 pari a \u20ac 73,50 (da pagare oltre al costo del libretto di \u20ac 42,70).\u00a0Il passaporto ha quindi un costo complessivo di \u20ac 116,20.<\/strong><\/p>\n<p>Il pagamento viene effettuato tramite\u00a0<strong>POS o<\/strong><u>\u00a0<\/u><strong>Bonifico Bancario<\/strong>\u00a0secondo le modalit\u00e0 riportate in<strong>\u00a0<\/strong><a href=\"https:\/\/ambatene.esteri.it\/it\/servizi-consolari-e-visti\/servizi-per-il-cittadino-italiano\/tariffa-consolare-pagamenti\/\"><strong>questa pagina<\/strong><\/a><strong>.<\/strong><\/p>\n<p>Per l\u2019emissione del passaporto\u00a0<strong>\u00e8 necessaria l\u2019apposizione delle impronte digitali e della firma del richiedente che pertanto dovr\u00e0 presentarsi personalmente presso la Cancelleria Consolare.<\/strong><\/p>\n<p><strong>Nota bene<\/strong>:\u00a0<strong>ai fini dell\u2019emissione del passaporto \u00e8 indispensabile, per i cittadini italiani nati all\u2019estero, che il relativo atto di nascita risulti gi\u00e0 inviato in trascrizione al Comune di riferimento<\/strong>. Laddove manchi la trascrizione, il richiedente dovr\u00e0 presentare l\u2019atto di nascita in originale, legalizzato e tradotto, ai fini dell\u2019invio in Italia. L\u2019atto verr\u00e0 trattenuto dall\u2019Ambasciata e non restituito. Si sottolinea che il rilascio del passaporto \u00e8 subordinato al completamento di quest\u2019operazione.<\/p>\n<h5><strong><br \/>\nPRESENTAZIONE DELLA DOMANDA DI PASSAPORTO<\/strong><\/h5>\n<p>La domanda pu\u00f2 essere presentata<strong>:<\/strong><\/p>\n<ul>\n<li>personalmente presso la Cancelleria Consolare di Atene (Patriarchou Ioakeim, 38, 106 75 Kolonaki \u2013 Atene), previa prenotazione dell\u2019appuntamento esclusivamente tramite il servizio \u201cPrenot@mi\u201d. In tale occasione, le impronte digitali e la firma verranno acquisite contestualmente alla presentazione della domanda. Si precisa che eventuali richieste di appuntamento anticipato dovranno essere corredate da un\u2019adeguata motivazione che evidenzi una comprovata urgenza e saranno in ogni caso sottoposte all\u2019approvazione del Capo Cancelleria;<\/li>\n<li><strong>personalmente presso i seguenti Uffici della Rete Consolare Onoraria: Cefalonia, Corf\u00f9, Iraklion, Kalamata, Salonicco e Volos\u00a0<\/strong>(i cui contatti si trovano\u00a0<a href=\"https:\/\/ambatene.esteri.it\/it\/chi-siamo\/la-rete-consolare\/\"><strong>qui<\/strong><\/a>), previo appuntamento per l\u2019acquisizione dei dati biometrici, che vengono successivamente trasmessi alla Cancelleria Consolare di Atene, responsabile per l\u2019emissione del passaporto e per la successiva spedizione del passaporto alla Sede Onoraria richiedente, dove sar\u00e0 possibile ritirare il documento. In tal caso, pertanto, non sar\u00e0 necessario recarsi presso l\u2019Ambasciata. Questa possibilit\u00e0 \u2013 disponibile esclusivamente per i cittadini italiani iscritti all\u2019AIRE \u2013 viene attivata attraverso una richiesta da parte degli interessati all\u2019Ambasciata, all\u2019indirizzo email:\u00a0<a href=\"mailto:ambatene.consolare@esteri.it\"><strong>ambatene.consolare@esteri.it<\/strong><\/a>, a cui occorre allegare il modulo di richiesta scaricabile dal sito dell\u2019Ambasciata d\u2019Italia e la fotografia di un documento di riconoscimento valido.<\/li>\n<\/ul>\n<p>&nbsp;<\/p>\n<p><strong>La domanda di passaporto deve essere corredata dalla seguente documentazione\u00a0<\/strong>(per le richieste incomplete non si potr\u00e0 avviare la pratica):<\/p>\n<ul>\n<li><a href=\"https:\/\/ambatene.esteri.it\/wp-content\/uploads\/2023\/07\/modello_rilascio_passaporto_con_delega_ritiro.pdf\"><strong>modulo di richiesta<\/strong><\/a>\u00a0di rilascio passaporto, interamente compilato e firmato;<\/li>\n<li><strong>1 fotografia a colori<\/strong>, tipo \u201cimmagine frontale\u201d,\u00a0<strong>sfondo bianco<\/strong>, sguardo frontale, occhi aperti, viso centrato (non sono ammesse ombre, n\u00e9 occhiali a lenti scure, n\u00e9 altri oggetti estranei nella foto) secondo gli\u00a0<a href=\"https:\/\/ambatene.esteri.it\/wp-content\/uploads\/2023\/11\/norme-icao.pdf\"><strong>standard ICAO 9303\/ISO 19794-5, 35mm x 40mm<\/strong><\/a>;<\/li>\n<li><strong>pagamento<\/strong>\u00a0della\u00a0<strong>tariffa consolare<\/strong>\u00a0(<strong>euro 116,20<\/strong>). Si ricorda che le\u00a0tariffe consolari\u00a0sono soggette a possibili variazioni e che il pagamento deve essere effettuato\u00a0<strong>tramite POS o Bonifico Bancario secondo le modalit\u00e0 riportate in<\/strong>\u00a0<a href=\"https:\/\/ambatene.esteri.it\/it\/servizi-consolari-e-visti\/servizi-per-il-cittadino-italiano\/tariffa-consolare-pagamenti\/\"><strong>questa pagina<\/strong><\/a>.<\/li>\n<li><strong>copia di un documento d\u2019identit\u00e0<\/strong>\u00a0in corso di validit\u00e0;<\/li>\n<li><strong>in presenza di figli minori<\/strong>,\u00a0il Decreto Legge n. 69\/2023 ha disposto la necessit\u00e0 di una dichiarazione del genitore richiedente il passaporto tesa ad attestare che lo stesso non \u00e8 destinatario di nessun provvedimento di inibitoria al rilascio del passaporto previsto dalla normativa vigente. Tale dichiarazione \u00e8 contenuta nel modulo di richiesta e deve essere resa indipendentemente dalla nazionalit\u00e0 dell\u2019altro genitore e anche se si tratta di genitore non coniugato, separato o divorziato;<\/li>\n<li><strong>in caso di furto\/smarrimento del passaporto<\/strong>\u00a0\u00e8 indispensabile presentare la denuncia sporta alle Autorit\u00e0 di Polizia greche.<\/li>\n<\/ul>\n<p>&nbsp;<\/p>\n<h5><strong>RITIRO DEL PASSAPORTO<\/strong><\/h5>\n<p>L\u2019ufficio consolare avvertir\u00e0 il connazionale\u00a0<strong>tramite e-mail<\/strong>\u00a0dell\u2019avvenuto rilascio.<\/p>\n<p>Il ritiro del passaporto dovr\u00e0 essere effettuato personalmente presso la Cancelleria Consolare oppure presso gli uffici della\u00a0<a href=\"https:\/\/ambatene.esteri.it\/it\/chi-siamo\/la-rete-consolare\/\"><strong>Rete consolare onoraria<\/strong><\/a>\u00a0(tutti quelli elencati nella pagina web ad eccezione dei Corrispondenti Consolari).\u00a0Il passaporto pu\u00f2 essere consegnato anche ad una persona diversa che dovr\u00e0 esibire la delega presente sul retro del modulo di domanda del passaporto\u00a0sottoscritta dal richiedente davanti al funzionario consolare al momento della rilevazione delle impronte, accompagnata da copia di un documento di identit\u00e0 che ne contenga la firma.<\/p>\n<h5><\/h5>\n<h5><strong>IN CASO DI IMPOSSIBILITA\u2019 A USARE PRENOT@MI<\/strong><\/h5>\n<p>In caso di impossibilit\u00e0 a usare Prenot@mi, si invita a inviare una mail ad\u00a0<a href=\"mailto:ambatene.consolare@esteri.it\"><strong>ambatene.consolare@esteri.it<\/strong><\/a><strong>\u00a0<\/strong>esponendo il proprio problema. Si provveder\u00e0 a fissare un appuntamento nella prima data disponibile.<\/p>\n<p>&nbsp;<\/p>\n","protected":false},"excerpt":{"rendered":"INFORMAZIONI GENERALI\u00a0 Il passaporto \u00e8 un documento di viaggio e di riconoscimento la cui procedura di rilascio \u00e8 disciplinata principalmente dalla\u00a0Legge n. 1185\/1967. La richiesta del passaporto pu\u00f2 essere presentata nei 6 mesi precedenti alla scadenza, ovvero dopo che il documento \u00e8 scaduto. In caso di passaporti deteriorati o esauriti nelle pagine, si potr\u00e0 richiederne [&hellip;]","protected":false},"author":4,"featured_media":0,"parent":672,"menu_order":1,"comment_status":"closed","ping_status":"closed","template":"","meta":{"footnotes":""},"class_list":["post-679","page","type-page","status-publish","hentry"],"_links":{"self":[{"href":"https:\/\/ambatene.esteri.it\/it\/wp-json\/wp\/v2\/pages\/679","targetHints":{"allow":["GET"]}}],"collection":[{"href":"https:\/\/ambatene.esteri.it\/it\/wp-json\/wp\/v2\/pages"}],"about":[{"href":"https:\/\/ambatene.esteri.it\/it\/wp-json\/wp\/v2\/types\/page"}],"author":[{"embeddable":true,"href":"https:\/\/ambatene.esteri.it\/it\/wp-json\/wp\/v2\/users\/4"}],"replies":[{"embeddable":true,"href":"https:\/\/ambatene.esteri.it\/it\/wp-json\/wp\/v2\/comments?post=679"}],"version-history":[{"count":6,"href":"https:\/\/ambatene.esteri.it\/it\/wp-json\/wp\/v2\/pages\/679\/revisions"}],"predecessor-version":[{"id":8459,"href":"https:\/\/ambatene.esteri.it\/it\/wp-json\/wp\/v2\/pages\/679\/revisions\/8459"}],"up":[{"embeddable":true,"href":"https:\/\/ambatene.esteri.it\/it\/wp-json\/wp\/v2\/pages\/672"}],"wp:attachment":[{"href":"https:\/\/ambatene.esteri.it\/it\/wp-json\/wp\/v2\/media?parent=679"}],"curies":[{"name":"wp","href":"https:\/\/api.w.org\/{rel}","templated":true}]}}