{"id":685,"date":"2023-11-27T09:54:33","date_gmt":"2023-11-27T06:54:33","guid":{"rendered":"https:\/\/ambatene.esteri.it\/?page_id=685"},"modified":"2026-03-06T15:07:37","modified_gmt":"2026-03-06T12:07:37","slug":"2-carta-didentita-elettronica-c-i-e","status":"publish","type":"page","link":"https:\/\/ambatene.esteri.it\/it\/servizi-consolari-e-visti\/servizi-per-il-cittadino-italiano\/documenti-di-viaggio\/2-carta-didentita-elettronica-c-i-e\/","title":{"rendered":"Carta d&#8217;identit\u00e0 elettronica (C.I.E)"},"content":{"rendered":"<h5><strong>INFORMAZIONI GENERALI E REQUISITI<\/strong><\/h5>\n<p>La carta di identit\u00e0 elettronica pu\u00f2 essere rilasciata esclusivamente ai cittadini italiani regolarmente residenti in questa Circoscrizione consolare e iscritti all\u2019A.I.R.E (Anagrafe degli Italiani Residenti all\u2019Estero) gestita dai Comuni italiani.<\/p>\n<p>L\u2019iscrizione A.I.R.E. \u00e8 quindi presupposto fondamentale per poter presentare domanda di emissione della C.I.E. Per iscriversi si pu\u00f2 procedere tramite l\u2019apposito\u00a0<strong>portale\u00a0<\/strong><a href=\"https:\/\/serviziconsolari.esteri.it\/ScoFE\/index.sco\"><strong>FAST IT<\/strong><\/a>, senza che sia necessario recarsi presso la Cancelleria Consolare. A\u00a0<a href=\"https:\/\/ambatene.esteri.it\/it\/servizi-consolari-e-visti\/servizi-per-il-cittadino-italiano\/anagrafe-consolare-italiani-residenti-allestero-aire\/\"><strong>questa pagina web<\/strong><\/a>\u00a0\u00e8 possibile reperire ogni ulteriore informazione sull\u2019argomento.<\/p>\n<p>La carta di identit\u00e0 elettronica si pu\u00f2 richiedere alla scadenza della propria carta di identit\u00e0, oppure in seguito a smarrimento, furto o deterioramento della carta gi\u00e0 in possesso. L\u2019utente pu\u00f2 richiedere il rilascio della C.I.E. a partire dal 180\u00b0 giorno che precede la scadenza, ovvero sei mesi prima. <strong>Si avverte che la carta d\u2019identit\u00e0 cartacea (CIC) cesser\u00e0 di essere valida dal 3 agosto 2026.<\/strong> Pertanto si invitano i connazionali a richiedere la nuova C.I.E., che pu\u00f2 essere richiesta anche da chi \u00e8 in possesso di CIC con validit\u00e0 superiore ai sei mesi.<\/p>\n<p>Al fine dell\u2019emissione della C.I.E. \u00e8 indispensabile, per i cittadini italiani nati all\u2019estero, che il relativo\u00a0<strong>atto di nascita risulti gi\u00e0 trascritto nei registri di stato civile del Comune di riferimento<\/strong>. Qualora in fase di verifica da parte dell\u2019Ambasciata l\u2019atto di nascita non risultasse trascritto, l\u2019interessato dovr\u00e0 contattare l\u2019Autorit\u00e0 di stato civile competente per il suo luogo di nascita per acquisire l\u2019atto di nascita in originale:<\/p>\n<ul>\n<li>per i nati in Grecia: l\u2019atto deve essere\u00a0<a href=\"https:\/\/www.esteri.it\/it\/servizi-consolari-e-visti\/italiani-all-estero\/traduzione-e-legalizzazione-documenti\/\"><strong>tradotto in italiano<\/strong><\/a>;<\/li>\n<li>per i nati in Paesi diversi da Italia e Grecia: l\u2019interessato dovr\u00e0 richiedere in persona o tramite persona delegata l\u2019atto di nascita alle Autorit\u00e0 competenti nello Stato di nascita. L\u2019atto deve essere\u00a0<a href=\"https:\/\/www.esteri.it\/it\/servizi-consolari-e-visti\/italiani-all-estero\/traduzione-e-legalizzazione-documenti\/\"><strong>tradotto<\/strong><\/a>\u00a0direttamente in italiano dalla lingua originale da un traduttore ufficiale nel Paese di emissione dell\u2019atto. Una volta completata questa procedura il certificato deve essere presentato alle Autorit\u00e0 diplomatico consolari d\u2019Italia competenti per territorio per le legalizzazioni finali, prima di essere consegnato alla Cancelleria Consolare dell\u2019Ambasciata d\u2019Italia ad Atene. Si suggerisce di verificare ogni ulteriore indicazione e informazione al riguardo sul sito web dell\u2019Autorit\u00e0 diplomatico-consolare italiana competente per territorio di nascita.<\/li>\n<\/ul>\n<p>\u00c8 altres\u00ec\u00a0<strong>indispensabile essere in possesso di codice fiscale italiano validato dall\u2019Agenzia delle Entrate<\/strong>. Qualora il connazionale non sia in possesso di un codice fiscale italiano, o quest\u2019ultimo non sia stato validato dall\u2019Agenzia delle Entrate, dovr\u00e0 fare richiesta presso la Cancelleria Consolare, compilando il\u00a0<a href=\"https:\/\/ambatene.esteri.it\/wp-content\/uploads\/2023\/07\/modulo_codice_fiscale_bilingue_2021.pdf\"><strong>modulo<\/strong><\/a>\u00a0di richiesta del Codice Fiscale, allegando un documento valido e inoltrando il tutto all\u2019indirizzo email<strong>\u00a0<\/strong><a href=\"mailto:ambatene.consolare@esteri.it\"><strong>ambatene.consolare@esteri.it<\/strong><\/a>.<\/p>\n<p>Tale richiesta deve essere effettuata prima di fissare l\u2019appuntamento per richiedere la C.I.E., che potr\u00e0 essere preso solo una volta ricevuto il codice fiscale.<\/p>\n<p>Per maggiori informazioni sui codici fiscali e relativa modulistica \u00e8 possibile consultare il seguente\u00a0<a href=\"https:\/\/ambatene.esteri.it\/it\/servizi-consolari-e-visti\/servizi-per-il-cittadino-italiano\/codice-fiscale\/\"><strong>link<\/strong><\/a>.<\/p>\n<h5><\/h5>\n<h5><strong>VALIDITA\u2019 TEMPORALE DELLA CARTA DI IDENTITA\u2019 ELETTRONICA<\/strong><\/h5>\n<p>La validit\u00e0 temporale della C.I.E. varia a seconda dell\u2019et\u00e0 del titolare:<\/p>\n<ul>\n<li>3 anni per i minori di et\u00e0 inferiore a 3 anni;<\/li>\n<li>5 anni per i minori di et\u00e0 compresa tra i 3 e i 18 anni;<\/li>\n<li>10 anni per i maggiorenni.<\/li>\n<\/ul>\n<p>&nbsp;<\/p>\n<h5><strong>APPUNTAMENTO E MODALITA\u2019 DI RICHIESTA<\/strong><\/h5>\n<p>Gli appuntamenti sono assegnati in base all\u2019<strong>ordine cronologico<\/strong>\u00a0delle prenotazioni effettuate tramite il portale\u00a0<a href=\"https:\/\/prenotami.esteri.it\/\"><strong>Prenot@mi<\/strong><\/a>. Qualsiasi richiesta di\u00a0<strong>anticipazione dell\u2019appuntamento<\/strong>\u00a0dovr\u00e0 essere accompagnata da un\u2019<strong>adeguata motivazione<\/strong>\u00a0che evidenzi una\u00a0<strong>comprovata urgenza<\/strong>\u00a0e sar\u00e0 in ogni caso\u00a0<strong>sottoposta all\u2019approvazione del Capo Cancelleria<\/strong>. Si precisa inoltre che la\u00a0<strong>richiesta per il rilascio della Carta d\u2019Identit\u00e0 Elettronica (CIE)<\/strong>\u00a0deve essere inoltrata\u00a0<strong>esclusivamente tramite il servizio\u00a0<\/strong><a href=\"https:\/\/prenotami.esteri.it\/\"><strong>Prenot@mi<\/strong><\/a><strong>.<\/strong> Per garantire il corretto svolgimento della procedura, l\u2019appuntamento deve essere fissato a nome dell\u2019interessato, anche in caso che sia un minore.<\/p>\n<p>Dal momento della richiesta alla data fissata per l\u2019appuntamento trascorrono in media circa 15 giorni, necessari per consentire all\u2019ufficio consolare di effettuare un preventivo controllo dei dati anagrafici e verificare che non sussistano cause ostative al rilascio del documento.<\/p>\n<p>&nbsp;<\/p>\n<h5><strong>DOCUMENTAZIONE DA PRESENTARE<\/strong><\/h5>\n<h6><strong>Rilascio carta di identit\u00e0 elettronica per maggiorenni<\/strong><\/h6>\n<p>Al momento dell\u2019appuntamento il cittadino deve presentarsi con i seguenti documenti\u00a0<strong>presso la Cancelleria Consolare di Atene<\/strong>\u00a0(Patriarchou Ioakeim, 38 \u2013 106 75 Kolonaki \u2013 Atene):<\/p>\n<ul>\n<li><a href=\"https:\/\/ambatene.esteri.it\/wp-content\/uploads\/2023\/07\/cie_per_maggiorenni.pdf\"><strong>Modulo di richiesta di rilascio\/duplicato C.I.E<\/strong><\/a>., interamente compilato e firmato;<\/li>\n<li>1 fototessera a colori, tipo \u201cimmagine frontale\u201d, dimensioni 35mm x 40mm, sfondo bianco, sguardo frontale, occhi aperti, viso centrato (non sono ammesse ombre, n\u00e9 occhiali a lenti scure, n\u00e9 altri oggetti estranei) secondo gli\u00a0<a href=\"https:\/\/ambatene.esteri.it\/wp-content\/uploads\/2023\/11\/norme-icao.pdf\"><strong>standard ICAO 9303\/iso 19794-5<\/strong><\/a><\/li>\n<li><strong>Documento di riconoscimento<\/strong>\u00a0in corso di validit\u00e0;<\/li>\n<li>Ai sensi del Decreto Legge n. 69\/2023, nel caso in cui il richiedente abbia figli minori di 18 anni,\u00a0<strong>dichiarazione, sotto la propria responsabilit\u00e0, da parte del genitore richiedente la carta di identit\u00e0, tesa ad attestare che lo stesso non \u00e8 destinatario di nessun provvedimento di inibitoria al rilascio della carta di identit\u00e0<\/strong>\u00a0previsto dalla normativa vigente. Tale dichiarazione \u00e8 contenuta nel modulo di richiesta e deve essere resa indipendentemente dalla nazionalit\u00e0 dell\u2019altro genitore e a prescindere dello stato civile del richiedente (celibe\/nubile, coniugato, unito civilmente, convivente, separato o divorziato);<\/li>\n<li><strong>In caso di furto\/smarrimento della carta d\u2019identit\u00e0<\/strong>\u00a0\u00e8 indispensabile presentare la denuncia sporta alle Autorit\u00e0 di Polizia greche;<\/li>\n<li><strong>Pagamento<\/strong>\u00a0tramite POS con carta di debito\/credito fisica o bonifico bancario della tariffa consolare (vedi sotto). Si fa presente che le tariffe consolari sono soggette a possibili variazioni.<\/li>\n<\/ul>\n<p>Il giorno dell\u2019appuntamento il funzionario consolare acquisisce la foto, le impronte digitali e la firma del richiedente.<\/p>\n<h6><\/h6>\n<h6><strong>Rilascio carta di identit\u00e0 elettronica per minorenni<\/strong><\/h6>\n<p><strong>Ai sensi della normativa vigente\u00a0<\/strong>i minori devono essere muniti di documento di identit\u00e0 individuale per poter viaggiare.<\/p>\n<p>Si ricorda che la domanda di carta di identit\u00e0 elettronica per i\u00a0<strong>minorenni nati in Grecia<\/strong>\u00a0pu\u00f2 essere presentata solo dopo aver consegnato alla Cancelleria Consolare<strong>\u00a0l\u2019atto di nascita<\/strong>\u00a0per la sua trascrizione in Italia, a seguito della quale il Comune italiano provveder\u00e0 alla registrazione nell\u2019AIRE. \u00c8 necessario inoltre<strong>\u00a0che il minore sia in possesso di codice fiscale italiano.<\/strong><\/p>\n<p>Per<strong>\u00a0i minori di 14 anni<\/strong>\u00a0l\u2019uso della carta d\u2019identit\u00e0 elettronica valida per l\u2019espatrio come documento di viaggio \u00e8 subordinato alla condizione che viaggino in compagnia di uno dei genitori. Se viaggiano con terzi \u00e8 necessario munirsi di apposita\u00a0\u00a0<a href=\"https:\/\/ambatene.esteri.it\/wp-content\/uploads\/2023\/07\/accompagnamento_minori.pdf\"><strong>dichiarazione di accompagnamento<\/strong><\/a>, rilasciata da entrambi i genitori alla persona, all\u2019ente o alla compagnia aerea a cui viene affidato il minore. La dichiarazione deve essere debitamente compilata e consegnata in Cancelleria Consolare.<\/p>\n<p>Le modalit\u00e0 di appuntamento differiscono a seconda dell\u2019et\u00e0 e del luogo di residenza del minore:<\/p>\n<ul>\n<li><strong>Se il minore ha compiuto 12 anni<\/strong>\u00a0deve presentarsi personalmente insieme ad almeno uno dei genitori previo appuntamento a suo nome, da fissare tramite il portale\u00a0<a href=\"https:\/\/prenotami.esteri.it\/\"><strong>Prenot@mi<\/strong><\/a>, in quanto \u00e8 necessaria la rilevazione delle sue impronte digitali e della firma.<\/li>\n<li><strong>Se il minore non ha compiuto 12 anni<\/strong>\u00a0deve presentarsi insieme ad almeno uno dei genitori presso la Cancelleria Consolare di Atene previo appuntamento a suo nome o a nome del genitore, da fissare tramite il portale\u00a0<a href=\"https:\/\/prenotami.esteri.it\/\"><strong>Prenot@mi<\/strong><\/a><strong>\u00a0<\/strong>avendo cura di inserire nel campo \u201cNote\u201d il nome e cognome del minorenne. In alternativa alla presenza del minore presso la Cancelleria Consolare il genitore pu\u00f2 fornire una foto autenticata rilasciata dal KEP.<\/li>\n<li><strong>Se il minore non ha compiuto 12 anni ed \u00e8 residente fuori Atene, in una localit\u00e0 in cui sia presente un ufficio della<\/strong><a href=\"https:\/\/ambatene.esteri.it\/it\/chi-siamo\/la-rete-consolare\/\"><strong>\u00a0Rete Consolare onoraria<\/strong><\/a>, i genitori possono recarsi presso tale ufficio insieme al minore per presentare domanda per il rilascio della C.I.E. fino a due mesi prima del compimento del dodicesimo anno del minore.<\/li>\n<\/ul>\n<p><strong>Nota bene:<\/strong>\u00a0per i minori che hanno meno di 12 anni le impronte digitali e la firma\u00a0<strong>non<\/strong>\u00a0sono necessarie.<\/p>\n<p>Al momento dell\u2019appuntamento occorre presentarsi con i seguenti documenti\u00a0<strong>presso la Cancelleria Consolare di Atene<\/strong>\u00a0(Patriarchou Ioakeim, 38 \u2013 Kolonaki \u2013 106 75 Atene):<\/p>\n<ul>\n<li><a href=\"https:\/\/ambatene.esteri.it\/wp-content\/uploads\/2023\/07\/cie_-_modulo_per_minori-1.pdf\"><strong>Modulo di richiesta<\/strong><\/a>, compilato in ogni sua parte e\u00a0<strong>firmato da entrambi i genitori<\/strong>\u00a0davanti al funzionario consolare. Nel caso in cui uno dei due genitori sia impossibilitato a presentarsi, il genitore richiedente pu\u00f2 allegare l\u2019<a href=\"https:\/\/ambatene.esteri.it\/wp-content\/uploads\/2023\/07\/modulo_assenso_unificato_a_minori_0.pdf\"><strong>atto di assenso<\/strong><\/a>\u00a0<strong>firmato in originale dall\u2019altro genitore, a cui va allegata fotocopia di un documento di identit\u00e0 del genitore assente. Il documento deve essere valido e provvisto di firma. Se il genitore assente \u00e8 cittadino extra-U.E. la firma deve essere autenticata<\/strong>.<\/li>\n<li><strong>1 fotografia a colori<\/strong>, tipo \u201cimmagine frontale\u201d, dimensioni 35mm x 40mm, sfondo bianco, sguardo frontale, occhi aperti, viso centrato (non sono ammesse ombre, n\u00e9 occhiali a lenti scure, n\u00e9 altri oggetti estranei) secondo gli\u00a0<a href=\"https:\/\/ambatene.esteri.it\/wp-content\/uploads\/2023\/11\/norme-icao.pdf\"><strong>standard ICAO 9303\/ISO 19794-5<\/strong><\/a>.<\/li>\n<li><strong>Copia di un documento di identit\u00e0 del minore<\/strong>. Se si tratta del primo documento del minore \u00e8 necessaria la presenza del minore presso la Cancelleria Consolare o l\u2019invio di una foto autenticata.<\/li>\n<li><strong>Pagamento<\/strong>\u00a0tramite POS o bonifico bancario della tariffa consolare (vedi sotto). Si fa presente che le tariffe consolari sono soggette a possibili variazioni.<\/li>\n<\/ul>\n<p>&nbsp;<\/p>\n<h5><strong>COSTO DELLA CARTA DI IDENTITA\u2019 ELETTRONICA<\/strong><\/h5>\n<p>Il\u00a0<a href=\"https:\/\/ambatene.esteri.it\/it\/servizi-consolari-e-visti\/servizi-per-il-cittadino-italiano\/tariffa-consolare-pagamenti\/\"><strong>costo<\/strong><\/a>\u00a0per l\u2019emissione della C.I.E., \u00e8 pari a:<\/p>\n<ul>\n<li>21,95 euro, in caso di primo rilascio o rinnovo.<\/li>\n<li>27,11 euro, in caso di duplicato per furto, smarrimento o deterioramento.<\/li>\n<\/ul>\n<p>Dove per:<\/p>\n<ul>\n<li><strong>RILASCIO<\/strong>\u00a0si intende la prima emissione della C.I.E.;<\/li>\n<li><strong>RINNOVO<\/strong>\u00a0si intende il rilascio di una nuova C.I.E. in sostituzione di quella precedente scaduta;<\/li>\n<li><strong>DUPLICATO<\/strong>\u00a0si intende il rilascio di una nuova C.I.E. in sostituzione della precedente nei casi di furto, smarrimento o deterioramento, o venga richiesta\u00a0<strong>PRIMA<\/strong>\u00a0dei 180 giorni dalla scadenza del documento precedente.<\/li>\n<\/ul>\n<p>Le istruzioni per il pagamento della tariffa consolare sono reperibili a\u00a0<a href=\"https:\/\/ambatene.esteri.it\/it\/servizi-consolari-e-visti\/servizi-per-il-cittadino-italiano\/tariffa-consolare-pagamenti\/\"><strong>questa pagina web<\/strong><\/a>.<\/p>\n<h5><\/h5>\n<h5><strong>TEMPI DI CONSEGNA DELLA CARTA DI IDENTITA\u2019 ELETTRONICA<\/strong><\/h5>\n<p>La C.I.E. non \u00e8 consegnata dall\u2019Ambasciata il giorno dell\u2019appuntamento ma viene prodotta dall\u2019Istituto Poligrafico e Zecca dello Stato, in Italia, che la spedisce per posta all\u2019indirizzo di residenza o recapito dichiarato dal richiedente.<\/p>\n<p>In caso di mancata consegna per indirizzo errato o per assenza dell\u2019interessato \u00e8 prevista una giacenza di 15 giorni presso l\u2019ufficio postale locale. Al termine di questo periodo il plico viene rispedito in Italia e poi inviato nuovamente alla\u00a0<strong>Cancelleria Consolare<\/strong>\u00a0(Patriarchou Ioakeim 38 \u2013 10675 Kolonaki\u2013Atene) per ulteriori tentativi di recapito.<\/p>\n<p>&nbsp;<\/p>\n","protected":false},"excerpt":{"rendered":"INFORMAZIONI GENERALI E REQUISITI La carta di identit\u00e0 elettronica pu\u00f2 essere rilasciata esclusivamente ai cittadini italiani regolarmente residenti in questa Circoscrizione consolare e iscritti all\u2019A.I.R.E (Anagrafe degli Italiani Residenti all\u2019Estero) gestita dai Comuni italiani. L\u2019iscrizione A.I.R.E. \u00e8 quindi presupposto fondamentale per poter presentare domanda di emissione della C.I.E. Per iscriversi si pu\u00f2 procedere tramite l\u2019apposito\u00a0portale\u00a0FAST [&hellip;]","protected":false},"author":9,"featured_media":0,"parent":672,"menu_order":0,"comment_status":"closed","ping_status":"closed","template":"","meta":{"footnotes":""},"class_list":["post-685","page","type-page","status-publish","hentry"],"_links":{"self":[{"href":"https:\/\/ambatene.esteri.it\/it\/wp-json\/wp\/v2\/pages\/685","targetHints":{"allow":["GET"]}}],"collection":[{"href":"https:\/\/ambatene.esteri.it\/it\/wp-json\/wp\/v2\/pages"}],"about":[{"href":"https:\/\/ambatene.esteri.it\/it\/wp-json\/wp\/v2\/types\/page"}],"author":[{"embeddable":true,"href":"https:\/\/ambatene.esteri.it\/it\/wp-json\/wp\/v2\/users\/9"}],"replies":[{"embeddable":true,"href":"https:\/\/ambatene.esteri.it\/it\/wp-json\/wp\/v2\/comments?post=685"}],"version-history":[{"count":7,"href":"https:\/\/ambatene.esteri.it\/it\/wp-json\/wp\/v2\/pages\/685\/revisions"}],"predecessor-version":[{"id":9410,"href":"https:\/\/ambatene.esteri.it\/it\/wp-json\/wp\/v2\/pages\/685\/revisions\/9410"}],"up":[{"embeddable":true,"href":"https:\/\/ambatene.esteri.it\/it\/wp-json\/wp\/v2\/pages\/672"}],"wp:attachment":[{"href":"https:\/\/ambatene.esteri.it\/it\/wp-json\/wp\/v2\/media?parent=685"}],"curies":[{"name":"wp","href":"https:\/\/api.w.org\/{rel}","templated":true}]}}