{"id":71,"date":"2023-11-27T10:19:16","date_gmt":"2023-11-27T07:19:16","guid":{"rendered":"https:\/\/ambasciatapraga.esteri.it\/?page_id=71"},"modified":"2026-01-29T14:24:38","modified_gmt":"2026-01-29T11:24:38","slug":"servizi-notarili","status":"publish","type":"page","link":"https:\/\/ambatene.esteri.it\/it\/servizi-consolari-e-visti\/servizi-per-il-cittadino-italiano\/servizi-notarili\/","title":{"rendered":"Servizi notarili, notifiche e autocertificazioni"},"content":{"rendered":"<div class=\"sr-only\" style=\"text-align: justify;\">\n<p>I servizi consolari pi\u00f9 comuni richiesti all\u2019Ufficio legale dell\u2019Ambasciata sono i seguenti:<\/p>\n<ul>\n<li><strong>Atti notarili<\/strong><\/li>\n<li><strong>Notifiche<\/strong><\/li>\n<li><strong>Autocertificazioni, dichiarazioni sostitutive di atto notorio e deleghe<\/strong><\/li>\n<\/ul>\n<p>&nbsp;<\/p>\n<h5><strong>ATTI NOTARILI<\/strong><\/h5>\n<h6><strong><u>Atti emessi dalla Cancelleria consolare<\/u><\/strong><\/h6>\n<p>L\u2019ufficio consolare esercita \u2013\u00a0<strong>in via principale e prioritaria nei confronti dei soli cittadini italiani\u00a0<\/strong>\u2013 talune funzioni notarili previste dall\u2019ordinamento del Ministero degli Affari Esteri e della Cooperazione Internazionale (D. Lgs. n. 71\/2011).<\/p>\n<p>Le uniche ipotesi in cui l\u2019Ambasciata pu\u00f2 rilasciare atti notarili in favore di utenti non italiani sono, in principio, soltanto le seguenti:<\/p>\n<ul>\n<li>almeno una delle parti conferenti procura \u00e8 di cittadinanza italiana;<\/li>\n<li>procura alle liti per impugnare il decreto di espulsione emesso dal Prefetto (D.Lgs.150\/2011, art.18, comma3);<\/li>\n<li>procura alle liti per ricorrere avverso il diniego o la revoca dei permessi di soggiorno temporanei per esigenze di carattere umanitario (D.Lgs.n.150\/20211, art.19-ter, comma 4).<\/li>\n<\/ul>\n<p>Gli atti notarili rilasciati dall\u2019Ambasciata sono redatti in lingua italiana e, , pertanto, \u00e8 richiesta la conoscenza della lingua da parte del richiedente. Per il perfezionamento degli stessi, inoltre, \u00e8 necessaria la presenza fisica del dichiarante, munito di un documento di riconoscimento in corso di validit\u00e0, presso gli uffici della Cancelleria consolare dell\u2019Ambasciata d\u2019Italia in Atene.<\/p>\n<p>Poich\u00e9 taluni atti, come ad esempio le procure, sono per loro natura complessi e richiedono un\u2019accurata preparazione e redazione prima della firma, gli interessati dovranno, in via preliminare, inviare una e-mail di richiesta, utilizzando la casella di posta elettronica <a href=\"mailto:ambatene.consolare@esteri.it;%20soltanto\">ambatene.consolare@esteri.it; soltanto<\/a> quando la procura sar\u00e0 predisposta per la sottoscrizione riceveranno una e-mail di conferma e potranno prenotare un appuntamento attraverso il portale Prenot@mi.<\/p>\n<p>&nbsp;<\/p>\n<p>In particolare, per la preparazione della documentazione, data la complessit\u00e0 della materia e il fatto che spesso gli atti notarili sono richiesti in Italia con specifiche dizioni o previsioni da parte dei professionisti\/degli uffici destinatari, si consiglia di\u00a0<strong>richiederne preventivamente una bozza in formato Word al legale o notaio che in Italia dovr\u00e0 ricevere l\u2019atto<\/strong>\u00a0firmato presso l\u2019Ufficio di questa Cancelleria consolare, cos\u00ec da esser certi che l\u2019atto che verr\u00e0 rogato corrisponde esattamente alle necessit\u00e0.<\/p>\n<p>Oltre alla bozza dell\u2019atto in formato Word, i documenti che dovranno essere forniti per e-mail dagli interessati per la preparazione delle procure , sono i seguenti:<\/p>\n<ul>\n<li>per il conferente procura\/rappresentato: copia del documento di identit\u00e0 (i doppi cittadini dovranno presentare un documento italiano), indicazione del luogo di residenza (citt\u00e0, via\/piazza, numero civico) qualora non si evinca dal documento, copia del codice fiscale italiano;<\/li>\n<li>per il procuratore\/rappresentante: copia del documento di identit\u00e0, indicazione del luogo di residenza (citt\u00e0, via\/piazza, numero civico) qualora non si evinca dal documento, copia del codice fiscale italiano;<\/li>\n<li>documentazione relativa all\u2019oggetto dell\u2019atto (ad esempio: in caso di beni immobili occorre la visura catastale aggiornata del bene, mentre nel caso di auto\/motoveicoli occorrer\u00e0 copia del libretto di circolazione e certificato di propriet\u00e0).<\/li>\n<\/ul>\n<p>Tutta la documentazione deve essere anticipata via posta elettronica (preferibilmente in formato pdf e non come foto) e come allegato al messaggio mail, inclusa la bozza dell\u2019atto in formato Word.<\/p>\n<p>Il rilascio delle procure e degli altri atti notarili \u00e8 soggetto al versamento delle relative\u00a0<a href=\"https:\/\/ambatene.esteri.it\/it\/servizi-consolari-e-visti\/servizi-per-il-cittadino-italiano\/tariffa-consolare-pagamenti\/\"><strong>tariffe consolari<\/strong><\/a>, secondo le modalit\u00e0 descritte nella pagina web predetta.<\/p>\n<p>Altre tipologie di atti, quali legalizzazioni di firma, autentiche di firma, copie conformi all\u2019originale possono essere prenotati direttamente dagli utenti, utilizzando il portale Prenot@mi e scegliendo il servizio Legalizzazioni.<\/p>\n<h6><strong><u>Atti emessi da un pubblico notaio greco<\/u><\/strong><\/h6>\n<p>In alternativa ai servizi notarili erogati da questa Cancelleria consolare \u00e8 sempre possibile rivolgersi a un pubblico notaio ufficialmente accreditato in Grecia.<\/p>\n<p>Sul documento cos\u00ec rogato occorrer\u00e0 successivamente far apporre l\u2019\u00abapostille\u00bb (<a href=\"https:\/\/ambatene.esteri.it\/it\/servizi-consolari-e-visti\/servizi-per-il-cittadino-italiano\/traduzione-e-legalizzazione-dei-documenti\/\">Traduzione e Legalizzazione di documenti<\/a>) \u00a0di cui alla Convenzione de L\u2019Aja del 1961.<\/p>\n<p>Il documento in lingua straniera da presentare in Italia deve essere quindi munito di\u00a0<a href=\"https:\/\/ambatene.esteri.it\/it\/servizi-consolari-e-visti\/servizi-per-il-cittadino-italiano\/traduzione-e-legalizzazione-dei-documenti\/\"><strong>traduzione<\/strong><\/a><strong><u>\u00a0in lingua italiana e trasmesso a questa Ambasciata per la conformit\u00e0 della traduzione all\u2019originale<\/u><\/strong><u>. Al riguardo si veda l\u2019apposita pagina:<\/u>\u00a0<a href=\"https:\/\/ambatene.esteri.it\/it\/servizi-consolari-e-visti\/servizi-per-il-cittadino-italiano\/traduzione-e-legalizzazione-dei-documenti\/\">Traduzione e Legalizzazione di documenti<\/a>.<\/p>\n<h5><\/h5>\n<h5><strong>NOTIFICHE<\/strong><\/h5>\n<p>Poich\u00e9 sia l\u2019Italia che la Grecia hanno aderito alla \u201cConvenzione europea sulla notificazione all\u2019estero dei documenti in materia amministrativa\u201d, firmata a Strasburgo il 24.11.1977, \u00e8 possibile inviare direttamente le notifiche alle Autorit\u00e0 centrali greche (Ministero della Giustizia) per il tramite delle Autorit\u00e0 centrali italiane competenti.<\/p>\n<p>Per ulteriori e pi\u00f9 approfondite informazioni si consiglia di consultare la\u00a0<a href=\"https:\/\/www.esteri.it\/it\/servizi-consolari-e-visti\/italiani-all-estero\/notifiche_estero\/\"><strong>pagina apposita<\/strong><\/a><strong>\u00a0<\/strong>del sito web del Ministero degli Affari Esteri e della Cooperazione Internazionale.<\/p>\n<p>&nbsp;<\/p>\n<h5><strong>AUTOCERTIFICAZIONI, DICHIARAZIONI SOSTITUTIVE DI ATTO NOTORIO E DELEGHE<\/strong><\/h5>\n<p>L\u2019autocertificazione \u00e8 una dichiarazione che l\u2019interessato redige e sottoscrive nel proprio interesse su stati, fatti e qualit\u00e0 personali e che utilizza nei rapporti con la pubblica amministrazione e con i concessionari e i gestori di pubblici servizi. Nel rapporto con un soggetto privato il ricorso all\u2019autocertificazione \u00e8 rimandato alla discrezionalit\u00e0 di quest\u2019ultimo. La dichiarazione pu\u00f2 sostituire le normali certificazioni e gli atti notori. Infatti, il\u00a0<a href=\"https:\/\/www.normattiva.it\/atto\/caricaDettaglioAtto?atto.dataPubblicazioneGazzetta=2001-02-20&amp;atto.codiceRedazionale=001G0049&amp;atto.articolo.numero=0&amp;atto.articolo.sottoArticolo=1&amp;atto.articolo.sottoArticolo1=10&amp;qId\"><strong>D.P.R. 28 dicembre 2000 n. 445<\/strong><\/a>\u00a0ha introdotto un importante processo di semplificazione amministrativa.<\/p>\n<p>Sono disponibili i seguenti modelli per le\u00a0<a href=\"https:\/\/ambatene.esteri.it\/wp-content\/uploads\/2023\/07\/dichiarazione_sostitutiva_di_certificazione-1.pdf\"><strong>autocertificazioni<\/strong><\/a>, le\u00a0<a href=\"https:\/\/ambatene.esteri.it\/wp-content\/uploads\/2023\/07\/dichiarazione_sostitutiva_atto_di_notorieta-1.pdf\"><strong>dichiarazioni sostitutive di atto notorio<\/strong><\/a><strong>\u00a0<\/strong>e le\u00a0<a href=\"https:\/\/ambatene.esteri.it\/wp-content\/uploads\/2023\/07\/delega-1.pdf\"><strong>deleghe<\/strong><\/a>. Tali documenti non hanno usualmente bisogno dell\u2019autentica di firma purch\u00e9 accompagnati da copia di documento di identit\u00e0 del sottoscrittore in corso di validit\u00e0, ad eccezione dei casi in cui l\u2019Ente\/Ufficio destinatario ne faccia espressa richiesta.<br \/>\nPer\u00a0<strong>l\u2019autentica di firma<\/strong>\u00a0\u00e8 necessario fissare un appuntamento per \u201clegalizzazione\u201d attraverso il portale\u00a0<a href=\"https:\/\/prenotami.esteri.it\/\">Prenot@mi<\/a>. Il servizio \u00e8 soggetto al versamento delle relative\u00a0<a href=\"https:\/\/ambatene.esteri.it\/it\/servizi-consolari-e-visti\/servizi-per-il-cittadino-italiano\/tariffa-consolare-pagamenti\/\"><strong>tariffe consolari<\/strong><\/a>.<\/p>\n<p>Per un approfondimento sull\u2019autocertificazione, \u00e8 anche possibile visitare la\u00a0<a href=\"https:\/\/www.esteri.it\/it\/servizi-consolari-e-visti\/normativa_consolare\/serviziconsolari\/autocertificazione\/\"><strong>pagina dedicata del Ministero degli Affari Esteri e della Cooperazione Internazionale<\/strong><\/a>.<\/p>\n<p>&nbsp;<\/p>\n<p>&nbsp;<\/p>\n<p>&nbsp;<\/p>\n<\/div>\n","protected":false},"excerpt":{"rendered":"I servizi consolari pi\u00f9 comuni richiesti all\u2019Ufficio legale dell\u2019Ambasciata sono i seguenti: Atti notarili Notifiche Autocertificazioni, dichiarazioni sostitutive di atto notorio e deleghe &nbsp; ATTI NOTARILI Atti emessi dalla Cancelleria consolare L\u2019ufficio consolare esercita \u2013\u00a0in via principale e prioritaria nei confronti dei soli cittadini italiani\u00a0\u2013 talune funzioni notarili previste dall\u2019ordinamento del Ministero degli Affari Esteri [&hellip;]","protected":false},"author":1,"featured_media":0,"parent":47,"menu_order":16,"comment_status":"closed","ping_status":"closed","template":"","meta":{"footnotes":""},"class_list":["post-71","page","type-page","status-publish","hentry"],"_links":{"self":[{"href":"https:\/\/ambatene.esteri.it\/it\/wp-json\/wp\/v2\/pages\/71","targetHints":{"allow":["GET"]}}],"collection":[{"href":"https:\/\/ambatene.esteri.it\/it\/wp-json\/wp\/v2\/pages"}],"about":[{"href":"https:\/\/ambatene.esteri.it\/it\/wp-json\/wp\/v2\/types\/page"}],"author":[{"embeddable":true,"href":"https:\/\/ambatene.esteri.it\/it\/wp-json\/wp\/v2\/users\/1"}],"replies":[{"embeddable":true,"href":"https:\/\/ambatene.esteri.it\/it\/wp-json\/wp\/v2\/comments?post=71"}],"version-history":[{"count":6,"href":"https:\/\/ambatene.esteri.it\/it\/wp-json\/wp\/v2\/pages\/71\/revisions"}],"predecessor-version":[{"id":8857,"href":"https:\/\/ambatene.esteri.it\/it\/wp-json\/wp\/v2\/pages\/71\/revisions\/8857"}],"up":[{"embeddable":true,"href":"https:\/\/ambatene.esteri.it\/it\/wp-json\/wp\/v2\/pages\/47"}],"wp:attachment":[{"href":"https:\/\/ambatene.esteri.it\/it\/wp-json\/wp\/v2\/media?parent=71"}],"curies":[{"name":"wp","href":"https:\/\/api.w.org\/{rel}","templated":true}]}}