{"id":72,"date":"2024-02-01T09:18:34","date_gmt":"2024-02-01T06:18:34","guid":{"rendered":"https:\/\/ambasciatapraga.esteri.it\/?page_id=72"},"modified":"2025-12-29T15:29:40","modified_gmt":"2025-12-29T12:29:40","slug":"pensioni-e-sicurezza-sociale","status":"publish","type":"page","link":"https:\/\/ambatene.esteri.it\/it\/servizi-consolari-e-visti\/servizi-per-il-cittadino-italiano\/pensioni-e-sicurezza-sociale\/","title":{"rendered":"Pensioni e sicurezza sociale"},"content":{"rendered":"<h5 style=\"text-align: justify;\"><strong>PAGAMENTO ALL\u2019ESTERO DELLE PENSIONI I.N.P.S.<\/strong><\/h5>\n<p style=\"text-align: justify;\">Come illustrato sul sito istituzionale del\u00a0<strong><a href=\"https:\/\/www.esteri.it\/it\/servizi-consolari-e-visti\/italiani-all-estero\/sicurezzasociale\/\">Ministero degli Affari Esteri e della Cooperazione Internazionale<\/a><\/strong>, per\u00a0<strong>il pagamento all\u2019estero delle pensioni I.N.P.S. agli aventi diritto residenti fuori Italia<\/strong>, l\u2019Istituto si avvale di un istituto di credito aggiudicatario di una gara d\u2019appalto che viene rinnovata con cadenza triennale. Il pagamento delle pensioni all\u2019estero \u00e8 attualmente affidato a Citibank.\u00a0<strong>La banca incaricata del servizio opera a sua volta tramite istituti di credito corrispondenti nelle diverse aree<\/strong>.<\/p>\n<p style=\"text-align: justify;\">Le pensioni vengono pagate ai residenti all\u2019estero ogni mese. Le pensioni di importo inferiore a un limite stabilito per legge vengono pagate con periodicit\u00e0 semestrale come avviene per i pensionati in Italia. Il pagamento delle pensioni \u00e8 in genere effettuato con accredito sul conto corrente del pensionato.<\/p>\n<p style=\"text-align: justify;\"><strong>La banca incaricata dei pagamenti ha il compito di verificare annualmente l\u2019esistenza in vita, l\u2019indirizzo e la residenza del pensionato.<\/strong><\/p>\n<p style=\"text-align: justify;\"><strong>Le modalit\u00e0 concordate tra I.N.P.S. e Citibank per la dimostrazione dell\u2019esistenza in vita prevedono che il pensionato compili un \u201cModulo di Certificazione di Esistenza in Vita\u201d (che avr\u00e0 ricevuto dalla stessa banca al suo domicilio), firmi il modulo facendone autenticare la sottoscrizione dall\u2019Ufficio consolare o da un Pubblico Ufficiale riconosciuto dalla legislazione del suo Paese di residenza e lo invii alla banca.<\/strong>\u00a0Sul sito\u00a0<strong><a href=\"http:\/\/www.inps.citi.com\/\">www.inps.citi.com<\/a><\/strong>\u00a0sono disponibili tutte le informazioni necessarie, tra cui un elenco di Pubblici Ufficiali abilitati ad autenticare il Certificato di Esistenza in Vita in ciascun Paese o area geografica e i riferimenti telefonici e mail dedicati all\u2019assistenza all\u2019utenza, ai quali gli interessati possono anche rivolgersi direttamente.<\/p>\n<p>&nbsp;<\/p>\n<h5><strong>ACCERTAMENTO DELL\u2019ESISTENZA IN VITA DEI PENSIONATI I.N.P.S. RESIDENTI IN GRECIA \u2013 CAMPAGNA 2025-2026<\/strong><\/h5>\n<p>L\u2019INPS ha avviato la campagna annuale di verifica dell\u2019esistenza in vita dei pensionati che riscuotono la pensione all\u2019estero. Tale accertamento \u00e8 svolto da Citibank N.A., istituto incaricato dei pagamenti all\u2019estero.<\/p>\n<p><strong>I pensionati residenti in Europa saranno coinvolti nella seconda fase, che si terr\u00e0 dal 17 settembre 2025 al 15 gennaio 2026.<\/strong><\/p>\n<p>Citibank invier\u00e0 una lettera esplicativa con allegato il modulo standard di attestazione. Il modulo, debitamente compilato, firmato e controfirmato da un testimone accettabile (ad es. un funzionario dell\u2019Ambasciata), dovr\u00e0 essere restituito a Citibank entro il 15 gennaio 2026 alla casella postale <strong>PO Box 4873, Worthing BN99 3BG, United Kingdom<\/strong>, entro il termine indicato nella lettera esplicativa.<\/p>\n<p>Come di consueto,\u00a0<strong>gli interessati potranno presentarsi presso gli Uffici della Cancelleria Consolare<\/strong>\u00a0(Patriarchou Ioakeim 38, 10675 Atene) durante l\u2019orario di apertura al pubblico: luned\u00ec, marted\u00ec, gioved\u00ec e venerd\u00ec 09.00-12.00, mercoled\u00ec 14.00-17.00,\u00a0<strong>muniti del modulo loro inviato dalla Citibank e di un documento di identit\u00e0 in corso di validit\u00e0<\/strong>.<\/p>\n<p><strong>La pratica di accertamento dell\u2019esistenza in vita potr\u00e0 essere espletata in presenza anche presso i Consolati Onorari, i Vice Consolati Onorari e le Agenzie Consolari Onorarie d\u2019Italia della\u00a0<\/strong><a href=\"https:\/\/ambatene.esteri.it\/it\/chi-siamo\/la-rete-consolare\/\"><strong>Rete Consolare Onoraria<\/strong><\/a>. L\u2019originale del certificato verr\u00e0 restituito agli interessati, che lo spediranno a Citibank con la busta ricevuta.<\/p>\n<p>Si segnala che nel caso in cui il pensionato si trovi in stato di infermit\u00e0 fisica o mentale, o si tratti di persona che risiede in istituti di riposo o sanitari pubblici o privati, o di pensionato affetto da patologie che ne impediscano gli spostamenti, o ancora di soggetto incapace o recluso in istituti di detenzione, \u00e8 necessario contattare il Servizio di supporto di Citibank, che render\u00e0 disponibile il modulo alternativo di certificazione di esistenza in vita.<\/p>\n<p>La Cancelleria Consolare potr\u00e0 infine utilizzare un servizio di videochiamata, modalit\u00e0 supplementare e non sostitutiva, per completare il processo di verifica dell\u2019esistenza in vita dei pensionati:<\/p>\n<ol>\n<li>L\u2019utente riceve da Citibank per posta ordinaria il modulo di richiesta di attestazione in vita con tutte le generalit\u00e0 e l\u2019identificativo della propria pensione. Compila il modulo aggiungendo il proprio recapito telefonico e, se disponibile, un indirizzo e-mail.<strong>\u00a0Vi appone la propria firma indicando anche la data di sottoscrizione, CON PENNA NERA<\/strong>.<\/li>\n<li>Dopo aver apposto la firma l\u2019utente invia per email:\n<ol>\n<li><strong>una copia scansionata del modulo sottoscritto<\/strong><\/li>\n<li><strong>una copia scansionata fronte\/retro del suo documento di identit\u00e0 all\u2019indirizzo <a href=\"mailto:ambatene.consolare@esteri.it\">ambatene.consolare@esteri.it<\/a><\/strong>, lasciando anche i propri recapiti telefonici.<\/li>\n<\/ol>\n<\/li>\n<li>L\u2019utente verr\u00e0 quindi contattato dalla Cancelleria Consolare per fissare l\u2019appuntamento per la videochiamata. Al termine, ricever\u00e0 il modulo completo con la firma dell\u2019addetto consolare.<\/li>\n<\/ol>\n<p>In caso di mancato accertamento, il pagamento della rata di <strong>febbraio 2026<\/strong> potr\u00e0 essere effettuato in contanti presso le agenzie Western Union, se consentito. Se il pensionato non ritirer\u00e0 personalmente l\u2019importo o non presenter\u00e0 l\u2019attestazione entro il <strong>19 febbraio 2026<\/strong>, il pagamento sar\u00e0 <strong>sospeso dalla rata di marzo 2026<\/strong>\u200b.<\/p>\n<p>In caso di riscossione in contanti presso un\u2019agenzia Western Union, sar\u00e0 necessario presentare un documento di identit\u00e0, il <strong>codice MTCN<\/strong> (Money Transfer Control Number), il <strong>nominativo dell\u2019ordinante (INPS)<\/strong> e l\u2019importo da riscuotere. Questa operazione costituisce prova valida dell\u2019esistenza in vita solo se effettuata personalmente dal pensionato\u200b.<\/p>\n<p>Si fa presente che la riscossione personale agli sportelli Western Union di almeno una delle rate, entro il termine di restituzione dell\u2019attestazione indicato nelle lettere esplicative, costituisce valida prova di esistenza in vita, sollevando il pensionato dall\u2019invio del modulo cartaceo alla Banca.<\/p>\n<p>Per ulteriori informazioni e per assistenza:<\/p>\n<ul>\n<li>Portale: <strong><a href=\"https:\/\/www.inps.citi.com\">www.inps.citi.com<\/a><\/strong><\/li>\n<li>Email: <strong><a href=\"mailto:inps.pensionati@citi.com\">inps.pensionati@citi.com<\/a><\/strong><\/li>\n<\/ul>\n<p>&nbsp;<\/p>\n<h5 style=\"text-align: justify;\"><strong>CONSULENZA IN MATERIA DI PREVIDENZA SOCIALE<\/strong><\/h5>\n<p style=\"text-align: justify;\">Si informa che ad Atene \u00e8 operante anche un Patronato\u00a0<strong><a href=\"http:\/\/www.italuil.it\/index.jsp?id=235&amp;stati=64\">ITAL-UIL<\/a> <\/strong>(orario 8.30-16.00, lun.-giov.) che offre servizi specializzati di consulenza in materia previdenziale, sia italiana che estera.<\/p>\n<p>&nbsp;<\/p>\n<h5 style=\"text-align: justify;\"><strong>REGIME TEMPORANEO DI TASSAZIONE AGEVOLATA PER I REDDITI DEI PENSIONATI GENERATI ALL\u2019ESTERO<\/strong><\/h5>\n<p style=\"text-align: justify;\">Nel 2020 il Governo greco ha approvato un regime di tassazione agevolata per quindici anni sui redditi dei pensionati generati all\u2019estero a favore dei pensionati che trasferiscano la propria residenza fiscale in Grecia. In ragione dell\u2019elevato numero di richieste di chiarimento inviate all\u2019Ambasciata, \u00e8 possibile trovare a\u00a0<strong><a href=\"https:\/\/ambatene.esteri.it\/wp-content\/uploads\/2023\/11\/regolamento_attuativo_pensioni_estere_grecia_2020.pdf\">questo link<\/a>\u00a0<\/strong>la traduzione (effettuata da questa Ambasciata) del Regolamento attuativo della Legge, corredata con l\u2019indicazione dei contatti utili degli uffici greci deputati alla trattazione delle domande di applicazione del regime agevolato.<\/p>\n<p style=\"text-align: justify;\">Nel suggerire un\u2019attenta lettura dei termini e delle prescrizioni previsti dalla normativa ellenica, si precisa che si tratta di una traduzione non ufficiale, che non pu\u00f2 e non intende sostituire le necessarie verifiche che l\u2019interessato dovr\u00e0 effettuare direttamente con le Autorit\u00e0 greche, le uniche titolate a fornire un\u2019interpretazione autentica della normativa e a dare indicazioni univoche per l\u2019applicazione della legge a ciascun caso specifico, nonch\u00e9 a chiarire le possibili penalit\u00e0 cui si incorre in caso di interruzione del regime per rimpatrio o trasferimento prima del termine di 15 anni.<\/p>\n<p style=\"text-align: justify;\">La documentazione richiesta dalle Autorit\u00e0 elleniche, emessa da Autorit\u00e0 o Enti italiani, deve essere necessariamente completata in Italia con l\u2019apostille della Convenzione de L\u2019Aja del 1961 presso la\u00a0<strong><a href=\"https:\/\/prefettura.interno.gov.it\/it\">Prefettura competente per territorio<\/a><\/strong>\u00a0di rilascio del documento.<\/p>\n","protected":false},"excerpt":{"rendered":"PAGAMENTO ALL\u2019ESTERO DELLE PENSIONI I.N.P.S. Come illustrato sul sito istituzionale del\u00a0Ministero degli Affari Esteri e della Cooperazione Internazionale, per\u00a0il pagamento all\u2019estero delle pensioni I.N.P.S. agli aventi diritto residenti fuori Italia, l\u2019Istituto si avvale di un istituto di credito aggiudicatario di una gara d\u2019appalto che viene rinnovata con cadenza triennale. Il pagamento delle pensioni all\u2019estero \u00e8 [&hellip;]","protected":false},"author":1,"featured_media":0,"parent":47,"menu_order":14,"comment_status":"closed","ping_status":"closed","template":"","meta":{"footnotes":""},"class_list":["post-72","page","type-page","status-publish","hentry"],"_links":{"self":[{"href":"https:\/\/ambatene.esteri.it\/it\/wp-json\/wp\/v2\/pages\/72","targetHints":{"allow":["GET"]}}],"collection":[{"href":"https:\/\/ambatene.esteri.it\/it\/wp-json\/wp\/v2\/pages"}],"about":[{"href":"https:\/\/ambatene.esteri.it\/it\/wp-json\/wp\/v2\/types\/page"}],"author":[{"embeddable":true,"href":"https:\/\/ambatene.esteri.it\/it\/wp-json\/wp\/v2\/users\/1"}],"replies":[{"embeddable":true,"href":"https:\/\/ambatene.esteri.it\/it\/wp-json\/wp\/v2\/comments?post=72"}],"version-history":[{"count":6,"href":"https:\/\/ambatene.esteri.it\/it\/wp-json\/wp\/v2\/pages\/72\/revisions"}],"predecessor-version":[{"id":8348,"href":"https:\/\/ambatene.esteri.it\/it\/wp-json\/wp\/v2\/pages\/72\/revisions\/8348"}],"up":[{"embeddable":true,"href":"https:\/\/ambatene.esteri.it\/it\/wp-json\/wp\/v2\/pages\/47"}],"wp:attachment":[{"href":"https:\/\/ambatene.esteri.it\/it\/wp-json\/wp\/v2\/media?parent=72"}],"curies":[{"name":"wp","href":"https:\/\/api.w.org\/{rel}","templated":true}]}}