{"id":75,"date":"2023-11-08T08:20:20","date_gmt":"2023-11-08T05:20:20","guid":{"rendered":"https:\/\/ambasciatapraga.esteri.it\/?page_id=75"},"modified":"2026-01-21T18:18:27","modified_gmt":"2026-01-21T15:18:27","slug":"codice-fiscale","status":"publish","type":"page","link":"https:\/\/ambatene.esteri.it\/it\/servizi-consolari-e-visti\/servizi-per-il-cittadino-italiano\/codice-fiscale\/","title":{"rendered":"Codice fiscale"},"content":{"rendered":"<ol>\n<li><strong>Cos\u2019\u00e8<\/strong><\/li>\n<li><strong>A cosa serve?<\/strong><\/li>\n<li><strong>Come presentare la richiesta <\/strong><\/li>\n<\/ol>\n<ol>\n<li>\n<h5><strong> Cos\u2019\u00e8<\/strong><\/h5>\n<\/li>\n<\/ol>\n<p>Il codice fiscale \u00e8 il codice alfanumerico rilasciato dall\u2019Agenzia delle Entrate per identificare il cittadino (italiano o straniero) nei rapporti con le amministrazioni pubbliche, i privati e gli enti, italiani. Per le persone fisiche il codice fiscale viene determinato sulla base dei dati anagrafici.<\/p>\n<ol start=\"2\">\n<li>\n<h5><strong> A cosa serve?<\/strong><\/h5>\n<\/li>\n<\/ol>\n<p>Qualsiasi adempimento amministrativo (versamento di tasse, imposte, canoni, ecc.) o attivit\u00e0 negoziale (accettazione di eredit\u00e0, contratti con soggetti pubblici o privati, richiesta di finanziamenti, sponsorizzazioni, locazioni o comodati di bene immobile ecc.) esige l\u2019indicazione del codice fiscale del soggetto che la effettua.<\/p>\n<ol start=\"3\">\n<li>\n<h5><strong> Come presentare la richiesta<\/strong><\/h5>\n<\/li>\n<\/ol>\n<p>I <strong>cittadini italiani<\/strong> <strong>residenti all\u2019estero<\/strong> possono chiedere il codice fiscale per il <strong>tramite dell\u2019Ufficio consolare<\/strong>, oltre che <strong>direttamente agli uffici dell\u2019Agenzia delle Entrate dislocati sul territorio italiano<\/strong>, ai sensi dell\u2019art. 1 del D.M. attuativo del 17 maggio 2001, n. 281, tenuto conto dell\u2019ampia articolazione e capillare diffusione di uffici dell\u2019Agenzia dell\u2019Entrate in Italia.<\/p>\n<p>&nbsp;<\/p>\n<h5><span style=\"text-decoration: underline;\">CITTADINI ITALIANI RESIDENTI ALL\u2019ESTERO ISCRITTI AIRE<\/span><\/h5>\n<p>Sei un cittadino straniero? Clicca <a href=\"https:\/\/ambatene.esteri.it\/it\/servizi-consolari-e-visti\/servizi-per-il-cittadino-straniero\/codice-fiscale\/\"><strong>qui<\/strong><\/a><\/p>\n<h6><strong>TRAMITE PORTALE FAST IT<\/strong><\/h6>\n<p><strong><u>Richiedere l\u2019attribuzione del codice fiscale<\/u><\/strong><\/p>\n<p>Esclusivamente i cittadini italiani maggiorenni iscritti all\u2019AIRE possono <strong>chiedere<\/strong> <strong>il codice fiscale<\/strong>, per se stessi e per i figli minorenni, attraverso il <a href=\"https:\/\/serviziconsolari.esteri.it\/#_blank\"><strong>portale FAST IT<\/strong><\/a> accedendo al relativo servizio e seguendo le indicazioni. Sempre attraverso il <strong>portale Fast-it<\/strong> sar\u00e0 possibile scaricare il certificato di attestazione del codice fiscale, una volta che sar\u00e0 stata completata la lavorazione della pratica.<\/p>\n<p><strong><em>Come? <\/em><\/strong><\/p>\n<ol>\n<li>Registrati al <a href=\"https:\/\/serviziconsolari.esteri.it\/#_blank\"><strong>portale FAST IT<\/strong><\/a> oppure accedi se hai gi\u00e0 un account attivo;<\/li>\n<li>Clicca su \u201cAnagrafe Consolare e AIRE\u201d e poi su\u00a0\u201c<strong>Attribuzione Codice Fiscale<\/strong>\u201d;<\/li>\n<li>Conferma i dati e avvia la richiesta;<\/li>\n<li>Scarica in autonomia (download) il certificato di attribuzione del Codice Fiscale.<\/li>\n<\/ol>\n<p><strong><em>Se non riesci a scaricare\u00a0il certificato di attribuzione del Codice Fiscale:<\/em><\/strong><\/p>\n<ol>\n<li>Registrati sul\u00a0<a href=\"https:\/\/serviziconsolari.esteri.it\/#_blank\"><strong>portale FAST IT<\/strong><\/a>, oppure accedi se hai gi\u00e0 un account attivo;<\/li>\n<li>Richiedi la \u201cAssociazione Online\u201d cliccando su \u201cAnagrafe Consolare e AIRE\u201d e poi su \u201cVisualizzare la propria scheda anagrafica\u201d;<\/li>\n<li>Riceverai sulla tua casella di posta il messaggio di avvenuta associazione.<\/li>\n<li>Accedi nuovamente al portale e scarica il certificato.<\/li>\n<\/ol>\n<p><strong><u>Richiedere il certificato di attestazione del codice fiscale<\/u><\/strong><\/p>\n<p>I cittadini maggiorenni iscritti all\u2019AIRE che <strong>hanno gi\u00e0 il codice fiscale<\/strong> possono <strong>scaricare direttamente il certificato di attestazione del codice fiscale <\/strong>attraverso il <a href=\"https:\/\/serviziconsolari.esteri.it\/#_blank\"><strong>portale FAST IT<\/strong><\/a>, accedendo al relativo servizio e seguendo le indicazioni fornite per chiedere il codice fiscale.<\/p>\n<p><strong><u>Cosa fare se il certificato non \u00e8 accettato da un\u00a0<em>provider<\/em>\u00a0per l\u2019attivazione dello SPID<\/u><\/strong><\/p>\n<p>Nei casi in cui il rilascio del certificato di attribuzione del codice fiscale venga richiesto ai fini dell\u2019attivazione dello SPID, e qualora il\u00a0<em>provider<\/em>\u00a0convenzionato dovesse rifiutare la validit\u00e0 del documento in sede di verifica del codice fiscale, si invita il connazionale a far presente al provider che l\u2019AGID ha emesso apposito Avviso con il quale\u00a0<strong>i providers sono tenuti a riconoscere come valide e autentiche le attestazioni di rilascio emesse dagli Uffici consolari all\u2019estero<\/strong>. \u00c8 possibile reperire detto Avviso al seguente link:\u00a0<a href=\"https:\/\/www.agid.gov.it\/sites\/default\/files\/repository_files\/spid-avviso-n7v2-rilascio-identita-italiani-stabiliti-estero_f.pdf\">spid-avviso-n7v2-rilascio-identita-italiani-stabiliti-estero_f.pdf (agid.gov.it)<\/a><\/p>\n<p><strong><u>Cosa fare in caso di smarrimento o distruzione del certificato cartaceo o del tesserino plastificato<\/u><\/strong><\/p>\n<p>In caso di <strong>smarrimento o distruzione del certificato cartaceo o del tesserino plastificato<\/strong>, pu\u00f2 essere richiesto il duplicato con le stesse modalit\u00e0 dell\u2019attribuzione.<\/p>\n<p><strong>\u00a0<\/strong><\/p>\n<h6><strong>TRAMITE AGENZIA DELLE ENTRATE<\/strong><\/h6>\n<p>Il codice fiscale pu\u00f2 essere attribuito dall\u2019Agenzia delle Entrate, dipendente dal Ministero dell\u2019Economia e delle Finanze, a cittadini italiani (e a contribuenti stranieri residenti in Grecia, indipendentemente dalla loro nazionalit\u00e0), per il tramite di apposita richiesta indirizzata a questa Cancelleria Consolare.<\/p>\n<p><strong>Qualora l\u2019interessato si sia gi\u00e0 trasferito in Italia o sia intenzionato a farlo in tempi brevi, potr\u00e0 richiedere il Codice Fiscale direttamente in Italia, presso il competente ufficio dell\u2019Agenzia delle Entrate.<\/strong><\/p>\n<p><strong><u>Documentazione necessaria e modalit\u00e0 di richiesta<\/u><\/strong><\/p>\n<p>(Nota Bene: le richieste non conformi alle seguenti modalit\u00e0 di presentazione potranno essere trattate solo a seguito di opportuna integrazione da parte degli interessati. L\u2019Ambasciata non risponde di possibili ritardi nel rilascio del certificato di attribuzione del codice fiscale dovuti alla mancata o incorretta presentazione della documentazione necessaria da parte dell\u2019utenza).<\/p>\n<ol>\n<li><strong>Documentazione necessaria<\/strong><\/li>\n<\/ol>\n<ul>\n<li><a href=\"https:\/\/ambatene.esteri.it\/wp-content\/uploads\/2023\/07\/modulocodicefiscale_bilingue_2021.doc\"><strong>Modulo di richiesta<\/strong><\/a><strong>\u00a0<\/strong>debitamente compilato e sottoscritto;<\/li>\n<li><strong>Documento di riconoscimento<\/strong> (o fotocopia, nel caso di richiedente che non risiede nell\u2019Attica): carta di identit\u00e0 (greca o italiana), passaporto, atto di nascita o sua traduzione ufficiale da cui risultino nome e cognome dell\u2019interessato trascritti con caratteri latini (nel caso di minore a cui non sia stato ancora rilasciato un documento di identit\u00e0);<\/li>\n<li><strong>una sola<\/strong>\u00a0tra le seguenti prove di residenza in Grecia:<\/li>\n<\/ul>\n<ol>\n<li style=\"list-style-type: none;\">\n<ol>\n<li>attestato di iscrizione di cittadino U.E. (<em>\u0392\u03b5\u03b2\u03b1\u03af\u03c9\u03c3\u03b7 \u03b5\u03b3\u03b3\u03c1\u03b1\u03c6\u03ae\u03c2 \u03c0\u03bf\u03bb\u03af\u03c4\u03b7 \u0395\u03c5\u03c1\u03c9\u03c0\u03b1\u03ca\u03ba\u03ae\u03c2 \u0388\u03bd\u03c9\u03c3\u03b7\u03c2<\/em>);<\/li>\n<li>contratto di affitto\/acquisto casa a proprio nome;<\/li>\n<li>fattura dell\u2019energia elettrica, servizio idrico, telefono, gas (degli ultimi 3 mesi) intestata a proprio nome;<\/li>\n<li>estratto conto bancario;<\/li>\n<li>lettera di conferma di attribuzione di Codice Fiscale ellenico;<\/li>\n<li>lettera ufficiale di un ente Ellenico (o del datore di lavoro);<\/li>\n<li>lettera di conferma di frequenza dell\u2019Universit\u00e0;<\/li>\n<li>nel caso di persona che non disponga di una delle prove di residenza di cui sopra, Dichiarazione solenne (\u03a5\u03c0\u03b5\u03cd\u03b8\u03c5\u03bd\u03b7 \u03b4\u03ae\u03bb\u03c9\u03c3\u03b7) e copia del documento della persona che lo ospita presso la propria abitazione.<\/li>\n<\/ol>\n<\/li>\n<\/ol>\n<ol start=\"2\">\n<li><strong>Modalit\u00e0 di richiesta<\/strong><\/li>\n<\/ol>\n<ul>\n<li><strong>Personalmente, presso gli uffici della Cancelleria consolare: <\/strong>la persona interessata, munita della documentazione richiesta, dovr\u00e0 recarsi alla Cancelleria Consolare (Odos Patriarchou Ioakeim 38 \u2013 Kolonaki) negli orari di apertura al pubblico (lun.,mar.giov.ven.: 9.00-12.00; merc.: 14.00-17.00), <strong>previo appuntamento tramite<\/strong> <a href=\"https:\/\/prenotami.esteri.it\/\"><strong>Prenot@mi<\/strong><\/a>, e firmer\u00e0 l\u2019apposito\u00a0<a href=\"https:\/\/ambatene.esteri.it\/wp-content\/uploads\/2023\/07\/modulocodicefiscale_bilingue_2021.doc\"><strong>modulo di richiesta<\/strong><\/a>, disponibile anche presso l\u2019Ufficio, ricevendo il certificato di attribuzione del codice fiscale al termine della procedura di emissione.<\/li>\n<\/ul>\n<ul>\n<li><strong>A mezzo postale o tramite corriere: <\/strong>tramite invio, per posta o con corriere, di una busta contenente, oltre alla necessaria documentazione, anche una busta preaffrancata recante l\u2019indirizzo a cui si vuole sia spedito il certificato. L\u2019Ufficio provveder\u00e0 poi ad emettere il certificato di attribuzione del codice fiscale che verr\u00e0 inviato all\u2019interessato\u00a0<u>entro 20 giorni lavorativi dalla data in cui perverr\u00e0 la documentazione<\/u>. Si prega di indicare nel modulo di richiesta un numero telefonico e un indirizzo di posta elettronica per eventuali comunicazioni. Si precisa che la Cancelleria Consolare non si riterr\u00e0 responsabile di disguidi o ritardi nella consegna.<\/li>\n<\/ul>\n<ul>\n<li><strong>Per il rilascio di codice fiscale a un minore: <\/strong>nel caso di codice fiscale relativo a un minore di 18 anni, le modalit\u00e0 di attribuzione saranno le stesse di cui sopra, con l\u2019avvertenza per\u00f2 che\u00a0<strong>la richiesta dovr\u00e0 essere sottoscritta da uno dei genitori<\/strong>, il quale dovr\u00e0 anche fornire a questa Cancelleria Consolare copia del proprio documento identificativo in corso di validit\u00e0 e il proprio numero di codice fiscale (riportandolo sotto la propria firma nel modulo di richiesta, se l\u2019invio avviene a mezzo posta o corriere). Se il genitore non disponesse di un codice fiscale italiano, questo dovr\u00e0 essergli\/esserle rilasciato secondo le medesime modalit\u00e0 sopra riportate.<\/li>\n<\/ul>\n<p><u>Si fa presente che \u00e8 anche possibile ottenere una copia scansionata del certificato di attribuzione del codice fiscale tramite messaggio email inviato dalla Cancelleria Consolare<\/u>. Tale copia \u00e8\u00a0<strong>di norma<\/strong> accettata al pari dell\u2019originale da soggetti pubblici e privati in Italia. A tal fine, l\u2019interessato dovr\u00e0 inoltrare l\u2019apposita richiesta con un messaggio di posta elettronica indirizzato a: <a href=\"mailto:ambatene.consolare@esteri.it\"><strong>ambatene.consolare@esteri.it<\/strong><\/a>. Per richiedere il rilascio della semplice copia scansionata \u00e8 sufficiente inviare il\u00a0<a href=\"https:\/\/ambatene.esteri.it\/wp-content\/uploads\/2023\/07\/modulocodicefiscale_bilingue_2021.doc\"><strong>modulo di richiesta<\/strong><\/a><strong>\u00a0<\/strong>e copia di un valido documento di identit\u00e0 in formato PDF<strong>. Si fa presente che ogni singola richiesta di copia scansionata del certificato verr\u00e0 processata nel termine di 30 giorni\u00a0dalla sua ricezione<\/strong>.<\/p>\n<h5><strong>TESSERINO PLASTIFICATO<\/strong><\/h5>\n<p>Si fa innanzitutto presente che\u00a0<strong>il\u00a0Certificato di attribuzione del Codice fiscale<\/strong>\u00a0(vedi paragrafi sopra)\u00a0<strong>ha valenza perfettamente uguale a quella del tesserino plastificato<\/strong>, ed \u00e8 utilizzabile anche ai fini dell\u2019<strong>attivazione dello SPID<\/strong>\u00a0(link:\u00a0<a href=\"https:\/\/www.spid.gov.it\/\"><strong>https:\/\/www.spid.gov.it\/<\/strong><\/a>), il Sistema Pubblico d\u2019Identit\u00e0 Digitale che consente di accedere ai servizi online della Pubblica Amministrazione e dei privati aderenti.<\/p>\n<p><strong>Il tesserino plastificato non sar\u00e0 pertanto rilasciato al richiedente<\/strong>\u00a0se non in casi di comprovata necessit\u00e0. In tal caso il richiedente, oltre a motivare la propria richiesta, dovr\u00e0 fornire una busta preaffrancata con il proprio nominativo e indirizzo per la spedizione del tesserino o concordare con la Cancelleria Consolare le modalit\u00e0 di spedizione tramite corriere.<\/p>\n<p>Si fa presente che la\u00a0<strong>Tessera Sanitaria italiana<\/strong>, anche se scaduta, resta comunque valida come codice fiscale.<\/p>\n<p>Si ricorda infine che la\u00a0<strong>Carta d\u2019Identit\u00e0 Elettronica<\/strong>\u00a0(che riporta il codice fiscale del titolare) sta gradualmente sostituendo il tesserino plastificato rilasciato dall\u2019Agenzia delle Entrate. A questo\u00a0<a href=\"https:\/\/ambatene.esteri.it\/it\/servizi-consolari-e-visti\/servizi-per-il-cittadino-italiano\/documenti-di-viaggio\/2-carta-didentita-elettronica-c-i-e\/\"><strong>link<\/strong><\/a>\u00a0sono disponibili le informazioni per chiedere la Carta d\u2019Identit\u00e0 Elettronica. Si ricorda a tale proposito che essa pu\u00f2 essere richiesta unicamente dai cittadini italiani iscritti all\u2019AIRE in quanto residenti in Grecia.<\/p>\n<h5><strong>CODICE PIN PER FISCONLINE<\/strong><\/h5>\n<p>Il codice Pin permette di accedere ai servizi telematici di Fisconline a tutti i contribuenti persone fisiche (compresi i cittadini italiani residenti all\u2019estero) che non hanno i requisiti per essere abilitati al servizio Entratel.<\/p>\n<p><strong>Validazione del codice PIN<\/strong><\/p>\n<p>\u00c8 possibile richiedere a questa Cancelleria Consolare la validazione del codice PIN. I cittadini italiani residenti all\u2019estero e interessati all\u2019abilitazione ai servizi telematici dell\u2019Agenzia delle Entrate dovranno inviare via e-mail copia della richiesta del codice PIN unitamente a quella di un documento di riconoscimento in corso di validit\u00e0. \u00c8 preferibile indicare nel messaggio e-mail anche un proprio recapito telefonico, al quale poter essere contattati per concordare tempi e modalit\u00e0 della consegna. La Cancelleria Consolare provveder\u00e0 a validare la richiesta o eventualmente a ristampare le attestazioni di abilitazione per quei soggetti gi\u00e0 abilitati che lo richiedano. Se la richiesta di abilitazione \u00e8 accettata, la Cancelleria Consolare consegner\u00e0 al richiedente le prime 4 cifre del codice PIN, la password per il primo accesso all\u2019area riservata dei servizi telematici e le istruzioni per ottenere la seconda parte del codice PIN.<\/p>\n","protected":false},"excerpt":{"rendered":"Cos\u2019\u00e8 A cosa serve? Come presentare la richiesta Cos\u2019\u00e8 Il codice fiscale \u00e8 il codice alfanumerico rilasciato dall\u2019Agenzia delle Entrate per identificare il cittadino (italiano o straniero) nei rapporti con le amministrazioni pubbliche, i privati e gli enti, italiani. Per le persone fisiche il codice fiscale viene determinato sulla base dei dati anagrafici. A cosa [&hellip;]","protected":false},"author":1,"featured_media":0,"parent":47,"menu_order":5,"comment_status":"closed","ping_status":"closed","template":"","meta":{"footnotes":""},"class_list":["post-75","page","type-page","status-publish","hentry"],"_links":{"self":[{"href":"https:\/\/ambatene.esteri.it\/it\/wp-json\/wp\/v2\/pages\/75","targetHints":{"allow":["GET"]}}],"collection":[{"href":"https:\/\/ambatene.esteri.it\/it\/wp-json\/wp\/v2\/pages"}],"about":[{"href":"https:\/\/ambatene.esteri.it\/it\/wp-json\/wp\/v2\/types\/page"}],"author":[{"embeddable":true,"href":"https:\/\/ambatene.esteri.it\/it\/wp-json\/wp\/v2\/users\/1"}],"replies":[{"embeddable":true,"href":"https:\/\/ambatene.esteri.it\/it\/wp-json\/wp\/v2\/comments?post=75"}],"version-history":[{"count":6,"href":"https:\/\/ambatene.esteri.it\/it\/wp-json\/wp\/v2\/pages\/75\/revisions"}],"predecessor-version":[{"id":8755,"href":"https:\/\/ambatene.esteri.it\/it\/wp-json\/wp\/v2\/pages\/75\/revisions\/8755"}],"up":[{"embeddable":true,"href":"https:\/\/ambatene.esteri.it\/it\/wp-json\/wp\/v2\/pages\/47"}],"wp:attachment":[{"href":"https:\/\/ambatene.esteri.it\/it\/wp-json\/wp\/v2\/media?parent=75"}],"curies":[{"name":"wp","href":"https:\/\/api.w.org\/{rel}","templated":true}]}}