{"id":95,"date":"2023-04-11T18:23:52","date_gmt":"2023-04-11T16:23:52","guid":{"rendered":"https:\/\/ambasciatapraga.esteri.it\/?page_id=95"},"modified":"2025-12-11T18:23:29","modified_gmt":"2025-12-11T15:23:29","slug":"fare-affari-in-grecia","status":"publish","type":"page","link":"https:\/\/ambatene.esteri.it\/it\/italia-e-grecia\/diplomazia-economica\/fare-affari-in-grecia\/","title":{"rendered":"Fare affari in Grecia"},"content":{"rendered":"<p>L\u2019Ufficio economico e commerciale dell\u2019Ambasciata d\u2019Italia ad Atene si occupa del coordinamento delle attivit\u00e0 di promozione economica in Grecia, con l\u2019obiettivo di tutelare gli interessi economici italiani nel paese, nonch\u00e9 di sostenere la crescita dell\u2019interscambio commerciale e dei flussi di investimento tra i due mercati. Cura gli interessi delle imprese italiane con azioni di supporto e interventi presso le autorit\u00e0 elleniche, in particolare in relazione a gare di appalti, commesse pubbliche, accesso al mercato e protezione degli investimenti. Intrattiene rapporti con enti e Autorit\u00e0 elleniche competenti nel settore economico-commerciale e finanziario e assicura un flusso costante di informazioni sull\u2019andamento congiunturale dell\u2019economica locale, sulle scelte di politica economica e sulla situazione del mercato.<\/p>\n<p>L\u2019Ufficio segue, inoltre, le attivit\u00e0 finalizzate alla promozione scientifica e allo sviluppo tecnologico, nonch\u00e9 realizza azioni di sostegno al collegamento tra universit\u00e0, ricerca e industria.<\/p>\n<p>A tal fine intrattiene regolari contatti con le imprese italiane presenti sul territorio e con quelle che dall\u2019Italia manifestano interesse per investire in Grecia, in costante raccordo e collaborazione con l\u2019Ufficio ICE di Atene e con le due Camere di Commercio italo-elleniche presenti nel Paese <strong>(<a href=\"http:\/\/italia.gr\/\">Atene<\/a><\/strong>\u00a0e\u00a0<strong><a href=\"http:\/\/www.italchamber.gr\/\">Salonicco<\/a>).<\/strong><\/p>\n<p>La strategia di promozione \u00e8 attuata grazie al coordinamento con le succitate Camere di Commercio e con i maggiori soggetti istituzionali in Grecia e in Italia, anche attraverso periodiche riunioni.<\/p>\n<p>Per una panoramica sul mercato greco si pu\u00f2 consultare l\u2019ultima edizione della guida \u201cDiplomazia della crescita: destinazione Grecia\u201d, realizzata dall\u2019Ambasciata d\u2019Italia a Atene con il contributo dell\u2019Ufficio ICE-Agenzia di Atene e disponibile a questo <strong><a href=\"https:\/\/ambatene.esteri.it\/wp-content\/uploads\/2025\/12\/GUIDA-FARE-AFFARI-DESTINAZIONE-GRECIA-2025.pdf\">link<\/a><\/strong>.<\/p>\n<p><strong>Contatti<\/strong><br \/>\nCapo Ufficio &#8211; Primo Segretario Mario Savona<br \/>\nTel.: +302103617260 \u2013 int. 125<br \/>\nFax: +30 210 3617330<br \/>\nE-mail:\u00a0<strong><a href=\"mailto:commerciale.atene@esteri.it\">commerciale.atene@esteri.it<\/a><\/strong><\/p>\n<p><strong>ICE \u2013 Ufficio di Atene <\/strong><\/p>\n<p>Agenzia per la promozione all\u2019estero e l\u2019internazionalizzazione delle imprese italiane &#8211; Sezione per la Promozione degli Scambi dell\u2019Ambasciata d\u2019Italia<br \/>\ne-mail:\u00a0<strong><a href=\"mailto:atene@ice.it\">atene@ice.it<\/a><\/strong><br \/>\nDirettore: Fabrizio Camastra<\/p>\n<p><strong>CamCom Atene<\/strong><\/p>\n<p><strong><a href=\"https:\/\/www.italia.gr\/it\/home-2\/\">Camera di Commercio italo-ellenica di Atene<\/a><\/strong><br \/>\nMarnis &amp; Averof, 4<br \/>\n10433 Atene<br \/>\nTel.: +30 210 72 13 209 &#8211; +30 210 52 39 430<br \/>\nFax: +30 210 72 13 212<\/p>\n<p><strong>CamCom Salonicco<\/strong><\/p>\n<p><strong><a href=\"https:\/\/www.italchamber.gr\/\">Camera di Commercio italo-ellenica di Salonicco<\/a><\/strong><br \/>\nKon. Karamanli, 47<br \/>\n54639 Salonicco<br \/>\nTel.: +30 2310 95 12 72 &#8211; +30 2310 94 77 44<br \/>\nFax: +30 2310 95 15 42<\/p>\n<p><strong>Link utili<\/strong><\/p>\n<ul>\n<li>Per consultare le gare d&#8217;appalto e di public procurment dello Stato ellenico, \u00e8 possibile consultare il portale governativo\u00a0<strong><a href=\"http:\/\/www.eprocurement.gov.gr\/\">Prometheus<\/a>,<\/strong> in lingua greca.<\/li>\n<li><a href=\"https:\/\/hradf.com\/en\/procurement-invitations\/\"><strong>A<\/strong> <strong>questo link<\/strong><\/a>\u00a0sono presenti le gare d&#8217;appalto promosse dal\u00a0Fondo ellenico per le Privatizzazioni.<\/li>\n<li>\u00c8 inoltre possibile consultare\u00a0<strong><a href=\"https:\/\/export.gov.it\/\">export.gov.it<\/a>,<\/strong>\u00a0strumento dedicato alle imprese italiane per orientarsi nel mondo dell\u2019export e accedere pi\u00f9 agevolmente a tutti i servizi di supporto per l\u2019internazionalizzazione d\u2019impresa, frutto della cooperazione tra il\u00a0Ministero degli Affari Esteri e della Cooperazione Internazionale, Agenzia ICE, SACE e SIMEST.<\/li>\n<\/ul>\n","protected":false},"excerpt":{"rendered":"L\u2019Ufficio economico e commerciale dell\u2019Ambasciata d\u2019Italia ad Atene si occupa del coordinamento delle attivit\u00e0 di promozione economica in Grecia, con l\u2019obiettivo di tutelare gli interessi economici italiani nel paese, nonch\u00e9 di sostenere la crescita dell\u2019interscambio commerciale e dei flussi di investimento tra i due mercati. Cura gli interessi delle imprese italiane con azioni di supporto [&hellip;]","protected":false},"author":1,"featured_media":0,"parent":43,"menu_order":0,"comment_status":"closed","ping_status":"closed","template":"","meta":{"footnotes":""},"class_list":["post-95","page","type-page","status-publish","hentry"],"_links":{"self":[{"href":"https:\/\/ambatene.esteri.it\/it\/wp-json\/wp\/v2\/pages\/95","targetHints":{"allow":["GET"]}}],"collection":[{"href":"https:\/\/ambatene.esteri.it\/it\/wp-json\/wp\/v2\/pages"}],"about":[{"href":"https:\/\/ambatene.esteri.it\/it\/wp-json\/wp\/v2\/types\/page"}],"author":[{"embeddable":true,"href":"https:\/\/ambatene.esteri.it\/it\/wp-json\/wp\/v2\/users\/1"}],"replies":[{"embeddable":true,"href":"https:\/\/ambatene.esteri.it\/it\/wp-json\/wp\/v2\/comments?post=95"}],"version-history":[{"count":6,"href":"https:\/\/ambatene.esteri.it\/it\/wp-json\/wp\/v2\/pages\/95\/revisions"}],"predecessor-version":[{"id":8250,"href":"https:\/\/ambatene.esteri.it\/it\/wp-json\/wp\/v2\/pages\/95\/revisions\/8250"}],"up":[{"embeddable":true,"href":"https:\/\/ambatene.esteri.it\/it\/wp-json\/wp\/v2\/pages\/43"}],"wp:attachment":[{"href":"https:\/\/ambatene.esteri.it\/it\/wp-json\/wp\/v2\/media?parent=95"}],"curies":[{"name":"wp","href":"https:\/\/api.w.org\/{rel}","templated":true}]}}